{"id":54432,"date":"2024-11-05T16:15:39","date_gmt":"2024-11-05T15:15:39","guid":{"rendered":"https:\/\/eberhard.ntyagency.net\/product\/eberhard-co-penna-super-hero-special-edition\/"},"modified":"2025-03-20T20:17:37","modified_gmt":"2025-03-20T19:17:37","slug":"eberhard-co-penna-super-hero-special-edition","status":"publish","type":"product","link":"https:\/\/eberhard.ntyagency.net\/fr\/product\/eberhard-co-penna-super-hero-special-edition\/","title":{"rendered":"Stylo &#8220;Super Hero&#8221;<br> <h8>\u00c9dition Sp\u00e9ciale<\/h8>"},"content":{"rendered":"<p>Eberhard &amp; Co., en collaboration avec Edelberg, prestigieuse marque sp\u00e9cialis\u00e9e en accessoires high-tech et instruments d\u2019\u00e9criture, propose une \u00e9dition sp\u00e9ciale du stylo \u00ab Super Hero \u00bb au design minimaliste et au style contemporain. Inspir\u00e9 par la forme d\u2019un crayon, ce mod\u00e8le est r\u00e9alis\u00e9 dans la couleur bleue embl\u00e9matique d\u2019Eberhard &amp; Co., avec un capuchon personnalis\u00e9 par l&#8217;\u00e9cusson \u00ab E \u00bb\u2014embl\u00e8me de la Maison\u2014trait\u00e9 en SuperLuminova.<\/p>\n<p>Dimensions : 12 mm<br \/>\nStylo \u00e0 bille : Recharge 1.2 \u2013 encre noire<br \/>\nMat\u00e9riau : Aluminium 6026 T6, bleu<br \/>\nCapuchon personnalis\u00e9 avec l\u2019\u00e9cusson \u00ab E \u00bb en SuperLuminova<\/p>\n<p>Retours<br \/>\nLes retours ne sont pas accept\u00e9s pour les articles personnalis\u00e9s.<\/p>\n","protected":false},"excerpt":{"rendered":"<p>Eberhard &amp; Co., en collaboration avec Edelberg, prestigieuse marque sp\u00e9cialis\u00e9e en accessoires high-tech et instruments d\u2019\u00e9criture, propose une \u00e9dition sp\u00e9ciale du stylo \u00ab Super Hero \u00bb au design minimaliste et au style contemporain. Inspir\u00e9 par la forme d\u2019un crayon, ce mod\u00e8le est r\u00e9alis\u00e9 dans la couleur bleue embl\u00e9matique d\u2019Eberhard &amp; Co., avec un capuchon personnalis\u00e9 [&hellip;]<\/p>\n","protected":false},"featured_media":42729,"template":"","meta":{"_acf_changed":false,"_seopress_robots_primary_cat":"none","_seopress_titles_title":"","_seopress_titles_desc":"","_seopress_robots_index":"","inline_featured_image":false},"product_cat":[925],"product_tag":[],"collection":[],"class_list":{"0":"post-54432","1":"product","2":"type-product","3":"status-publish","4":"has-post-thumbnail","6":"product_cat-super-hero-fr","8":"first","9":"instock","10":"shipping-taxable","11":"purchasable","12":"product-type-simple"},"acf":[],"yoast_head":"<!-- This site is optimized with the Yoast SEO plugin v23.9 - https:\/\/yoast.com\/wordpress\/plugins\/seo\/ -->\n<title>Stylo &quot;Super Hero&quot; \u00c9dition Sp\u00e9ciale - Eberhard &amp; Co.<\/title>\n<meta name=\"description\" content=\"Eberhard &amp; Co., en collaboration avec Edelberg, prestigieuse marque sp\u00e9cialis\u00e9e en accessoires high-tech et instruments d\u2019\u00e9criture, propose une\" \/>\n<meta name=\"robots\" content=\"index, follow, max-snippet:-1, max-image-preview:large, max-video-preview:-1\" \/>\n<link rel=\"canonical\" href=\"https:\/\/eberhard.ntyagency.net\/fr\/product\/eberhard-co-penna-super-hero-special-edition\/\" \/>\n<meta property=\"og:locale\" content=\"fr_FR\" \/>\n<meta property=\"og:type\" content=\"article\" \/>\n<meta property=\"og:title\" content=\"Stylo &quot;Super Hero&quot; \u00c9dition Sp\u00e9ciale - Eberhard &amp; Co.\" \/>\n<meta property=\"og:description\" content=\"Eberhard &amp; Co., en collaboration avec Edelberg, prestigieuse marque sp\u00e9cialis\u00e9e en accessoires high-tech et instruments d\u2019\u00e9criture, propose une\" \/>\n<meta property=\"og:url\" content=\"https:\/\/eberhard.ntyagency.net\/fr\/product\/eberhard-co-penna-super-hero-special-edition\/\" \/>\n<meta property=\"og:site_name\" content=\"Eberhard &amp; Co.\" \/>\n<meta property=\"article:modified_time\" content=\"2025-03-20T19:17:37+00:00\" \/>\n<meta property=\"og:image\" content=\"https:\/\/eberhard.ntyagency.net\/wp-content\/uploads\/2024\/11\/penna-packaging1-1024x768-1.jpg\" \/>\n\t<meta property=\"og:image:width\" content=\"1024\" \/>\n\t<meta property=\"og:image:height\" content=\"768\" \/>\n\t<meta property=\"og:image:type\" content=\"image\/jpeg\" \/>\n<meta name=\"twitter:card\" content=\"summary_large_image\" \/>\n<script type=\"application\/ld+json\" class=\"yoast-schema-graph\">{\"@context\":\"https:\/\/schema.org\",\"@graph\":[{\"@type\":\"WebPage\",\"@id\":\"https:\/\/eberhard.ntyagency.net\/fr\/product\/eberhard-co-penna-super-hero-special-edition\/\",\"url\":\"https:\/\/eberhard.ntyagency.net\/fr\/product\/eberhard-co-penna-super-hero-special-edition\/\",\"name\":\"Stylo \\\"Super Hero\\\" \u00c9dition Sp\u00e9ciale - Eberhard &amp; Co.\",\"isPartOf\":{\"@id\":\"https:\/\/eberhard.ntyagency.net\/fr\/#website\"},\"primaryImageOfPage\":{\"@id\":\"https:\/\/eberhard.ntyagency.net\/fr\/product\/eberhard-co-penna-super-hero-special-edition\/#primaryimage\"},\"image\":{\"@id\":\"https:\/\/eberhard.ntyagency.net\/fr\/product\/eberhard-co-penna-super-hero-special-edition\/#primaryimage\"},\"thumbnailUrl\":\"https:\/\/eberhard.ntyagency.net\/wp-content\/uploads\/2024\/11\/penna-packaging1-1024x768-1.jpg\",\"datePublished\":\"2024-11-05T15:15:39+00:00\",\"dateModified\":\"2025-03-20T19:17:37+00:00\",\"description\":\"Eberhard &amp; Co., en collaboration avec Edelberg, prestigieuse marque sp\u00e9cialis\u00e9e en accessoires high-tech et instruments d\u2019\u00e9criture, propose une\",\"breadcrumb\":{\"@id\":\"https:\/\/eberhard.ntyagency.net\/fr\/product\/eberhard-co-penna-super-hero-special-edition\/#breadcrumb\"},\"inLanguage\":\"fr-FR\",\"potentialAction\":[{\"@type\":\"ReadAction\",\"target\":[\"https:\/\/eberhard.ntyagency.net\/fr\/product\/eberhard-co-penna-super-hero-special-edition\/\"]}]},{\"@type\":\"ImageObject\",\"inLanguage\":\"fr-FR\",\"@id\":\"https:\/\/eberhard.ntyagency.net\/fr\/product\/eberhard-co-penna-super-hero-special-edition\/#primaryimage\",\"url\":\"https:\/\/eberhard.ntyagency.net\/wp-content\/uploads\/2024\/11\/penna-packaging1-1024x768-1.jpg\",\"contentUrl\":\"https:\/\/eberhard.ntyagency.net\/wp-content\/uploads\/2024\/11\/penna-packaging1-1024x768-1.jpg\",\"width\":1024,\"height\":768},{\"@type\":\"BreadcrumbList\",\"@id\":\"https:\/\/eberhard.ntyagency.net\/fr\/product\/eberhard-co-penna-super-hero-special-edition\/#breadcrumb\",\"itemListElement\":[{\"@type\":\"ListItem\",\"position\":1,\"name\":\"Negozio\",\"item\":\"https:\/\/eberhard.ntyagency.net\/negozio\/\"},{\"@type\":\"ListItem\",\"position\":2,\"name\":\"Stylo &#8220;Super Hero&#8221; \u00c9dition Sp\u00e9ciale\"}]},{\"@type\":\"WebSite\",\"@id\":\"https:\/\/eberhard.ntyagency.net\/fr\/#website\",\"url\":\"https:\/\/eberhard.ntyagency.net\/fr\/\",\"name\":\"Eberhard &amp; Co.\",\"description\":\"\",\"publisher\":{\"@id\":\"https:\/\/eberhard.ntyagency.net\/fr\/#organization\"},\"potentialAction\":[{\"@type\":\"SearchAction\",\"target\":{\"@type\":\"EntryPoint\",\"urlTemplate\":\"https:\/\/eberhard.ntyagency.net\/fr\/?s={search_term_string}\"},\"query-input\":{\"@type\":\"PropertyValueSpecification\",\"valueRequired\":true,\"valueName\":\"search_term_string\"}}],\"inLanguage\":\"fr-FR\"},{\"@type\":\"Organization\",\"@id\":\"https:\/\/eberhard.ntyagency.net\/fr\/#organization\",\"name\":\"Eberhard & Co. Watches\",\"url\":\"https:\/\/eberhard.ntyagency.net\/fr\/\",\"logo\":{\"@type\":\"ImageObject\",\"inLanguage\":\"fr-FR\",\"@id\":\"https:\/\/eberhard.ntyagency.net\/fr\/#\/schema\/logo\/image\/\",\"url\":\"\",\"contentUrl\":\"\",\"caption\":\"Eberhard & Co. Watches\"},\"image\":{\"@id\":\"https:\/\/eberhard.ntyagency.net\/fr\/#\/schema\/logo\/image\/\"}}]}<\/script>\n<!-- \/ Yoast SEO plugin. -->","yoast_head_json":{"title":"Stylo \"Super Hero\" \u00c9dition Sp\u00e9ciale - Eberhard &amp; Co.","description":"Eberhard &amp; Co., en collaboration avec Edelberg, prestigieuse marque sp\u00e9cialis\u00e9e en accessoires high-tech et instruments d\u2019\u00e9criture, propose une","robots":{"index":"index","follow":"follow","max-snippet":"max-snippet:-1","max-image-preview":"max-image-preview:large","max-video-preview":"max-video-preview:-1"},"canonical":"https:\/\/eberhard.ntyagency.net\/fr\/product\/eberhard-co-penna-super-hero-special-edition\/","og_locale":"fr_FR","og_type":"article","og_title":"Stylo \"Super Hero\" \u00c9dition Sp\u00e9ciale - Eberhard &amp; Co.","og_description":"Eberhard &amp; Co., en collaboration avec Edelberg, prestigieuse marque sp\u00e9cialis\u00e9e en accessoires high-tech et instruments d\u2019\u00e9criture, propose une","og_url":"https:\/\/eberhard.ntyagency.net\/fr\/product\/eberhard-co-penna-super-hero-special-edition\/","og_site_name":"Eberhard &amp; Co.","article_modified_time":"2025-03-20T19:17:37+00:00","og_image":[{"width":1024,"height":768,"url":"https:\/\/eberhard.ntyagency.net\/wp-content\/uploads\/2024\/11\/penna-packaging1-1024x768-1.jpg","type":"image\/jpeg"}],"twitter_card":"summary_large_image","schema":{"@context":"https:\/\/schema.org","@graph":[{"@type":"WebPage","@id":"https:\/\/eberhard.ntyagency.net\/fr\/product\/eberhard-co-penna-super-hero-special-edition\/","url":"https:\/\/eberhard.ntyagency.net\/fr\/product\/eberhard-co-penna-super-hero-special-edition\/","name":"Stylo \"Super Hero\" \u00c9dition Sp\u00e9ciale - Eberhard &amp; Co.","isPartOf":{"@id":"https:\/\/eberhard.ntyagency.net\/fr\/#website"},"primaryImageOfPage":{"@id":"https:\/\/eberhard.ntyagency.net\/fr\/product\/eberhard-co-penna-super-hero-special-edition\/#primaryimage"},"image":{"@id":"https:\/\/eberhard.ntyagency.net\/fr\/product\/eberhard-co-penna-super-hero-special-edition\/#primaryimage"},"thumbnailUrl":"https:\/\/eberhard.ntyagency.net\/wp-content\/uploads\/2024\/11\/penna-packaging1-1024x768-1.jpg","datePublished":"2024-11-05T15:15:39+00:00","dateModified":"2025-03-20T19:17:37+00:00","description":"Eberhard &amp; Co., en collaboration avec Edelberg, prestigieuse marque sp\u00e9cialis\u00e9e en accessoires high-tech et instruments d\u2019\u00e9criture, propose une","breadcrumb":{"@id":"https:\/\/eberhard.ntyagency.net\/fr\/product\/eberhard-co-penna-super-hero-special-edition\/#breadcrumb"},"inLanguage":"fr-FR","potentialAction":[{"@type":"ReadAction","target":["https:\/\/eberhard.ntyagency.net\/fr\/product\/eberhard-co-penna-super-hero-special-edition\/"]}]},{"@type":"ImageObject","inLanguage":"fr-FR","@id":"https:\/\/eberhard.ntyagency.net\/fr\/product\/eberhard-co-penna-super-hero-special-edition\/#primaryimage","url":"https:\/\/eberhard.ntyagency.net\/wp-content\/uploads\/2024\/11\/penna-packaging1-1024x768-1.jpg","contentUrl":"https:\/\/eberhard.ntyagency.net\/wp-content\/uploads\/2024\/11\/penna-packaging1-1024x768-1.jpg","width":1024,"height":768},{"@type":"BreadcrumbList","@id":"https:\/\/eberhard.ntyagency.net\/fr\/product\/eberhard-co-penna-super-hero-special-edition\/#breadcrumb","itemListElement":[{"@type":"ListItem","position":1,"name":"Negozio","item":"https:\/\/eberhard.ntyagency.net\/negozio\/"},{"@type":"ListItem","position":2,"name":"Stylo &#8220;Super Hero&#8221; \u00c9dition Sp\u00e9ciale"}]},{"@type":"WebSite","@id":"https:\/\/eberhard.ntyagency.net\/fr\/#website","url":"https:\/\/eberhard.ntyagency.net\/fr\/","name":"Eberhard &amp; Co.","description":"","publisher":{"@id":"https:\/\/eberhard.ntyagency.net\/fr\/#organization"},"potentialAction":[{"@type":"SearchAction","target":{"@type":"EntryPoint","urlTemplate":"https:\/\/eberhard.ntyagency.net\/fr\/?s={search_term_string}"},"query-input":{"@type":"PropertyValueSpecification","valueRequired":true,"valueName":"search_term_string"}}],"inLanguage":"fr-FR"},{"@type":"Organization","@id":"https:\/\/eberhard.ntyagency.net\/fr\/#organization","name":"Eberhard & Co. Watches","url":"https:\/\/eberhard.ntyagency.net\/fr\/","logo":{"@type":"ImageObject","inLanguage":"fr-FR","@id":"https:\/\/eberhard.ntyagency.net\/fr\/#\/schema\/logo\/image\/","url":"","contentUrl":"","caption":"Eberhard & Co. Watches"},"image":{"@id":"https:\/\/eberhard.ntyagency.net\/fr\/#\/schema\/logo\/image\/"}}]}},"_links":{"self":[{"href":"https:\/\/eberhard.ntyagency.net\/fr\/wp-json\/wp\/v2\/product\/54432","targetHints":{"allow":["GET"]}}],"collection":[{"href":"https:\/\/eberhard.ntyagency.net\/fr\/wp-json\/wp\/v2\/product"}],"about":[{"href":"https:\/\/eberhard.ntyagency.net\/fr\/wp-json\/wp\/v2\/types\/product"}],"wp:featuredmedia":[{"embeddable":true,"href":"https:\/\/eberhard.ntyagency.net\/fr\/wp-json\/wp\/v2\/media\/42729"}],"wp:attachment":[{"href":"https:\/\/eberhard.ntyagency.net\/fr\/wp-json\/wp\/v2\/media?parent=54432"}],"wp:term":[{"taxonomy":"product_cat","embeddable":true,"href":"https:\/\/eberhard.ntyagency.net\/fr\/wp-json\/wp\/v2\/product_cat?post=54432"},{"taxonomy":"product_tag","embeddable":true,"href":"https:\/\/eberhard.ntyagency.net\/fr\/wp-json\/wp\/v2\/product_tag?post=54432"},{"taxonomy":"collection","embeddable":true,"href":"https:\/\/eberhard.ntyagency.net\/fr\/wp-json\/wp\/v2\/collection?post=54432"}],"curies":[{"name":"wp","href":"https:\/\/api.w.org\/{rel}","templated":true}]}}