{"id":54429,"date":"2024-11-05T16:55:41","date_gmt":"2024-11-05T15:55:41","guid":{"rendered":"https:\/\/eberhard.ntyagency.net\/product\/eberhard-co-the-art-of-defying-time-version-without-showcase\/"},"modified":"2025-03-20T20:16:18","modified_gmt":"2025-03-20T19:16:18","slug":"eberhard-co-the-art-of-defying-time-version-without-showcase","status":"publish","type":"product","link":"https:\/\/eberhard.ntyagency.net\/fr\/product\/eberhard-co-the-art-of-defying-time-version-without-showcase\/","title":{"rendered":"Eberhard &#038; Co.: L&#8217;Art de D\u00e9fier le Temps <\/br><h8>(Version sans coffret)<\/h8>"},"content":{"rendered":"<p>Un nouveau projet voit aujourd\u2019hui le jour : un livre racontant l\u2019histoire de la Maison, des personnalit\u00e9s qui l\u2019ont construite, ainsi que de celles qui ont su en faire l\u2019une des marques horlog\u00e8res les plus appr\u00e9ci\u00e9es et convoit\u00e9es. Un ouvrage hommage permettant aussi de retracer et c\u00e9l\u00e9brer une saga exceptionnelle (tant d\u2019un point de vue familial, industriel qu\u2019entrepreneurial) et de d\u00e9voiler trois aventures remarquables, entrem\u00eal\u00e9es avec la \u00ab grande histoire \u00bb du XX\u1d49 si\u00e8cle.<\/p>\n<p>Le tout magistralement racont\u00e9 par Giosu\u00e8 Boetto Cohen.<\/p>\n","protected":false},"excerpt":{"rendered":"<p>Un nouveau projet voit aujourd\u2019hui le jour : un livre racontant l\u2019histoire de la Maison, des personnalit\u00e9s qui l\u2019ont construite, ainsi que de celles qui ont su en faire l\u2019une des marques horlog\u00e8res les plus appr\u00e9ci\u00e9es et convoit\u00e9es. Un ouvrage hommage permettant aussi de retracer et c\u00e9l\u00e9brer une saga exceptionnelle (tant d\u2019un point de vue [&hellip;]<\/p>\n","protected":false},"featured_media":42805,"template":"","meta":{"_acf_changed":false,"_seopress_robots_primary_cat":"none","_seopress_titles_title":"","_seopress_titles_desc":"","_seopress_robots_index":"","inline_featured_image":false},"product_cat":[922],"product_tag":[],"collection":[],"class_list":{"0":"post-54429","1":"product","2":"type-product","3":"status-publish","4":"has-post-thumbnail","6":"product_cat-book-fr","7":"product_shipping_class-spedizione-versione-senza-teca","9":"first","10":"instock","11":"shipping-taxable","12":"purchasable","13":"product-type-variable"},"acf":[],"yoast_head":"<!-- This site is optimized with the Yoast SEO plugin v23.9 - https:\/\/yoast.com\/wordpress\/plugins\/seo\/ -->\n<title>Eberhard &amp; Co.: L&#039;Art de D\u00e9fier le Temps (Version sans coffret) - Eberhard &amp; Co.<\/title>\n<meta name=\"description\" content=\"Un nouveau projet voit aujourd\u2019hui le jour : un livre racontant l\u2019histoire de la Maison, des personnalit\u00e9s qui l\u2019ont construite, ainsi que de celles qui\" \/>\n<meta name=\"robots\" content=\"index, follow, max-snippet:-1, max-image-preview:large, max-video-preview:-1\" \/>\n<link rel=\"canonical\" href=\"https:\/\/eberhard.ntyagency.net\/fr\/product\/eberhard-co-the-art-of-defying-time-version-without-showcase\/\" \/>\n<meta property=\"og:locale\" content=\"fr_FR\" \/>\n<meta property=\"og:type\" content=\"article\" \/>\n<meta property=\"og:title\" content=\"Eberhard &amp; Co.: L&#039;Art de D\u00e9fier le Temps (Version sans coffret) - Eberhard &amp; Co.\" \/>\n<meta property=\"og:description\" content=\"Un nouveau projet voit aujourd\u2019hui le jour : un livre racontant l\u2019histoire de la Maison, des personnalit\u00e9s qui l\u2019ont construite, ainsi que de celles qui\" \/>\n<meta property=\"og:url\" content=\"https:\/\/eberhard.ntyagency.net\/fr\/product\/eberhard-co-the-art-of-defying-time-version-without-showcase\/\" \/>\n<meta property=\"og:site_name\" content=\"Eberhard &amp; Co.\" \/>\n<meta property=\"article:modified_time\" content=\"2025-03-20T19:16:18+00:00\" \/>\n<meta property=\"og:image\" content=\"https:\/\/eberhard.ntyagency.net\/wp-content\/uploads\/2024\/11\/libro-840x840-ita.jpg\" \/>\n\t<meta property=\"og:image:width\" content=\"840\" \/>\n\t<meta property=\"og:image:height\" content=\"840\" \/>\n\t<meta property=\"og:image:type\" content=\"image\/jpeg\" \/>\n<meta name=\"twitter:card\" content=\"summary_large_image\" \/>\n<script type=\"application\/ld+json\" class=\"yoast-schema-graph\">{\"@context\":\"https:\/\/schema.org\",\"@graph\":[{\"@type\":\"WebPage\",\"@id\":\"https:\/\/eberhard.ntyagency.net\/fr\/product\/eberhard-co-the-art-of-defying-time-version-without-showcase\/\",\"url\":\"https:\/\/eberhard.ntyagency.net\/fr\/product\/eberhard-co-the-art-of-defying-time-version-without-showcase\/\",\"name\":\"Eberhard & Co.: L'Art de D\u00e9fier le Temps (Version sans coffret) - Eberhard &amp; Co.\",\"isPartOf\":{\"@id\":\"https:\/\/eberhard.ntyagency.net\/fr\/#website\"},\"primaryImageOfPage\":{\"@id\":\"https:\/\/eberhard.ntyagency.net\/fr\/product\/eberhard-co-the-art-of-defying-time-version-without-showcase\/#primaryimage\"},\"image\":{\"@id\":\"https:\/\/eberhard.ntyagency.net\/fr\/product\/eberhard-co-the-art-of-defying-time-version-without-showcase\/#primaryimage\"},\"thumbnailUrl\":\"https:\/\/eberhard.ntyagency.net\/wp-content\/uploads\/2024\/11\/libro-840x840-ita.jpg\",\"datePublished\":\"2024-11-05T15:55:41+00:00\",\"dateModified\":\"2025-03-20T19:16:18+00:00\",\"description\":\"Un nouveau projet voit aujourd\u2019hui le jour : un livre racontant l\u2019histoire de la Maison, des personnalit\u00e9s qui l\u2019ont construite, ainsi que de celles qui\",\"breadcrumb\":{\"@id\":\"https:\/\/eberhard.ntyagency.net\/fr\/product\/eberhard-co-the-art-of-defying-time-version-without-showcase\/#breadcrumb\"},\"inLanguage\":\"fr-FR\",\"potentialAction\":[{\"@type\":\"ReadAction\",\"target\":[\"https:\/\/eberhard.ntyagency.net\/fr\/product\/eberhard-co-the-art-of-defying-time-version-without-showcase\/\"]}]},{\"@type\":\"ImageObject\",\"inLanguage\":\"fr-FR\",\"@id\":\"https:\/\/eberhard.ntyagency.net\/fr\/product\/eberhard-co-the-art-of-defying-time-version-without-showcase\/#primaryimage\",\"url\":\"https:\/\/eberhard.ntyagency.net\/wp-content\/uploads\/2024\/11\/libro-840x840-ita.jpg\",\"contentUrl\":\"https:\/\/eberhard.ntyagency.net\/wp-content\/uploads\/2024\/11\/libro-840x840-ita.jpg\",\"width\":840,\"height\":840},{\"@type\":\"BreadcrumbList\",\"@id\":\"https:\/\/eberhard.ntyagency.net\/fr\/product\/eberhard-co-the-art-of-defying-time-version-without-showcase\/#breadcrumb\",\"itemListElement\":[{\"@type\":\"ListItem\",\"position\":1,\"name\":\"Negozio\",\"item\":\"https:\/\/eberhard.ntyagency.net\/negozio\/\"},{\"@type\":\"ListItem\",\"position\":2,\"name\":\"Eberhard &#038; Co.: L&#8217;Art de D\u00e9fier le Temps (Version sans coffret)\"}]},{\"@type\":\"WebSite\",\"@id\":\"https:\/\/eberhard.ntyagency.net\/fr\/#website\",\"url\":\"https:\/\/eberhard.ntyagency.net\/fr\/\",\"name\":\"Eberhard &amp; Co.\",\"description\":\"\",\"publisher\":{\"@id\":\"https:\/\/eberhard.ntyagency.net\/fr\/#organization\"},\"potentialAction\":[{\"@type\":\"SearchAction\",\"target\":{\"@type\":\"EntryPoint\",\"urlTemplate\":\"https:\/\/eberhard.ntyagency.net\/fr\/?s={search_term_string}\"},\"query-input\":{\"@type\":\"PropertyValueSpecification\",\"valueRequired\":true,\"valueName\":\"search_term_string\"}}],\"inLanguage\":\"fr-FR\"},{\"@type\":\"Organization\",\"@id\":\"https:\/\/eberhard.ntyagency.net\/fr\/#organization\",\"name\":\"Eberhard & Co. Watches\",\"url\":\"https:\/\/eberhard.ntyagency.net\/fr\/\",\"logo\":{\"@type\":\"ImageObject\",\"inLanguage\":\"fr-FR\",\"@id\":\"https:\/\/eberhard.ntyagency.net\/fr\/#\/schema\/logo\/image\/\",\"url\":\"\",\"contentUrl\":\"\",\"caption\":\"Eberhard & Co. Watches\"},\"image\":{\"@id\":\"https:\/\/eberhard.ntyagency.net\/fr\/#\/schema\/logo\/image\/\"}}]}<\/script>\n<!-- \/ Yoast SEO plugin. -->","yoast_head_json":{"title":"Eberhard & Co.: L'Art de D\u00e9fier le Temps (Version sans coffret) - Eberhard &amp; Co.","description":"Un nouveau projet voit aujourd\u2019hui le jour : un livre racontant l\u2019histoire de la Maison, des personnalit\u00e9s qui l\u2019ont construite, ainsi que de celles qui","robots":{"index":"index","follow":"follow","max-snippet":"max-snippet:-1","max-image-preview":"max-image-preview:large","max-video-preview":"max-video-preview:-1"},"canonical":"https:\/\/eberhard.ntyagency.net\/fr\/product\/eberhard-co-the-art-of-defying-time-version-without-showcase\/","og_locale":"fr_FR","og_type":"article","og_title":"Eberhard & Co.: L'Art de D\u00e9fier le Temps (Version sans coffret) - Eberhard &amp; Co.","og_description":"Un nouveau projet voit aujourd\u2019hui le jour : un livre racontant l\u2019histoire de la Maison, des personnalit\u00e9s qui l\u2019ont construite, ainsi que de celles qui","og_url":"https:\/\/eberhard.ntyagency.net\/fr\/product\/eberhard-co-the-art-of-defying-time-version-without-showcase\/","og_site_name":"Eberhard &amp; Co.","article_modified_time":"2025-03-20T19:16:18+00:00","og_image":[{"width":840,"height":840,"url":"https:\/\/eberhard.ntyagency.net\/wp-content\/uploads\/2024\/11\/libro-840x840-ita.jpg","type":"image\/jpeg"}],"twitter_card":"summary_large_image","schema":{"@context":"https:\/\/schema.org","@graph":[{"@type":"WebPage","@id":"https:\/\/eberhard.ntyagency.net\/fr\/product\/eberhard-co-the-art-of-defying-time-version-without-showcase\/","url":"https:\/\/eberhard.ntyagency.net\/fr\/product\/eberhard-co-the-art-of-defying-time-version-without-showcase\/","name":"Eberhard & Co.: L'Art de D\u00e9fier le Temps (Version sans coffret) - Eberhard &amp; Co.","isPartOf":{"@id":"https:\/\/eberhard.ntyagency.net\/fr\/#website"},"primaryImageOfPage":{"@id":"https:\/\/eberhard.ntyagency.net\/fr\/product\/eberhard-co-the-art-of-defying-time-version-without-showcase\/#primaryimage"},"image":{"@id":"https:\/\/eberhard.ntyagency.net\/fr\/product\/eberhard-co-the-art-of-defying-time-version-without-showcase\/#primaryimage"},"thumbnailUrl":"https:\/\/eberhard.ntyagency.net\/wp-content\/uploads\/2024\/11\/libro-840x840-ita.jpg","datePublished":"2024-11-05T15:55:41+00:00","dateModified":"2025-03-20T19:16:18+00:00","description":"Un nouveau projet voit aujourd\u2019hui le jour : un livre racontant l\u2019histoire de la Maison, des personnalit\u00e9s qui l\u2019ont construite, ainsi que de celles qui","breadcrumb":{"@id":"https:\/\/eberhard.ntyagency.net\/fr\/product\/eberhard-co-the-art-of-defying-time-version-without-showcase\/#breadcrumb"},"inLanguage":"fr-FR","potentialAction":[{"@type":"ReadAction","target":["https:\/\/eberhard.ntyagency.net\/fr\/product\/eberhard-co-the-art-of-defying-time-version-without-showcase\/"]}]},{"@type":"ImageObject","inLanguage":"fr-FR","@id":"https:\/\/eberhard.ntyagency.net\/fr\/product\/eberhard-co-the-art-of-defying-time-version-without-showcase\/#primaryimage","url":"https:\/\/eberhard.ntyagency.net\/wp-content\/uploads\/2024\/11\/libro-840x840-ita.jpg","contentUrl":"https:\/\/eberhard.ntyagency.net\/wp-content\/uploads\/2024\/11\/libro-840x840-ita.jpg","width":840,"height":840},{"@type":"BreadcrumbList","@id":"https:\/\/eberhard.ntyagency.net\/fr\/product\/eberhard-co-the-art-of-defying-time-version-without-showcase\/#breadcrumb","itemListElement":[{"@type":"ListItem","position":1,"name":"Negozio","item":"https:\/\/eberhard.ntyagency.net\/negozio\/"},{"@type":"ListItem","position":2,"name":"Eberhard &#038; Co.: L&#8217;Art de D\u00e9fier le Temps (Version sans coffret)"}]},{"@type":"WebSite","@id":"https:\/\/eberhard.ntyagency.net\/fr\/#website","url":"https:\/\/eberhard.ntyagency.net\/fr\/","name":"Eberhard &amp; Co.","description":"","publisher":{"@id":"https:\/\/eberhard.ntyagency.net\/fr\/#organization"},"potentialAction":[{"@type":"SearchAction","target":{"@type":"EntryPoint","urlTemplate":"https:\/\/eberhard.ntyagency.net\/fr\/?s={search_term_string}"},"query-input":{"@type":"PropertyValueSpecification","valueRequired":true,"valueName":"search_term_string"}}],"inLanguage":"fr-FR"},{"@type":"Organization","@id":"https:\/\/eberhard.ntyagency.net\/fr\/#organization","name":"Eberhard & Co. Watches","url":"https:\/\/eberhard.ntyagency.net\/fr\/","logo":{"@type":"ImageObject","inLanguage":"fr-FR","@id":"https:\/\/eberhard.ntyagency.net\/fr\/#\/schema\/logo\/image\/","url":"","contentUrl":"","caption":"Eberhard & Co. Watches"},"image":{"@id":"https:\/\/eberhard.ntyagency.net\/fr\/#\/schema\/logo\/image\/"}}]}},"_links":{"self":[{"href":"https:\/\/eberhard.ntyagency.net\/fr\/wp-json\/wp\/v2\/product\/54429","targetHints":{"allow":["GET"]}}],"collection":[{"href":"https:\/\/eberhard.ntyagency.net\/fr\/wp-json\/wp\/v2\/product"}],"about":[{"href":"https:\/\/eberhard.ntyagency.net\/fr\/wp-json\/wp\/v2\/types\/product"}],"wp:featuredmedia":[{"embeddable":true,"href":"https:\/\/eberhard.ntyagency.net\/fr\/wp-json\/wp\/v2\/media\/42805"}],"wp:attachment":[{"href":"https:\/\/eberhard.ntyagency.net\/fr\/wp-json\/wp\/v2\/media?parent=54429"}],"wp:term":[{"taxonomy":"product_cat","embeddable":true,"href":"https:\/\/eberhard.ntyagency.net\/fr\/wp-json\/wp\/v2\/product_cat?post=54429"},{"taxonomy":"product_tag","embeddable":true,"href":"https:\/\/eberhard.ntyagency.net\/fr\/wp-json\/wp\/v2\/product_tag?post=54429"},{"taxonomy":"collection","embeddable":true,"href":"https:\/\/eberhard.ntyagency.net\/fr\/wp-json\/wp\/v2\/collection?post=54429"}],"curies":[{"name":"wp","href":"https:\/\/api.w.org\/{rel}","templated":true}]}}