{"id":37851,"date":"2014-03-07T17:05:29","date_gmt":"2014-03-07T16:05:29","guid":{"rendered":"https:\/\/eberhard.ntyagency.net\/prodotto\/chrono-4-temerario-31047-3\/"},"modified":"2024-09-01T20:01:49","modified_gmt":"2024-09-01T18:01:49","slug":"chrono-4-temerario-31047-3","status":"publish","type":"product","link":"https:\/\/eberhard.ntyagency.net\/fr\/product\/chrono-4-temerario-31047-3\/","title":{"rendered":"CHRONO 4 TEMERARIO 31047.3"},"content":{"rendered":"<p>CHRONOGRAPHE M\u00c9CANIQUE<br \/>\nAUTOMATIQUE<br \/>\nDISPOSITIF EBERHARD &amp; CO.<br \/>\nAVEC 4 COMPTEURS ALIGN\u00c9S<\/p>\n<p>VERRE SAPHIR CONVEXE<br \/>\nANTIREFLET<\/p>\n<p>DISPOSITIF D\u2019ACC\u00c8S \u00c0 LA COURONNE (PATENTED)<\/p>\n<p>FOND DU BO\u020aTIER SERR\u00c9 PAR 4 VIS<\/p>\n<p>BRACELET CHASSE EN ACIER<\/p>\n<p>FERMETURE D\u00c9PLOYANTE D\u00c9CLIC\u00ae<\/p>\n<p>OPTION\u00a0:<br \/>\nBRACELET EN CROCODILE<\/p>\n","protected":false},"excerpt":{"rendered":"<p>CHRONOGRAPHE M\u00c9CANIQUE AUTOMATIQUE DISPOSITIF EBERHARD &amp; CO. AVEC 4 COMPTEURS ALIGN\u00c9S VERRE SAPHIR CONVEXE ANTIREFLET DISPOSITIF D\u2019ACC\u00c8S \u00c0 LA COURONNE (PATENTED) FOND DU BO\u020aTIER SERR\u00c9 PAR 4 VIS BRACELET CHASSE EN ACIER FERMETURE D\u00c9PLOYANTE D\u00c9CLIC\u00ae OPTION\u00a0: BRACELET EN CROCODILE<\/p>\n","protected":false},"featured_media":0,"template":"","meta":{"_acf_changed":false,"_seopress_robots_primary_cat":"","_seopress_titles_title":"","_seopress_titles_desc":"","_seopress_robots_index":"","inline_featured_image":false},"product_cat":[194],"product_tag":[],"collection":[684],"class_list":{"0":"post-37851","1":"product","2":"type-product","3":"status-publish","5":"product_cat-uncategorized-fr","6":"collection-temerario-fr","8":"first","9":"instock","10":"shipping-taxable","11":"product-type-simple"},"acf":[],"yoast_head":"<!-- This site is optimized with the Yoast SEO plugin v23.9 - https:\/\/yoast.com\/wordpress\/plugins\/seo\/ -->\n<title>CHRONO 4 TEMERARIO 31047.3 - Eberhard &amp; Co.<\/title>\n<meta name=\"description\" content=\"CHRONOGRAPHE M\u00c9CANIQUE AUTOMATIQUE DISPOSITIF EBERHARD &amp; CO. AVEC 4 COMPTEURS ALIGN\u00c9S VERRE SAPHIR CONVEXE ANTIREFLET DISPOSITIF D\u2019ACC\u00c8S \u00c0 LA COURONNE\" \/>\n<meta name=\"robots\" content=\"index, follow, max-snippet:-1, max-image-preview:large, max-video-preview:-1\" \/>\n<link rel=\"canonical\" href=\"https:\/\/eberhard.ntyagency.net\/fr\/product\/chrono-4-temerario-31047-3\/\" \/>\n<meta property=\"og:locale\" content=\"fr_FR\" \/>\n<meta property=\"og:type\" content=\"article\" \/>\n<meta property=\"og:title\" content=\"CHRONO 4 TEMERARIO 31047.3 - Eberhard &amp; Co.\" \/>\n<meta property=\"og:description\" content=\"CHRONOGRAPHE M\u00c9CANIQUE AUTOMATIQUE DISPOSITIF EBERHARD &amp; CO. AVEC 4 COMPTEURS ALIGN\u00c9S VERRE SAPHIR CONVEXE ANTIREFLET DISPOSITIF D\u2019ACC\u00c8S \u00c0 LA COURONNE\" \/>\n<meta property=\"og:url\" content=\"https:\/\/eberhard.ntyagency.net\/fr\/product\/chrono-4-temerario-31047-3\/\" \/>\n<meta property=\"og:site_name\" content=\"Eberhard &amp; Co.\" \/>\n<meta property=\"article:modified_time\" content=\"2024-09-01T18:01:49+00:00\" \/>\n<meta name=\"twitter:card\" content=\"summary_large_image\" \/>\n<script type=\"application\/ld+json\" class=\"yoast-schema-graph\">{\"@context\":\"https:\/\/schema.org\",\"@graph\":[{\"@type\":\"WebPage\",\"@id\":\"https:\/\/eberhard.ntyagency.net\/fr\/product\/chrono-4-temerario-31047-3\/\",\"url\":\"https:\/\/eberhard.ntyagency.net\/fr\/product\/chrono-4-temerario-31047-3\/\",\"name\":\"CHRONO 4 TEMERARIO 31047.3 - Eberhard &amp; Co.\",\"isPartOf\":{\"@id\":\"https:\/\/eberhard.ntyagency.net\/fr\/#website\"},\"datePublished\":\"2014-03-07T16:05:29+00:00\",\"dateModified\":\"2024-09-01T18:01:49+00:00\",\"description\":\"CHRONOGRAPHE M\u00c9CANIQUE AUTOMATIQUE DISPOSITIF EBERHARD &amp; CO. AVEC 4 COMPTEURS ALIGN\u00c9S VERRE SAPHIR CONVEXE ANTIREFLET DISPOSITIF D\u2019ACC\u00c8S \u00c0 LA COURONNE\",\"breadcrumb\":{\"@id\":\"https:\/\/eberhard.ntyagency.net\/fr\/product\/chrono-4-temerario-31047-3\/#breadcrumb\"},\"inLanguage\":\"fr-FR\",\"potentialAction\":[{\"@type\":\"ReadAction\",\"target\":[\"https:\/\/eberhard.ntyagency.net\/fr\/product\/chrono-4-temerario-31047-3\/\"]}]},{\"@type\":\"BreadcrumbList\",\"@id\":\"https:\/\/eberhard.ntyagency.net\/fr\/product\/chrono-4-temerario-31047-3\/#breadcrumb\",\"itemListElement\":[{\"@type\":\"ListItem\",\"position\":1,\"name\":\"Negozio\",\"item\":\"https:\/\/eberhard.ntyagency.net\/negozio\/\"},{\"@type\":\"ListItem\",\"position\":2,\"name\":\"CHRONO 4 TEMERARIO 31047.3\"}]},{\"@type\":\"WebSite\",\"@id\":\"https:\/\/eberhard.ntyagency.net\/fr\/#website\",\"url\":\"https:\/\/eberhard.ntyagency.net\/fr\/\",\"name\":\"Eberhard &amp; Co.\",\"description\":\"\",\"publisher\":{\"@id\":\"https:\/\/eberhard.ntyagency.net\/fr\/#organization\"},\"potentialAction\":[{\"@type\":\"SearchAction\",\"target\":{\"@type\":\"EntryPoint\",\"urlTemplate\":\"https:\/\/eberhard.ntyagency.net\/fr\/?s={search_term_string}\"},\"query-input\":{\"@type\":\"PropertyValueSpecification\",\"valueRequired\":true,\"valueName\":\"search_term_string\"}}],\"inLanguage\":\"fr-FR\"},{\"@type\":\"Organization\",\"@id\":\"https:\/\/eberhard.ntyagency.net\/fr\/#organization\",\"name\":\"Eberhard & Co. Watches\",\"url\":\"https:\/\/eberhard.ntyagency.net\/fr\/\",\"logo\":{\"@type\":\"ImageObject\",\"inLanguage\":\"fr-FR\",\"@id\":\"https:\/\/eberhard.ntyagency.net\/fr\/#\/schema\/logo\/image\/\",\"url\":\"\",\"contentUrl\":\"\",\"caption\":\"Eberhard & Co. Watches\"},\"image\":{\"@id\":\"https:\/\/eberhard.ntyagency.net\/fr\/#\/schema\/logo\/image\/\"}}]}<\/script>\n<!-- \/ Yoast SEO plugin. -->","yoast_head_json":{"title":"CHRONO 4 TEMERARIO 31047.3 - Eberhard &amp; Co.","description":"CHRONOGRAPHE M\u00c9CANIQUE AUTOMATIQUE DISPOSITIF EBERHARD &amp; CO. AVEC 4 COMPTEURS ALIGN\u00c9S VERRE SAPHIR CONVEXE ANTIREFLET DISPOSITIF D\u2019ACC\u00c8S \u00c0 LA COURONNE","robots":{"index":"index","follow":"follow","max-snippet":"max-snippet:-1","max-image-preview":"max-image-preview:large","max-video-preview":"max-video-preview:-1"},"canonical":"https:\/\/eberhard.ntyagency.net\/fr\/product\/chrono-4-temerario-31047-3\/","og_locale":"fr_FR","og_type":"article","og_title":"CHRONO 4 TEMERARIO 31047.3 - Eberhard &amp; Co.","og_description":"CHRONOGRAPHE M\u00c9CANIQUE AUTOMATIQUE DISPOSITIF EBERHARD &amp; CO. AVEC 4 COMPTEURS ALIGN\u00c9S VERRE SAPHIR CONVEXE ANTIREFLET DISPOSITIF D\u2019ACC\u00c8S \u00c0 LA COURONNE","og_url":"https:\/\/eberhard.ntyagency.net\/fr\/product\/chrono-4-temerario-31047-3\/","og_site_name":"Eberhard &amp; Co.","article_modified_time":"2024-09-01T18:01:49+00:00","twitter_card":"summary_large_image","schema":{"@context":"https:\/\/schema.org","@graph":[{"@type":"WebPage","@id":"https:\/\/eberhard.ntyagency.net\/fr\/product\/chrono-4-temerario-31047-3\/","url":"https:\/\/eberhard.ntyagency.net\/fr\/product\/chrono-4-temerario-31047-3\/","name":"CHRONO 4 TEMERARIO 31047.3 - Eberhard &amp; Co.","isPartOf":{"@id":"https:\/\/eberhard.ntyagency.net\/fr\/#website"},"datePublished":"2014-03-07T16:05:29+00:00","dateModified":"2024-09-01T18:01:49+00:00","description":"CHRONOGRAPHE M\u00c9CANIQUE AUTOMATIQUE DISPOSITIF EBERHARD &amp; CO. AVEC 4 COMPTEURS ALIGN\u00c9S VERRE SAPHIR CONVEXE ANTIREFLET DISPOSITIF D\u2019ACC\u00c8S \u00c0 LA COURONNE","breadcrumb":{"@id":"https:\/\/eberhard.ntyagency.net\/fr\/product\/chrono-4-temerario-31047-3\/#breadcrumb"},"inLanguage":"fr-FR","potentialAction":[{"@type":"ReadAction","target":["https:\/\/eberhard.ntyagency.net\/fr\/product\/chrono-4-temerario-31047-3\/"]}]},{"@type":"BreadcrumbList","@id":"https:\/\/eberhard.ntyagency.net\/fr\/product\/chrono-4-temerario-31047-3\/#breadcrumb","itemListElement":[{"@type":"ListItem","position":1,"name":"Negozio","item":"https:\/\/eberhard.ntyagency.net\/negozio\/"},{"@type":"ListItem","position":2,"name":"CHRONO 4 TEMERARIO 31047.3"}]},{"@type":"WebSite","@id":"https:\/\/eberhard.ntyagency.net\/fr\/#website","url":"https:\/\/eberhard.ntyagency.net\/fr\/","name":"Eberhard &amp; Co.","description":"","publisher":{"@id":"https:\/\/eberhard.ntyagency.net\/fr\/#organization"},"potentialAction":[{"@type":"SearchAction","target":{"@type":"EntryPoint","urlTemplate":"https:\/\/eberhard.ntyagency.net\/fr\/?s={search_term_string}"},"query-input":{"@type":"PropertyValueSpecification","valueRequired":true,"valueName":"search_term_string"}}],"inLanguage":"fr-FR"},{"@type":"Organization","@id":"https:\/\/eberhard.ntyagency.net\/fr\/#organization","name":"Eberhard & Co. Watches","url":"https:\/\/eberhard.ntyagency.net\/fr\/","logo":{"@type":"ImageObject","inLanguage":"fr-FR","@id":"https:\/\/eberhard.ntyagency.net\/fr\/#\/schema\/logo\/image\/","url":"","contentUrl":"","caption":"Eberhard & Co. Watches"},"image":{"@id":"https:\/\/eberhard.ntyagency.net\/fr\/#\/schema\/logo\/image\/"}}]}},"_links":{"self":[{"href":"https:\/\/eberhard.ntyagency.net\/fr\/wp-json\/wp\/v2\/product\/37851","targetHints":{"allow":["GET"]}}],"collection":[{"href":"https:\/\/eberhard.ntyagency.net\/fr\/wp-json\/wp\/v2\/product"}],"about":[{"href":"https:\/\/eberhard.ntyagency.net\/fr\/wp-json\/wp\/v2\/types\/product"}],"wp:attachment":[{"href":"https:\/\/eberhard.ntyagency.net\/fr\/wp-json\/wp\/v2\/media?parent=37851"}],"wp:term":[{"taxonomy":"product_cat","embeddable":true,"href":"https:\/\/eberhard.ntyagency.net\/fr\/wp-json\/wp\/v2\/product_cat?post=37851"},{"taxonomy":"product_tag","embeddable":true,"href":"https:\/\/eberhard.ntyagency.net\/fr\/wp-json\/wp\/v2\/product_tag?post=37851"},{"taxonomy":"collection","embeddable":true,"href":"https:\/\/eberhard.ntyagency.net\/fr\/wp-json\/wp\/v2\/collection?post=37851"}],"curies":[{"name":"wp","href":"https:\/\/api.w.org\/{rel}","templated":true}]}}