{"id":36637,"date":"2014-03-11T17:16:08","date_gmt":"2014-03-11T16:16:08","guid":{"rendered":"https:\/\/eberhard.ntyagency.net\/prodotto\/8-jours-aqua-8-21018-2\/"},"modified":"2025-01-31T19:21:05","modified_gmt":"2025-01-31T18:21:05","slug":"8-jours-aqua-8-21018-2","status":"publish","type":"product","link":"https:\/\/eberhard.ntyagency.net\/fr\/product\/8-jours-aqua-8-21018-2\/","title":{"rendered":"8 JOURS AQUA 8 21018.2 CA"},"content":{"rendered":"<p>M\u00c9CANIQUE REMONTAGE MANUEL<\/p>\n<p>R\u00e9SERVE DE MARCHE DE 8 JOURS<br \/>\nDISPOSITIF MOTEUR EBERHARD &amp; CO. \u2013 PATENTED<\/p>\n<p>VERRE SAPHIR<\/p>\n<p>COURONNE EN ACIER PERSONNALIS\u00c9E<\/p>\n<p>FOND SERR\u00c9 PAR 6 VIS PERSONNALIS\u00c9E<\/p>\n<p>BRACELET CHALAND EN ACIER<\/p>\n<p>OPTIONNEL :<br \/>\nBRACELET EN AUTRUCHE AVEC BOUCLE EN ACIER PERSONNALIS\u00c9E<br \/>\nFERMETURE D\u00c9PLOYANTE D\u00c9CLIC\u00ae<\/p>\n","protected":false},"excerpt":{"rendered":"<p>M\u00c9CANIQUE REMONTAGE MANUEL R\u00e9SERVE DE MARCHE DE 8 JOURS DISPOSITIF MOTEUR EBERHARD &amp; CO. \u2013 PATENTED VERRE SAPHIR COURONNE EN ACIER PERSONNALIS\u00c9E FOND SERR\u00c9 PAR 6 VIS PERSONNALIS\u00c9E BRACELET CHALAND EN ACIER OPTIONNEL : BRACELET EN AUTRUCHE AVEC BOUCLE EN ACIER PERSONNALIS\u00c9E FERMETURE D\u00c9PLOYANTE D\u00c9CLIC\u00ae<\/p>\n","protected":false},"featured_media":0,"template":"","meta":{"_acf_changed":false,"_seopress_robots_primary_cat":"","_seopress_titles_title":"","_seopress_titles_desc":"","_seopress_robots_index":"","inline_featured_image":false},"product_cat":[194],"product_tag":[],"collection":[553],"class_list":{"0":"post-36637","1":"product","2":"type-product","3":"status-publish","5":"product_cat-uncategorized-fr","6":"collection-basic-fr","8":"first","9":"instock","10":"shipping-taxable","11":"product-type-simple"},"acf":[],"yoast_head":"<!-- This site is optimized with the Yoast SEO plugin v23.9 - https:\/\/yoast.com\/wordpress\/plugins\/seo\/ -->\n<title>8 JOURS AQUA 8 21018.2 CA - Eberhard &amp; Co.<\/title>\n<meta name=\"description\" content=\"M\u00c9CANIQUE REMONTAGE MANUEL R\u00e9SERVE DE MARCHE DE 8 JOURS DISPOSITIF MOTEUR EBERHARD &amp; CO. \u2013 PATENTED VERRE SAPHIR COURONNE EN ACIER PERSONNALIS\u00c9E FOND\" \/>\n<meta name=\"robots\" content=\"index, follow, max-snippet:-1, max-image-preview:large, max-video-preview:-1\" \/>\n<link rel=\"canonical\" href=\"https:\/\/eberhard.ntyagency.net\/fr\/product\/8-jours-aqua-8-21018-2\/\" \/>\n<meta property=\"og:locale\" content=\"fr_FR\" \/>\n<meta property=\"og:type\" content=\"article\" \/>\n<meta property=\"og:title\" content=\"8 JOURS AQUA 8 21018.2 CA - Eberhard &amp; Co.\" \/>\n<meta property=\"og:description\" content=\"M\u00c9CANIQUE REMONTAGE MANUEL R\u00e9SERVE DE MARCHE DE 8 JOURS DISPOSITIF MOTEUR EBERHARD &amp; CO. \u2013 PATENTED VERRE SAPHIR COURONNE EN ACIER PERSONNALIS\u00c9E FOND\" \/>\n<meta property=\"og:url\" content=\"https:\/\/eberhard.ntyagency.net\/fr\/product\/8-jours-aqua-8-21018-2\/\" \/>\n<meta property=\"og:site_name\" content=\"Eberhard &amp; Co.\" \/>\n<meta property=\"article:modified_time\" content=\"2025-01-31T18:21:05+00:00\" \/>\n<meta name=\"twitter:card\" content=\"summary_large_image\" \/>\n<script type=\"application\/ld+json\" class=\"yoast-schema-graph\">{\"@context\":\"https:\/\/schema.org\",\"@graph\":[{\"@type\":\"WebPage\",\"@id\":\"https:\/\/eberhard.ntyagency.net\/fr\/product\/8-jours-aqua-8-21018-2\/\",\"url\":\"https:\/\/eberhard.ntyagency.net\/fr\/product\/8-jours-aqua-8-21018-2\/\",\"name\":\"8 JOURS AQUA 8 21018.2 CA - Eberhard &amp; Co.\",\"isPartOf\":{\"@id\":\"https:\/\/eberhard.ntyagency.net\/fr\/#website\"},\"datePublished\":\"2014-03-11T16:16:08+00:00\",\"dateModified\":\"2025-01-31T18:21:05+00:00\",\"description\":\"M\u00c9CANIQUE REMONTAGE MANUEL R\u00e9SERVE DE MARCHE DE 8 JOURS DISPOSITIF MOTEUR EBERHARD &amp; CO. \u2013 PATENTED VERRE SAPHIR COURONNE EN ACIER PERSONNALIS\u00c9E FOND\",\"breadcrumb\":{\"@id\":\"https:\/\/eberhard.ntyagency.net\/fr\/product\/8-jours-aqua-8-21018-2\/#breadcrumb\"},\"inLanguage\":\"fr-FR\",\"potentialAction\":[{\"@type\":\"ReadAction\",\"target\":[\"https:\/\/eberhard.ntyagency.net\/fr\/product\/8-jours-aqua-8-21018-2\/\"]}]},{\"@type\":\"BreadcrumbList\",\"@id\":\"https:\/\/eberhard.ntyagency.net\/fr\/product\/8-jours-aqua-8-21018-2\/#breadcrumb\",\"itemListElement\":[{\"@type\":\"ListItem\",\"position\":1,\"name\":\"Negozio\",\"item\":\"https:\/\/eberhard.ntyagency.net\/negozio\/\"},{\"@type\":\"ListItem\",\"position\":2,\"name\":\"8 JOURS AQUA 8 21018.2 CA\"}]},{\"@type\":\"WebSite\",\"@id\":\"https:\/\/eberhard.ntyagency.net\/fr\/#website\",\"url\":\"https:\/\/eberhard.ntyagency.net\/fr\/\",\"name\":\"Eberhard &amp; Co.\",\"description\":\"\",\"publisher\":{\"@id\":\"https:\/\/eberhard.ntyagency.net\/fr\/#organization\"},\"potentialAction\":[{\"@type\":\"SearchAction\",\"target\":{\"@type\":\"EntryPoint\",\"urlTemplate\":\"https:\/\/eberhard.ntyagency.net\/fr\/?s={search_term_string}\"},\"query-input\":{\"@type\":\"PropertyValueSpecification\",\"valueRequired\":true,\"valueName\":\"search_term_string\"}}],\"inLanguage\":\"fr-FR\"},{\"@type\":\"Organization\",\"@id\":\"https:\/\/eberhard.ntyagency.net\/fr\/#organization\",\"name\":\"Eberhard & Co. Watches\",\"url\":\"https:\/\/eberhard.ntyagency.net\/fr\/\",\"logo\":{\"@type\":\"ImageObject\",\"inLanguage\":\"fr-FR\",\"@id\":\"https:\/\/eberhard.ntyagency.net\/fr\/#\/schema\/logo\/image\/\",\"url\":\"\",\"contentUrl\":\"\",\"caption\":\"Eberhard & Co. Watches\"},\"image\":{\"@id\":\"https:\/\/eberhard.ntyagency.net\/fr\/#\/schema\/logo\/image\/\"}}]}<\/script>\n<!-- \/ Yoast SEO plugin. -->","yoast_head_json":{"title":"8 JOURS AQUA 8 21018.2 CA - Eberhard &amp; Co.","description":"M\u00c9CANIQUE REMONTAGE MANUEL R\u00e9SERVE DE MARCHE DE 8 JOURS DISPOSITIF MOTEUR EBERHARD &amp; CO. \u2013 PATENTED VERRE SAPHIR COURONNE EN ACIER PERSONNALIS\u00c9E FOND","robots":{"index":"index","follow":"follow","max-snippet":"max-snippet:-1","max-image-preview":"max-image-preview:large","max-video-preview":"max-video-preview:-1"},"canonical":"https:\/\/eberhard.ntyagency.net\/fr\/product\/8-jours-aqua-8-21018-2\/","og_locale":"fr_FR","og_type":"article","og_title":"8 JOURS AQUA 8 21018.2 CA - Eberhard &amp; Co.","og_description":"M\u00c9CANIQUE REMONTAGE MANUEL R\u00e9SERVE DE MARCHE DE 8 JOURS DISPOSITIF MOTEUR EBERHARD &amp; CO. \u2013 PATENTED VERRE SAPHIR COURONNE EN ACIER PERSONNALIS\u00c9E FOND","og_url":"https:\/\/eberhard.ntyagency.net\/fr\/product\/8-jours-aqua-8-21018-2\/","og_site_name":"Eberhard &amp; Co.","article_modified_time":"2025-01-31T18:21:05+00:00","twitter_card":"summary_large_image","schema":{"@context":"https:\/\/schema.org","@graph":[{"@type":"WebPage","@id":"https:\/\/eberhard.ntyagency.net\/fr\/product\/8-jours-aqua-8-21018-2\/","url":"https:\/\/eberhard.ntyagency.net\/fr\/product\/8-jours-aqua-8-21018-2\/","name":"8 JOURS AQUA 8 21018.2 CA - Eberhard &amp; Co.","isPartOf":{"@id":"https:\/\/eberhard.ntyagency.net\/fr\/#website"},"datePublished":"2014-03-11T16:16:08+00:00","dateModified":"2025-01-31T18:21:05+00:00","description":"M\u00c9CANIQUE REMONTAGE MANUEL R\u00e9SERVE DE MARCHE DE 8 JOURS DISPOSITIF MOTEUR EBERHARD &amp; CO. \u2013 PATENTED VERRE SAPHIR COURONNE EN ACIER PERSONNALIS\u00c9E FOND","breadcrumb":{"@id":"https:\/\/eberhard.ntyagency.net\/fr\/product\/8-jours-aqua-8-21018-2\/#breadcrumb"},"inLanguage":"fr-FR","potentialAction":[{"@type":"ReadAction","target":["https:\/\/eberhard.ntyagency.net\/fr\/product\/8-jours-aqua-8-21018-2\/"]}]},{"@type":"BreadcrumbList","@id":"https:\/\/eberhard.ntyagency.net\/fr\/product\/8-jours-aqua-8-21018-2\/#breadcrumb","itemListElement":[{"@type":"ListItem","position":1,"name":"Negozio","item":"https:\/\/eberhard.ntyagency.net\/negozio\/"},{"@type":"ListItem","position":2,"name":"8 JOURS AQUA 8 21018.2 CA"}]},{"@type":"WebSite","@id":"https:\/\/eberhard.ntyagency.net\/fr\/#website","url":"https:\/\/eberhard.ntyagency.net\/fr\/","name":"Eberhard &amp; Co.","description":"","publisher":{"@id":"https:\/\/eberhard.ntyagency.net\/fr\/#organization"},"potentialAction":[{"@type":"SearchAction","target":{"@type":"EntryPoint","urlTemplate":"https:\/\/eberhard.ntyagency.net\/fr\/?s={search_term_string}"},"query-input":{"@type":"PropertyValueSpecification","valueRequired":true,"valueName":"search_term_string"}}],"inLanguage":"fr-FR"},{"@type":"Organization","@id":"https:\/\/eberhard.ntyagency.net\/fr\/#organization","name":"Eberhard & Co. Watches","url":"https:\/\/eberhard.ntyagency.net\/fr\/","logo":{"@type":"ImageObject","inLanguage":"fr-FR","@id":"https:\/\/eberhard.ntyagency.net\/fr\/#\/schema\/logo\/image\/","url":"","contentUrl":"","caption":"Eberhard & Co. Watches"},"image":{"@id":"https:\/\/eberhard.ntyagency.net\/fr\/#\/schema\/logo\/image\/"}}]}},"_links":{"self":[{"href":"https:\/\/eberhard.ntyagency.net\/fr\/wp-json\/wp\/v2\/product\/36637","targetHints":{"allow":["GET"]}}],"collection":[{"href":"https:\/\/eberhard.ntyagency.net\/fr\/wp-json\/wp\/v2\/product"}],"about":[{"href":"https:\/\/eberhard.ntyagency.net\/fr\/wp-json\/wp\/v2\/types\/product"}],"wp:attachment":[{"href":"https:\/\/eberhard.ntyagency.net\/fr\/wp-json\/wp\/v2\/media?parent=36637"}],"wp:term":[{"taxonomy":"product_cat","embeddable":true,"href":"https:\/\/eberhard.ntyagency.net\/fr\/wp-json\/wp\/v2\/product_cat?post=36637"},{"taxonomy":"product_tag","embeddable":true,"href":"https:\/\/eberhard.ntyagency.net\/fr\/wp-json\/wp\/v2\/product_tag?post=36637"},{"taxonomy":"collection","embeddable":true,"href":"https:\/\/eberhard.ntyagency.net\/fr\/wp-json\/wp\/v2\/collection?post=36637"}],"curies":[{"name":"wp","href":"https:\/\/api.w.org\/{rel}","templated":true}]}}