{"id":36531,"date":"2024-08-20T13:52:53","date_gmt":"2024-08-20T11:52:53","guid":{"rendered":"https:\/\/eberhard.ntyagency.net\/prodotto\/extra-fort-retour-en-vol-31957-1\/"},"modified":"2025-02-06T14:59:03","modified_gmt":"2025-02-06T13:59:03","slug":"extra-fort-retour-en-vol-31957-1","status":"publish","type":"product","link":"https:\/\/eberhard.ntyagency.net\/fr\/product\/extra-fort-retour-en-vol-31957-1\/","title":{"rendered":"EXTRA-FORT RETOUR EN VOL 31957.1 CP"},"content":{"rendered":"<p>CHRONOGRAPHE M\u00c9CANIQUE \u00c0 REMONTAGE AUTOMATIQUE, AVEC ROUE \u00c0 COLONNES<br \/>\nET COMPLICATION FLY- BACK<\/p>\n<p>VERRE SAPHIR CONVEXE ANTIREFLET<\/p>\n<p>COURONNE EN ACIER \u00c0 VIS PERSONNALIS\u00c9E<\/p>\n<p>FOND DU BO\u00ceTIER FIX\u00c9 PAR 6 VIS. PARTIE CENTRALE EN VERRE SAPHIR,<br \/>\nPARTIE EXTERNE PERSONNALIS\u00c9E<\/p>\n<p>BRACELET EN ALLIGATOR<\/p>\n<p>BOUCLE EN ACIER PERSONNALIS\u00c9E<\/p>\n<p>OPTIONNEL :<br \/>\nFERMETURE D\u00c9PLOYANTE D\u00c9CLIC\u00ae<\/p>\n","protected":false},"excerpt":{"rendered":"<p>CHRONOGRAPHE M\u00c9CANIQUE \u00c0 REMONTAGE AUTOMATIQUE, AVEC ROUE \u00c0 COLONNES ET COMPLICATION FLY- BACK VERRE SAPHIR CONVEXE ANTIREFLET COURONNE EN ACIER \u00c0 VIS PERSONNALIS\u00c9E FOND DU BO\u00ceTIER FIX\u00c9 PAR 6 VIS. PARTIE CENTRALE EN VERRE SAPHIR, PARTIE EXTERNE PERSONNALIS\u00c9E BRACELET EN ALLIGATOR BOUCLE EN ACIER PERSONNALIS\u00c9E OPTIONNEL : FERMETURE D\u00c9PLOYANTE D\u00c9CLIC\u00ae<\/p>\n","protected":false},"featured_media":0,"template":"","meta":{"_acf_changed":false,"_seopress_robots_primary_cat":"","_seopress_titles_title":"","_seopress_titles_desc":"","_seopress_robots_index":"","inline_featured_image":false},"product_cat":[106],"product_tag":[],"collection":[658],"class_list":{"0":"post-36531","1":"product","2":"type-product","3":"status-publish","5":"product_cat-non-classifiee","6":"collection-roue-a-colonnes-retour-en-vol-fr","8":"first","9":"instock","10":"shipping-taxable","11":"purchasable","12":"product-type-simple"},"acf":[],"yoast_head":"<!-- This site is optimized with the Yoast SEO plugin v23.9 - https:\/\/yoast.com\/wordpress\/plugins\/seo\/ -->\n<title>EXTRA-FORT RETOUR EN VOL 31957.1 CP - Eberhard &amp; Co.<\/title>\n<meta name=\"description\" content=\"CHRONOGRAPHE M\u00c9CANIQUE \u00c0 REMONTAGE AUTOMATIQUE, AVEC ROUE \u00c0 COLONNES ET COMPLICATION FLY- BACK VERRE SAPHIR CONVEXE ANTIREFLET COURONNE EN ACIER \u00c0 VIS\" \/>\n<meta name=\"robots\" content=\"index, follow, max-snippet:-1, max-image-preview:large, max-video-preview:-1\" \/>\n<link rel=\"canonical\" href=\"https:\/\/eberhard.ntyagency.net\/fr\/product\/extra-fort-retour-en-vol-31957-1\/\" \/>\n<meta property=\"og:locale\" content=\"fr_FR\" \/>\n<meta property=\"og:type\" content=\"article\" \/>\n<meta property=\"og:title\" content=\"EXTRA-FORT RETOUR EN VOL 31957.1 CP - Eberhard &amp; Co.\" \/>\n<meta property=\"og:description\" content=\"CHRONOGRAPHE M\u00c9CANIQUE \u00c0 REMONTAGE AUTOMATIQUE, AVEC ROUE \u00c0 COLONNES ET COMPLICATION FLY- BACK VERRE SAPHIR CONVEXE ANTIREFLET COURONNE EN ACIER \u00c0 VIS\" \/>\n<meta property=\"og:url\" content=\"https:\/\/eberhard.ntyagency.net\/fr\/product\/extra-fort-retour-en-vol-31957-1\/\" \/>\n<meta property=\"og:site_name\" content=\"Eberhard &amp; Co.\" \/>\n<meta property=\"article:modified_time\" content=\"2025-02-06T13:59:03+00:00\" \/>\n<meta name=\"twitter:card\" content=\"summary_large_image\" \/>\n<script type=\"application\/ld+json\" class=\"yoast-schema-graph\">{\"@context\":\"https:\/\/schema.org\",\"@graph\":[{\"@type\":\"WebPage\",\"@id\":\"https:\/\/eberhard.ntyagency.net\/fr\/product\/extra-fort-retour-en-vol-31957-1\/\",\"url\":\"https:\/\/eberhard.ntyagency.net\/fr\/product\/extra-fort-retour-en-vol-31957-1\/\",\"name\":\"EXTRA-FORT RETOUR EN VOL 31957.1 CP - Eberhard &amp; Co.\",\"isPartOf\":{\"@id\":\"https:\/\/eberhard.ntyagency.net\/fr\/#website\"},\"datePublished\":\"2024-08-20T11:52:53+00:00\",\"dateModified\":\"2025-02-06T13:59:03+00:00\",\"description\":\"CHRONOGRAPHE M\u00c9CANIQUE \u00c0 REMONTAGE AUTOMATIQUE, AVEC ROUE \u00c0 COLONNES ET COMPLICATION FLY- BACK VERRE SAPHIR CONVEXE ANTIREFLET COURONNE EN ACIER \u00c0 VIS\",\"breadcrumb\":{\"@id\":\"https:\/\/eberhard.ntyagency.net\/fr\/product\/extra-fort-retour-en-vol-31957-1\/#breadcrumb\"},\"inLanguage\":\"fr-FR\",\"potentialAction\":[{\"@type\":\"ReadAction\",\"target\":[\"https:\/\/eberhard.ntyagency.net\/fr\/product\/extra-fort-retour-en-vol-31957-1\/\"]}]},{\"@type\":\"BreadcrumbList\",\"@id\":\"https:\/\/eberhard.ntyagency.net\/fr\/product\/extra-fort-retour-en-vol-31957-1\/#breadcrumb\",\"itemListElement\":[{\"@type\":\"ListItem\",\"position\":1,\"name\":\"Negozio\",\"item\":\"https:\/\/eberhard.ntyagency.net\/negozio\/\"},{\"@type\":\"ListItem\",\"position\":2,\"name\":\"EXTRA-FORT RETOUR EN VOL 31957.1 CP\"}]},{\"@type\":\"WebSite\",\"@id\":\"https:\/\/eberhard.ntyagency.net\/fr\/#website\",\"url\":\"https:\/\/eberhard.ntyagency.net\/fr\/\",\"name\":\"Eberhard &amp; Co.\",\"description\":\"\",\"publisher\":{\"@id\":\"https:\/\/eberhard.ntyagency.net\/fr\/#organization\"},\"potentialAction\":[{\"@type\":\"SearchAction\",\"target\":{\"@type\":\"EntryPoint\",\"urlTemplate\":\"https:\/\/eberhard.ntyagency.net\/fr\/?s={search_term_string}\"},\"query-input\":{\"@type\":\"PropertyValueSpecification\",\"valueRequired\":true,\"valueName\":\"search_term_string\"}}],\"inLanguage\":\"fr-FR\"},{\"@type\":\"Organization\",\"@id\":\"https:\/\/eberhard.ntyagency.net\/fr\/#organization\",\"name\":\"Eberhard & Co. Watches\",\"url\":\"https:\/\/eberhard.ntyagency.net\/fr\/\",\"logo\":{\"@type\":\"ImageObject\",\"inLanguage\":\"fr-FR\",\"@id\":\"https:\/\/eberhard.ntyagency.net\/fr\/#\/schema\/logo\/image\/\",\"url\":\"\",\"contentUrl\":\"\",\"caption\":\"Eberhard & Co. Watches\"},\"image\":{\"@id\":\"https:\/\/eberhard.ntyagency.net\/fr\/#\/schema\/logo\/image\/\"}}]}<\/script>\n<!-- \/ Yoast SEO plugin. -->","yoast_head_json":{"title":"EXTRA-FORT RETOUR EN VOL 31957.1 CP - Eberhard &amp; Co.","description":"CHRONOGRAPHE M\u00c9CANIQUE \u00c0 REMONTAGE AUTOMATIQUE, AVEC ROUE \u00c0 COLONNES ET COMPLICATION FLY- BACK VERRE SAPHIR CONVEXE ANTIREFLET COURONNE EN ACIER \u00c0 VIS","robots":{"index":"index","follow":"follow","max-snippet":"max-snippet:-1","max-image-preview":"max-image-preview:large","max-video-preview":"max-video-preview:-1"},"canonical":"https:\/\/eberhard.ntyagency.net\/fr\/product\/extra-fort-retour-en-vol-31957-1\/","og_locale":"fr_FR","og_type":"article","og_title":"EXTRA-FORT RETOUR EN VOL 31957.1 CP - Eberhard &amp; Co.","og_description":"CHRONOGRAPHE M\u00c9CANIQUE \u00c0 REMONTAGE AUTOMATIQUE, AVEC ROUE \u00c0 COLONNES ET COMPLICATION FLY- BACK VERRE SAPHIR CONVEXE ANTIREFLET COURONNE EN ACIER \u00c0 VIS","og_url":"https:\/\/eberhard.ntyagency.net\/fr\/product\/extra-fort-retour-en-vol-31957-1\/","og_site_name":"Eberhard &amp; Co.","article_modified_time":"2025-02-06T13:59:03+00:00","twitter_card":"summary_large_image","schema":{"@context":"https:\/\/schema.org","@graph":[{"@type":"WebPage","@id":"https:\/\/eberhard.ntyagency.net\/fr\/product\/extra-fort-retour-en-vol-31957-1\/","url":"https:\/\/eberhard.ntyagency.net\/fr\/product\/extra-fort-retour-en-vol-31957-1\/","name":"EXTRA-FORT RETOUR EN VOL 31957.1 CP - Eberhard &amp; Co.","isPartOf":{"@id":"https:\/\/eberhard.ntyagency.net\/fr\/#website"},"datePublished":"2024-08-20T11:52:53+00:00","dateModified":"2025-02-06T13:59:03+00:00","description":"CHRONOGRAPHE M\u00c9CANIQUE \u00c0 REMONTAGE AUTOMATIQUE, AVEC ROUE \u00c0 COLONNES ET COMPLICATION FLY- BACK VERRE SAPHIR CONVEXE ANTIREFLET COURONNE EN ACIER \u00c0 VIS","breadcrumb":{"@id":"https:\/\/eberhard.ntyagency.net\/fr\/product\/extra-fort-retour-en-vol-31957-1\/#breadcrumb"},"inLanguage":"fr-FR","potentialAction":[{"@type":"ReadAction","target":["https:\/\/eberhard.ntyagency.net\/fr\/product\/extra-fort-retour-en-vol-31957-1\/"]}]},{"@type":"BreadcrumbList","@id":"https:\/\/eberhard.ntyagency.net\/fr\/product\/extra-fort-retour-en-vol-31957-1\/#breadcrumb","itemListElement":[{"@type":"ListItem","position":1,"name":"Negozio","item":"https:\/\/eberhard.ntyagency.net\/negozio\/"},{"@type":"ListItem","position":2,"name":"EXTRA-FORT RETOUR EN VOL 31957.1 CP"}]},{"@type":"WebSite","@id":"https:\/\/eberhard.ntyagency.net\/fr\/#website","url":"https:\/\/eberhard.ntyagency.net\/fr\/","name":"Eberhard &amp; Co.","description":"","publisher":{"@id":"https:\/\/eberhard.ntyagency.net\/fr\/#organization"},"potentialAction":[{"@type":"SearchAction","target":{"@type":"EntryPoint","urlTemplate":"https:\/\/eberhard.ntyagency.net\/fr\/?s={search_term_string}"},"query-input":{"@type":"PropertyValueSpecification","valueRequired":true,"valueName":"search_term_string"}}],"inLanguage":"fr-FR"},{"@type":"Organization","@id":"https:\/\/eberhard.ntyagency.net\/fr\/#organization","name":"Eberhard & Co. Watches","url":"https:\/\/eberhard.ntyagency.net\/fr\/","logo":{"@type":"ImageObject","inLanguage":"fr-FR","@id":"https:\/\/eberhard.ntyagency.net\/fr\/#\/schema\/logo\/image\/","url":"","contentUrl":"","caption":"Eberhard & Co. Watches"},"image":{"@id":"https:\/\/eberhard.ntyagency.net\/fr\/#\/schema\/logo\/image\/"}}]}},"_links":{"self":[{"href":"https:\/\/eberhard.ntyagency.net\/fr\/wp-json\/wp\/v2\/product\/36531","targetHints":{"allow":["GET"]}}],"collection":[{"href":"https:\/\/eberhard.ntyagency.net\/fr\/wp-json\/wp\/v2\/product"}],"about":[{"href":"https:\/\/eberhard.ntyagency.net\/fr\/wp-json\/wp\/v2\/types\/product"}],"wp:attachment":[{"href":"https:\/\/eberhard.ntyagency.net\/fr\/wp-json\/wp\/v2\/media?parent=36531"}],"wp:term":[{"taxonomy":"product_cat","embeddable":true,"href":"https:\/\/eberhard.ntyagency.net\/fr\/wp-json\/wp\/v2\/product_cat?post=36531"},{"taxonomy":"product_tag","embeddable":true,"href":"https:\/\/eberhard.ntyagency.net\/fr\/wp-json\/wp\/v2\/product_tag?post=36531"},{"taxonomy":"collection","embeddable":true,"href":"https:\/\/eberhard.ntyagency.net\/fr\/wp-json\/wp\/v2\/collection?post=36531"}],"curies":[{"name":"wp","href":"https:\/\/api.w.org\/{rel}","templated":true}]}}