{"id":36064,"date":"2014-03-14T11:51:35","date_gmt":"2014-03-14T10:51:35","guid":{"rendered":"https:\/\/eberhard.ntyagency.net\/prodotto\/tazio-nuvolari-vanderbilt-cup-31045-2-2\/"},"modified":"2025-04-15T11:22:17","modified_gmt":"2025-04-15T09:22:17","slug":"tazio-nuvolari-vanderbilt-cup-31045-2-2","status":"publish","type":"product","link":"https:\/\/eberhard.ntyagency.net\/fr\/product\/tazio-nuvolari-vanderbilt-cup-31045-2-2\/","title":{"rendered":"TAZIO NUVOLARI VANDERBILT CUP 31045.2 CPD"},"content":{"rendered":"<p><span style=\"font-weight: 400;\">CHRONOGRAPHE M\u00c9CANIQUE \u00c0 REMONTAGE AUTOMATIQUE<\/span><\/p>\n<p><span style=\"font-weight: 400;\">VERRE SAPHIR ANTIREFLET\u00a0<\/span><\/p>\n<p><span style=\"font-weight: 400;\">COURONNE EN ACIER \u00c0 VIS<\/span><span style=\"font-weight: 400;\"> PERSONNALIS\u00c9E AVEC POUSSOIR COAXIAL<\/span><\/p>\n<p><span style=\"font-weight: 400;\">FOND DU BO\u00ceTIER FIX\u00c9 PAR 6 VIS. ZONE CENTRALE EN VERRE SAPHIR AVEC LA SIGNATURE DU PILOTE, PARTIE EXTERNE PERSONNALIS\u00c9E.\u00a0<\/span><\/p>\n<p><span style=\"font-weight: 400;\">DOUBLE FOND EN ACIER AVEC CARTOUCHE POUR GRAVURE PERSONNALIS\u00c9E<\/span><\/p>\n<p><span style=\"font-weight: 400;\">BRACELET EN ALLIGATOR <\/span><span style=\"font-weight: 400;\">AVEC DES SURPIQ\u00dbRES JAUNES<\/span><\/p>\n<p><span style=\"font-weight: 400;\">FERMETURE D\u00c9PLOYANTE D\u00c9CLIC\u00ae<\/span><\/p>\n","protected":false},"excerpt":{"rendered":"<p>CHRONOGRAPHE M\u00c9CANIQUE \u00c0 REMONTAGE AUTOMATIQUE VERRE SAPHIR ANTIREFLET\u00a0 COURONNE EN ACIER \u00c0 VIS PERSONNALIS\u00c9E AVEC POUSSOIR COAXIAL FOND DU BO\u00ceTIER FIX\u00c9 PAR 6 VIS. ZONE CENTRALE EN VERRE SAPHIR AVEC LA SIGNATURE DU PILOTE, PARTIE EXTERNE PERSONNALIS\u00c9E.\u00a0 DOUBLE FOND EN ACIER AVEC CARTOUCHE POUR GRAVURE PERSONNALIS\u00c9E BRACELET EN ALLIGATOR AVEC DES SURPIQ\u00dbRES JAUNES FERMETURE D\u00c9PLOYANTE [&hellip;]<\/p>\n","protected":false},"featured_media":0,"template":"","meta":{"_acf_changed":false,"_seopress_robots_primary_cat":"none","_seopress_titles_title":"","_seopress_titles_desc":"","_seopress_robots_index":"","inline_featured_image":false},"product_cat":[194],"product_tag":[],"collection":[649],"class_list":{"0":"post-36064","1":"product","2":"type-product","3":"status-publish","5":"product_cat-uncategorized-fr","6":"collection-vanderbilt-cup-fr","8":"first","9":"instock","10":"shipping-taxable","11":"purchasable","12":"product-type-simple"},"acf":[],"yoast_head":"<!-- This site is optimized with the Yoast SEO plugin v23.9 - https:\/\/yoast.com\/wordpress\/plugins\/seo\/ -->\n<title>TAZIO NUVOLARI VANDERBILT CUP 31045.2 CPD - Eberhard &amp; Co.<\/title>\n<meta name=\"description\" content=\"CHRONOGRAPHE M\u00c9CANIQUE \u00c0 REMONTAGE AUTOMATIQUE VERRE SAPHIR ANTIREFLET\u00a0 COURONNE EN ACIER \u00c0 VIS PERSONNALIS\u00c9E AVEC POUSSOIR COAXIAL FOND DU BO\u00ceTIER FIX\u00c9\" \/>\n<meta name=\"robots\" content=\"index, follow, max-snippet:-1, max-image-preview:large, max-video-preview:-1\" \/>\n<link rel=\"canonical\" href=\"https:\/\/eberhard.ntyagency.net\/fr\/product\/tazio-nuvolari-vanderbilt-cup-31045-2-2\/\" \/>\n<meta property=\"og:locale\" content=\"fr_FR\" \/>\n<meta property=\"og:type\" content=\"article\" \/>\n<meta property=\"og:title\" content=\"TAZIO NUVOLARI VANDERBILT CUP 31045.2 CPD - Eberhard &amp; Co.\" \/>\n<meta property=\"og:description\" content=\"CHRONOGRAPHE M\u00c9CANIQUE \u00c0 REMONTAGE AUTOMATIQUE VERRE SAPHIR ANTIREFLET\u00a0 COURONNE EN ACIER \u00c0 VIS PERSONNALIS\u00c9E AVEC POUSSOIR COAXIAL FOND DU BO\u00ceTIER FIX\u00c9\" \/>\n<meta property=\"og:url\" content=\"https:\/\/eberhard.ntyagency.net\/fr\/product\/tazio-nuvolari-vanderbilt-cup-31045-2-2\/\" \/>\n<meta property=\"og:site_name\" content=\"Eberhard &amp; Co.\" \/>\n<meta property=\"article:modified_time\" content=\"2025-04-15T09:22:17+00:00\" \/>\n<meta name=\"twitter:card\" content=\"summary_large_image\" \/>\n<script type=\"application\/ld+json\" class=\"yoast-schema-graph\">{\"@context\":\"https:\/\/schema.org\",\"@graph\":[{\"@type\":\"WebPage\",\"@id\":\"https:\/\/eberhard.ntyagency.net\/fr\/product\/tazio-nuvolari-vanderbilt-cup-31045-2-2\/\",\"url\":\"https:\/\/eberhard.ntyagency.net\/fr\/product\/tazio-nuvolari-vanderbilt-cup-31045-2-2\/\",\"name\":\"TAZIO NUVOLARI VANDERBILT CUP 31045.2 CPD - Eberhard &amp; Co.\",\"isPartOf\":{\"@id\":\"https:\/\/eberhard.ntyagency.net\/fr\/#website\"},\"datePublished\":\"2014-03-14T10:51:35+00:00\",\"dateModified\":\"2025-04-15T09:22:17+00:00\",\"description\":\"CHRONOGRAPHE M\u00c9CANIQUE \u00c0 REMONTAGE AUTOMATIQUE VERRE SAPHIR ANTIREFLET\u00a0 COURONNE EN ACIER \u00c0 VIS PERSONNALIS\u00c9E AVEC POUSSOIR COAXIAL FOND DU BO\u00ceTIER FIX\u00c9\",\"breadcrumb\":{\"@id\":\"https:\/\/eberhard.ntyagency.net\/fr\/product\/tazio-nuvolari-vanderbilt-cup-31045-2-2\/#breadcrumb\"},\"inLanguage\":\"fr-FR\",\"potentialAction\":[{\"@type\":\"ReadAction\",\"target\":[\"https:\/\/eberhard.ntyagency.net\/fr\/product\/tazio-nuvolari-vanderbilt-cup-31045-2-2\/\"]}]},{\"@type\":\"BreadcrumbList\",\"@id\":\"https:\/\/eberhard.ntyagency.net\/fr\/product\/tazio-nuvolari-vanderbilt-cup-31045-2-2\/#breadcrumb\",\"itemListElement\":[{\"@type\":\"ListItem\",\"position\":1,\"name\":\"Negozio\",\"item\":\"https:\/\/eberhard.ntyagency.net\/negozio\/\"},{\"@type\":\"ListItem\",\"position\":2,\"name\":\"TAZIO NUVOLARI VANDERBILT CUP 31045.2 CPD\"}]},{\"@type\":\"WebSite\",\"@id\":\"https:\/\/eberhard.ntyagency.net\/fr\/#website\",\"url\":\"https:\/\/eberhard.ntyagency.net\/fr\/\",\"name\":\"Eberhard &amp; Co.\",\"description\":\"\",\"publisher\":{\"@id\":\"https:\/\/eberhard.ntyagency.net\/fr\/#organization\"},\"potentialAction\":[{\"@type\":\"SearchAction\",\"target\":{\"@type\":\"EntryPoint\",\"urlTemplate\":\"https:\/\/eberhard.ntyagency.net\/fr\/?s={search_term_string}\"},\"query-input\":{\"@type\":\"PropertyValueSpecification\",\"valueRequired\":true,\"valueName\":\"search_term_string\"}}],\"inLanguage\":\"fr-FR\"},{\"@type\":\"Organization\",\"@id\":\"https:\/\/eberhard.ntyagency.net\/fr\/#organization\",\"name\":\"Eberhard & Co. Watches\",\"url\":\"https:\/\/eberhard.ntyagency.net\/fr\/\",\"logo\":{\"@type\":\"ImageObject\",\"inLanguage\":\"fr-FR\",\"@id\":\"https:\/\/eberhard.ntyagency.net\/fr\/#\/schema\/logo\/image\/\",\"url\":\"\",\"contentUrl\":\"\",\"caption\":\"Eberhard & Co. Watches\"},\"image\":{\"@id\":\"https:\/\/eberhard.ntyagency.net\/fr\/#\/schema\/logo\/image\/\"}}]}<\/script>\n<!-- \/ Yoast SEO plugin. -->","yoast_head_json":{"title":"TAZIO NUVOLARI VANDERBILT CUP 31045.2 CPD - Eberhard &amp; Co.","description":"CHRONOGRAPHE M\u00c9CANIQUE \u00c0 REMONTAGE AUTOMATIQUE VERRE SAPHIR ANTIREFLET\u00a0 COURONNE EN ACIER \u00c0 VIS PERSONNALIS\u00c9E AVEC POUSSOIR COAXIAL FOND DU BO\u00ceTIER FIX\u00c9","robots":{"index":"index","follow":"follow","max-snippet":"max-snippet:-1","max-image-preview":"max-image-preview:large","max-video-preview":"max-video-preview:-1"},"canonical":"https:\/\/eberhard.ntyagency.net\/fr\/product\/tazio-nuvolari-vanderbilt-cup-31045-2-2\/","og_locale":"fr_FR","og_type":"article","og_title":"TAZIO NUVOLARI VANDERBILT CUP 31045.2 CPD - Eberhard &amp; Co.","og_description":"CHRONOGRAPHE M\u00c9CANIQUE \u00c0 REMONTAGE AUTOMATIQUE VERRE SAPHIR ANTIREFLET\u00a0 COURONNE EN ACIER \u00c0 VIS PERSONNALIS\u00c9E AVEC POUSSOIR COAXIAL FOND DU BO\u00ceTIER FIX\u00c9","og_url":"https:\/\/eberhard.ntyagency.net\/fr\/product\/tazio-nuvolari-vanderbilt-cup-31045-2-2\/","og_site_name":"Eberhard &amp; Co.","article_modified_time":"2025-04-15T09:22:17+00:00","twitter_card":"summary_large_image","schema":{"@context":"https:\/\/schema.org","@graph":[{"@type":"WebPage","@id":"https:\/\/eberhard.ntyagency.net\/fr\/product\/tazio-nuvolari-vanderbilt-cup-31045-2-2\/","url":"https:\/\/eberhard.ntyagency.net\/fr\/product\/tazio-nuvolari-vanderbilt-cup-31045-2-2\/","name":"TAZIO NUVOLARI VANDERBILT CUP 31045.2 CPD - Eberhard &amp; Co.","isPartOf":{"@id":"https:\/\/eberhard.ntyagency.net\/fr\/#website"},"datePublished":"2014-03-14T10:51:35+00:00","dateModified":"2025-04-15T09:22:17+00:00","description":"CHRONOGRAPHE M\u00c9CANIQUE \u00c0 REMONTAGE AUTOMATIQUE VERRE SAPHIR ANTIREFLET\u00a0 COURONNE EN ACIER \u00c0 VIS PERSONNALIS\u00c9E AVEC POUSSOIR COAXIAL FOND DU BO\u00ceTIER FIX\u00c9","breadcrumb":{"@id":"https:\/\/eberhard.ntyagency.net\/fr\/product\/tazio-nuvolari-vanderbilt-cup-31045-2-2\/#breadcrumb"},"inLanguage":"fr-FR","potentialAction":[{"@type":"ReadAction","target":["https:\/\/eberhard.ntyagency.net\/fr\/product\/tazio-nuvolari-vanderbilt-cup-31045-2-2\/"]}]},{"@type":"BreadcrumbList","@id":"https:\/\/eberhard.ntyagency.net\/fr\/product\/tazio-nuvolari-vanderbilt-cup-31045-2-2\/#breadcrumb","itemListElement":[{"@type":"ListItem","position":1,"name":"Negozio","item":"https:\/\/eberhard.ntyagency.net\/negozio\/"},{"@type":"ListItem","position":2,"name":"TAZIO NUVOLARI VANDERBILT CUP 31045.2 CPD"}]},{"@type":"WebSite","@id":"https:\/\/eberhard.ntyagency.net\/fr\/#website","url":"https:\/\/eberhard.ntyagency.net\/fr\/","name":"Eberhard &amp; Co.","description":"","publisher":{"@id":"https:\/\/eberhard.ntyagency.net\/fr\/#organization"},"potentialAction":[{"@type":"SearchAction","target":{"@type":"EntryPoint","urlTemplate":"https:\/\/eberhard.ntyagency.net\/fr\/?s={search_term_string}"},"query-input":{"@type":"PropertyValueSpecification","valueRequired":true,"valueName":"search_term_string"}}],"inLanguage":"fr-FR"},{"@type":"Organization","@id":"https:\/\/eberhard.ntyagency.net\/fr\/#organization","name":"Eberhard & Co. Watches","url":"https:\/\/eberhard.ntyagency.net\/fr\/","logo":{"@type":"ImageObject","inLanguage":"fr-FR","@id":"https:\/\/eberhard.ntyagency.net\/fr\/#\/schema\/logo\/image\/","url":"","contentUrl":"","caption":"Eberhard & Co. Watches"},"image":{"@id":"https:\/\/eberhard.ntyagency.net\/fr\/#\/schema\/logo\/image\/"}}]}},"_links":{"self":[{"href":"https:\/\/eberhard.ntyagency.net\/fr\/wp-json\/wp\/v2\/product\/36064","targetHints":{"allow":["GET"]}}],"collection":[{"href":"https:\/\/eberhard.ntyagency.net\/fr\/wp-json\/wp\/v2\/product"}],"about":[{"href":"https:\/\/eberhard.ntyagency.net\/fr\/wp-json\/wp\/v2\/types\/product"}],"wp:attachment":[{"href":"https:\/\/eberhard.ntyagency.net\/fr\/wp-json\/wp\/v2\/media?parent=36064"}],"wp:term":[{"taxonomy":"product_cat","embeddable":true,"href":"https:\/\/eberhard.ntyagency.net\/fr\/wp-json\/wp\/v2\/product_cat?post=36064"},{"taxonomy":"product_tag","embeddable":true,"href":"https:\/\/eberhard.ntyagency.net\/fr\/wp-json\/wp\/v2\/product_tag?post=36064"},{"taxonomy":"collection","embeddable":true,"href":"https:\/\/eberhard.ntyagency.net\/fr\/wp-json\/wp\/v2\/collection?post=36064"}],"curies":[{"name":"wp","href":"https:\/\/api.w.org\/{rel}","templated":true}]}}