{"id":35938,"date":"2017-02-28T16:15:18","date_gmt":"2017-02-28T15:15:18","guid":{"rendered":"https:\/\/eberhard.ntyagency.net\/prodotto\/scafograf-gmt-41038-2\/"},"modified":"2025-02-26T03:16:12","modified_gmt":"2025-02-26T02:16:12","slug":"scafograf-gmt-41038-2","status":"publish","type":"product","link":"https:\/\/eberhard.ntyagency.net\/fr\/product\/scafograf-gmt-41038-2\/","title":{"rendered":"SCAFOGRAF GMT 41038.02 CU"},"content":{"rendered":"<p>M\u00c9CANIQUE \u00c0 REMONTAGE AUTOMATIQUE<\/p>\n<p>VERRE SAPHIR CONVEXE ANTIREFLET<\/p>\n<p>COURONNE EN ACIER PERSONNALIS\u00c9E<\/p>\n<p>FOND DU BO\u00ceTIER VISS\u00c9 PERSONNALIS\u00c9 AVEC UN H\u00c9MISPH\u00c8RE GRAV\u00c9<\/p>\n<p>BRACELET EN CAOUTCHOUC, INT\u00c9GR\u00c9, PERSONNALIS\u00c9<\/p>\n<p>BOUCLE EN ACIER PERSONNALIS\u00c9E<\/p>\n<p>OPTIONNEL:<br \/>\nFERMETURE D\u00c9PLOYANTE D\u00c9CLIC\u00ae<\/p>\n","protected":false},"excerpt":{"rendered":"<p>M\u00c9CANIQUE \u00c0 REMONTAGE AUTOMATIQUE VERRE SAPHIR CONVEXE ANTIREFLET COURONNE EN ACIER PERSONNALIS\u00c9E FOND DU BO\u00ceTIER VISS\u00c9 PERSONNALIS\u00c9 AVEC UN H\u00c9MISPH\u00c8RE GRAV\u00c9 BRACELET EN CAOUTCHOUC, INT\u00c9GR\u00c9, PERSONNALIS\u00c9 BOUCLE EN ACIER PERSONNALIS\u00c9E OPTIONNEL: FERMETURE D\u00c9PLOYANTE D\u00c9CLIC\u00ae<\/p>\n","protected":false},"featured_media":0,"template":"","meta":{"_acf_changed":false,"_seopress_robots_primary_cat":"none","_seopress_titles_title":"","_seopress_titles_desc":"","_seopress_robots_index":"","inline_featured_image":false},"product_cat":[194],"product_tag":[],"collection":[735],"class_list":{"0":"post-35938","1":"product","2":"type-product","3":"status-publish","5":"product_cat-uncategorized-fr","6":"collection-scafofraf-gmt-fr","8":"first","9":"instock","10":"shipping-taxable","11":"purchasable","12":"product-type-simple"},"acf":[],"yoast_head":"<!-- This site is optimized with the Yoast SEO plugin v23.9 - https:\/\/yoast.com\/wordpress\/plugins\/seo\/ -->\n<title>SCAFOGRAF GMT 41038.02 CU - Eberhard &amp; Co.<\/title>\n<meta name=\"description\" content=\"M\u00c9CANIQUE \u00c0 REMONTAGE AUTOMATIQUE VERRE SAPHIR CONVEXE ANTIREFLET COURONNE EN ACIER PERSONNALIS\u00c9E FOND DU BO\u00ceTIER VISS\u00c9 PERSONNALIS\u00c9 AVEC UN H\u00c9MISPH\u00c8RE\" \/>\n<meta name=\"robots\" content=\"index, follow, max-snippet:-1, max-image-preview:large, max-video-preview:-1\" \/>\n<link rel=\"canonical\" href=\"https:\/\/eberhard.ntyagency.net\/fr\/product\/scafograf-gmt-41038-2\/\" \/>\n<meta property=\"og:locale\" content=\"fr_FR\" \/>\n<meta property=\"og:type\" content=\"article\" \/>\n<meta property=\"og:title\" content=\"SCAFOGRAF GMT 41038.02 CU - Eberhard &amp; Co.\" \/>\n<meta property=\"og:description\" content=\"M\u00c9CANIQUE \u00c0 REMONTAGE AUTOMATIQUE VERRE SAPHIR CONVEXE ANTIREFLET COURONNE EN ACIER PERSONNALIS\u00c9E FOND DU BO\u00ceTIER VISS\u00c9 PERSONNALIS\u00c9 AVEC UN H\u00c9MISPH\u00c8RE\" \/>\n<meta property=\"og:url\" content=\"https:\/\/eberhard.ntyagency.net\/fr\/product\/scafograf-gmt-41038-2\/\" \/>\n<meta property=\"og:site_name\" content=\"Eberhard &amp; Co.\" \/>\n<meta property=\"article:modified_time\" content=\"2025-02-26T02:16:12+00:00\" \/>\n<meta name=\"twitter:card\" content=\"summary_large_image\" \/>\n<script type=\"application\/ld+json\" class=\"yoast-schema-graph\">{\"@context\":\"https:\/\/schema.org\",\"@graph\":[{\"@type\":\"WebPage\",\"@id\":\"https:\/\/eberhard.ntyagency.net\/fr\/product\/scafograf-gmt-41038-2\/\",\"url\":\"https:\/\/eberhard.ntyagency.net\/fr\/product\/scafograf-gmt-41038-2\/\",\"name\":\"SCAFOGRAF GMT 41038.02 CU - Eberhard &amp; Co.\",\"isPartOf\":{\"@id\":\"https:\/\/eberhard.ntyagency.net\/fr\/#website\"},\"datePublished\":\"2017-02-28T15:15:18+00:00\",\"dateModified\":\"2025-02-26T02:16:12+00:00\",\"description\":\"M\u00c9CANIQUE \u00c0 REMONTAGE AUTOMATIQUE VERRE SAPHIR CONVEXE ANTIREFLET COURONNE EN ACIER PERSONNALIS\u00c9E FOND DU BO\u00ceTIER VISS\u00c9 PERSONNALIS\u00c9 AVEC UN H\u00c9MISPH\u00c8RE\",\"breadcrumb\":{\"@id\":\"https:\/\/eberhard.ntyagency.net\/fr\/product\/scafograf-gmt-41038-2\/#breadcrumb\"},\"inLanguage\":\"fr-FR\",\"potentialAction\":[{\"@type\":\"ReadAction\",\"target\":[\"https:\/\/eberhard.ntyagency.net\/fr\/product\/scafograf-gmt-41038-2\/\"]}]},{\"@type\":\"BreadcrumbList\",\"@id\":\"https:\/\/eberhard.ntyagency.net\/fr\/product\/scafograf-gmt-41038-2\/#breadcrumb\",\"itemListElement\":[{\"@type\":\"ListItem\",\"position\":1,\"name\":\"Negozio\",\"item\":\"https:\/\/eberhard.ntyagency.net\/negozio\/\"},{\"@type\":\"ListItem\",\"position\":2,\"name\":\"SCAFOGRAF GMT 41038.02 CU\"}]},{\"@type\":\"WebSite\",\"@id\":\"https:\/\/eberhard.ntyagency.net\/fr\/#website\",\"url\":\"https:\/\/eberhard.ntyagency.net\/fr\/\",\"name\":\"Eberhard &amp; Co.\",\"description\":\"\",\"publisher\":{\"@id\":\"https:\/\/eberhard.ntyagency.net\/fr\/#organization\"},\"potentialAction\":[{\"@type\":\"SearchAction\",\"target\":{\"@type\":\"EntryPoint\",\"urlTemplate\":\"https:\/\/eberhard.ntyagency.net\/fr\/?s={search_term_string}\"},\"query-input\":{\"@type\":\"PropertyValueSpecification\",\"valueRequired\":true,\"valueName\":\"search_term_string\"}}],\"inLanguage\":\"fr-FR\"},{\"@type\":\"Organization\",\"@id\":\"https:\/\/eberhard.ntyagency.net\/fr\/#organization\",\"name\":\"Eberhard & Co. Watches\",\"url\":\"https:\/\/eberhard.ntyagency.net\/fr\/\",\"logo\":{\"@type\":\"ImageObject\",\"inLanguage\":\"fr-FR\",\"@id\":\"https:\/\/eberhard.ntyagency.net\/fr\/#\/schema\/logo\/image\/\",\"url\":\"\",\"contentUrl\":\"\",\"caption\":\"Eberhard & Co. Watches\"},\"image\":{\"@id\":\"https:\/\/eberhard.ntyagency.net\/fr\/#\/schema\/logo\/image\/\"}}]}<\/script>\n<!-- \/ Yoast SEO plugin. -->","yoast_head_json":{"title":"SCAFOGRAF GMT 41038.02 CU - Eberhard &amp; Co.","description":"M\u00c9CANIQUE \u00c0 REMONTAGE AUTOMATIQUE VERRE SAPHIR CONVEXE ANTIREFLET COURONNE EN ACIER PERSONNALIS\u00c9E FOND DU BO\u00ceTIER VISS\u00c9 PERSONNALIS\u00c9 AVEC UN H\u00c9MISPH\u00c8RE","robots":{"index":"index","follow":"follow","max-snippet":"max-snippet:-1","max-image-preview":"max-image-preview:large","max-video-preview":"max-video-preview:-1"},"canonical":"https:\/\/eberhard.ntyagency.net\/fr\/product\/scafograf-gmt-41038-2\/","og_locale":"fr_FR","og_type":"article","og_title":"SCAFOGRAF GMT 41038.02 CU - Eberhard &amp; Co.","og_description":"M\u00c9CANIQUE \u00c0 REMONTAGE AUTOMATIQUE VERRE SAPHIR CONVEXE ANTIREFLET COURONNE EN ACIER PERSONNALIS\u00c9E FOND DU BO\u00ceTIER VISS\u00c9 PERSONNALIS\u00c9 AVEC UN H\u00c9MISPH\u00c8RE","og_url":"https:\/\/eberhard.ntyagency.net\/fr\/product\/scafograf-gmt-41038-2\/","og_site_name":"Eberhard &amp; Co.","article_modified_time":"2025-02-26T02:16:12+00:00","twitter_card":"summary_large_image","schema":{"@context":"https:\/\/schema.org","@graph":[{"@type":"WebPage","@id":"https:\/\/eberhard.ntyagency.net\/fr\/product\/scafograf-gmt-41038-2\/","url":"https:\/\/eberhard.ntyagency.net\/fr\/product\/scafograf-gmt-41038-2\/","name":"SCAFOGRAF GMT 41038.02 CU - Eberhard &amp; Co.","isPartOf":{"@id":"https:\/\/eberhard.ntyagency.net\/fr\/#website"},"datePublished":"2017-02-28T15:15:18+00:00","dateModified":"2025-02-26T02:16:12+00:00","description":"M\u00c9CANIQUE \u00c0 REMONTAGE AUTOMATIQUE VERRE SAPHIR CONVEXE ANTIREFLET COURONNE EN ACIER PERSONNALIS\u00c9E FOND DU BO\u00ceTIER VISS\u00c9 PERSONNALIS\u00c9 AVEC UN H\u00c9MISPH\u00c8RE","breadcrumb":{"@id":"https:\/\/eberhard.ntyagency.net\/fr\/product\/scafograf-gmt-41038-2\/#breadcrumb"},"inLanguage":"fr-FR","potentialAction":[{"@type":"ReadAction","target":["https:\/\/eberhard.ntyagency.net\/fr\/product\/scafograf-gmt-41038-2\/"]}]},{"@type":"BreadcrumbList","@id":"https:\/\/eberhard.ntyagency.net\/fr\/product\/scafograf-gmt-41038-2\/#breadcrumb","itemListElement":[{"@type":"ListItem","position":1,"name":"Negozio","item":"https:\/\/eberhard.ntyagency.net\/negozio\/"},{"@type":"ListItem","position":2,"name":"SCAFOGRAF GMT 41038.02 CU"}]},{"@type":"WebSite","@id":"https:\/\/eberhard.ntyagency.net\/fr\/#website","url":"https:\/\/eberhard.ntyagency.net\/fr\/","name":"Eberhard &amp; Co.","description":"","publisher":{"@id":"https:\/\/eberhard.ntyagency.net\/fr\/#organization"},"potentialAction":[{"@type":"SearchAction","target":{"@type":"EntryPoint","urlTemplate":"https:\/\/eberhard.ntyagency.net\/fr\/?s={search_term_string}"},"query-input":{"@type":"PropertyValueSpecification","valueRequired":true,"valueName":"search_term_string"}}],"inLanguage":"fr-FR"},{"@type":"Organization","@id":"https:\/\/eberhard.ntyagency.net\/fr\/#organization","name":"Eberhard & Co. Watches","url":"https:\/\/eberhard.ntyagency.net\/fr\/","logo":{"@type":"ImageObject","inLanguage":"fr-FR","@id":"https:\/\/eberhard.ntyagency.net\/fr\/#\/schema\/logo\/image\/","url":"","contentUrl":"","caption":"Eberhard & Co. Watches"},"image":{"@id":"https:\/\/eberhard.ntyagency.net\/fr\/#\/schema\/logo\/image\/"}}]}},"_links":{"self":[{"href":"https:\/\/eberhard.ntyagency.net\/fr\/wp-json\/wp\/v2\/product\/35938","targetHints":{"allow":["GET"]}}],"collection":[{"href":"https:\/\/eberhard.ntyagency.net\/fr\/wp-json\/wp\/v2\/product"}],"about":[{"href":"https:\/\/eberhard.ntyagency.net\/fr\/wp-json\/wp\/v2\/types\/product"}],"wp:attachment":[{"href":"https:\/\/eberhard.ntyagency.net\/fr\/wp-json\/wp\/v2\/media?parent=35938"}],"wp:term":[{"taxonomy":"product_cat","embeddable":true,"href":"https:\/\/eberhard.ntyagency.net\/fr\/wp-json\/wp\/v2\/product_cat?post=35938"},{"taxonomy":"product_tag","embeddable":true,"href":"https:\/\/eberhard.ntyagency.net\/fr\/wp-json\/wp\/v2\/product_tag?post=35938"},{"taxonomy":"collection","embeddable":true,"href":"https:\/\/eberhard.ntyagency.net\/fr\/wp-json\/wp\/v2\/collection?post=35938"}],"curies":[{"name":"wp","href":"https:\/\/api.w.org\/{rel}","templated":true}]}}