{"id":35656,"date":"2014-03-14T15:12:35","date_gmt":"2014-03-14T14:12:35","guid":{"rendered":"https:\/\/eberhard.ntyagency.net\/prodotto\/gilda-grand-pave-gold-60067-12br226-qb\/"},"modified":"2025-02-27T18:42:23","modified_gmt":"2025-02-27T17:42:23","slug":"gilda-grand-pave-gold-60067-12br226-qb","status":"publish","type":"product","link":"https:\/\/eberhard.ntyagency.net\/fr\/product\/gilda-grand-pave-gold-60067-12br226-qb\/","title":{"rendered":"GILDA GRAND PAV\u00c9 GOLD 60067.12\/BR226 QB"},"content":{"rendered":"<p>QUARTZ<\/p>\n<p>VERRE SAPHIR CONVEXE SPH\u00c9RIQUE (PATENTED) AVEC TRAITEMENT ANTIREFLET SUR LA SURFACE INTERNE<\/p>\n<p>COURONNE EN OR ROUGE 18 CT. AVEC 14 BRILLANTS, PERSONNALIS\u00c9E<\/p>\n<p>LUNETTE EN OR ROUGE 18 CT. AVEC 212 BRILLANTS<\/p>\n<p>FOND FIX\u00c9 PAR 4 VIS DISSIMUL\u00c9ES, PERSONNALIS\u00c9 AVEC UNE GRAVURE \u00c0 MOTIF FLORAL<\/p>\n<p>BRACELET EN ALLIGATOR<\/p>\n<p>BOUCLE ELLIPTIQUE PLAQU\u00c9E, PERSONNALIS\u00c9E<\/p>\n","protected":false},"excerpt":{"rendered":"<p>QUARTZ VERRE SAPHIR CONVEXE SPH\u00c9RIQUE (PATENTED) AVEC TRAITEMENT ANTIREFLET SUR LA SURFACE INTERNE COURONNE EN OR ROUGE 18 CT. AVEC 14 BRILLANTS, PERSONNALIS\u00c9E LUNETTE EN OR ROUGE 18 CT. AVEC 212 BRILLANTS FOND FIX\u00c9 PAR 4 VIS DISSIMUL\u00c9ES, PERSONNALIS\u00c9 AVEC UNE GRAVURE \u00c0 MOTIF FLORAL BRACELET EN ALLIGATOR BOUCLE ELLIPTIQUE PLAQU\u00c9E, PERSONNALIS\u00c9E<\/p>\n","protected":false},"featured_media":0,"template":"","meta":{"_acf_changed":false,"_seopress_robots_primary_cat":"none","_seopress_titles_title":"","_seopress_titles_desc":"","_seopress_robots_index":"","inline_featured_image":false},"product_cat":[194],"product_tag":[],"collection":[592],"class_list":{"0":"post-35656","1":"product","2":"type-product","3":"status-publish","5":"product_cat-uncategorized-fr","6":"collection-gilda-gilda-fr","8":"first","9":"instock","10":"shipping-taxable","11":"purchasable","12":"product-type-simple"},"acf":[],"yoast_head":"<!-- This site is optimized with the Yoast SEO plugin v23.9 - https:\/\/yoast.com\/wordpress\/plugins\/seo\/ -->\n<title>GILDA GRAND PAV\u00c9 GOLD 60067.12\/BR226 QB - Eberhard &amp; Co.<\/title>\n<meta name=\"description\" content=\"QUARTZ VERRE SAPHIR CONVEXE SPH\u00c9RIQUE (PATENTED) AVEC TRAITEMENT ANTIREFLET SUR LA SURFACE INTERNE COURONNE EN OR ROUGE 18 CT. AVEC 14 BRILLANTS,\" \/>\n<meta name=\"robots\" content=\"index, follow, max-snippet:-1, max-image-preview:large, max-video-preview:-1\" \/>\n<link rel=\"canonical\" href=\"https:\/\/eberhard.ntyagency.net\/fr\/product\/gilda-grand-pave-gold-60067-12br226-qb\/\" \/>\n<meta property=\"og:locale\" content=\"fr_FR\" \/>\n<meta property=\"og:type\" content=\"article\" \/>\n<meta property=\"og:title\" content=\"GILDA GRAND PAV\u00c9 GOLD 60067.12\/BR226 QB - Eberhard &amp; Co.\" \/>\n<meta property=\"og:description\" content=\"QUARTZ VERRE SAPHIR CONVEXE SPH\u00c9RIQUE (PATENTED) AVEC TRAITEMENT ANTIREFLET SUR LA SURFACE INTERNE COURONNE EN OR ROUGE 18 CT. AVEC 14 BRILLANTS,\" \/>\n<meta property=\"og:url\" content=\"https:\/\/eberhard.ntyagency.net\/fr\/product\/gilda-grand-pave-gold-60067-12br226-qb\/\" \/>\n<meta property=\"og:site_name\" content=\"Eberhard &amp; Co.\" \/>\n<meta property=\"article:modified_time\" content=\"2025-02-27T17:42:23+00:00\" \/>\n<meta name=\"twitter:card\" content=\"summary_large_image\" \/>\n<script type=\"application\/ld+json\" class=\"yoast-schema-graph\">{\"@context\":\"https:\/\/schema.org\",\"@graph\":[{\"@type\":\"WebPage\",\"@id\":\"https:\/\/eberhard.ntyagency.net\/fr\/product\/gilda-grand-pave-gold-60067-12br226-qb\/\",\"url\":\"https:\/\/eberhard.ntyagency.net\/fr\/product\/gilda-grand-pave-gold-60067-12br226-qb\/\",\"name\":\"GILDA GRAND PAV\u00c9 GOLD 60067.12\/BR226 QB - Eberhard &amp; Co.\",\"isPartOf\":{\"@id\":\"https:\/\/eberhard.ntyagency.net\/fr\/#website\"},\"datePublished\":\"2014-03-14T14:12:35+00:00\",\"dateModified\":\"2025-02-27T17:42:23+00:00\",\"description\":\"QUARTZ VERRE SAPHIR CONVEXE SPH\u00c9RIQUE (PATENTED) AVEC TRAITEMENT ANTIREFLET SUR LA SURFACE INTERNE COURONNE EN OR ROUGE 18 CT. AVEC 14 BRILLANTS,\",\"breadcrumb\":{\"@id\":\"https:\/\/eberhard.ntyagency.net\/fr\/product\/gilda-grand-pave-gold-60067-12br226-qb\/#breadcrumb\"},\"inLanguage\":\"fr-FR\",\"potentialAction\":[{\"@type\":\"ReadAction\",\"target\":[\"https:\/\/eberhard.ntyagency.net\/fr\/product\/gilda-grand-pave-gold-60067-12br226-qb\/\"]}]},{\"@type\":\"BreadcrumbList\",\"@id\":\"https:\/\/eberhard.ntyagency.net\/fr\/product\/gilda-grand-pave-gold-60067-12br226-qb\/#breadcrumb\",\"itemListElement\":[{\"@type\":\"ListItem\",\"position\":1,\"name\":\"Negozio\",\"item\":\"https:\/\/eberhard.ntyagency.net\/negozio\/\"},{\"@type\":\"ListItem\",\"position\":2,\"name\":\"GILDA GRAND PAV\u00c9 GOLD 60067.12\/BR226 QB\"}]},{\"@type\":\"WebSite\",\"@id\":\"https:\/\/eberhard.ntyagency.net\/fr\/#website\",\"url\":\"https:\/\/eberhard.ntyagency.net\/fr\/\",\"name\":\"Eberhard &amp; Co.\",\"description\":\"\",\"publisher\":{\"@id\":\"https:\/\/eberhard.ntyagency.net\/fr\/#organization\"},\"potentialAction\":[{\"@type\":\"SearchAction\",\"target\":{\"@type\":\"EntryPoint\",\"urlTemplate\":\"https:\/\/eberhard.ntyagency.net\/fr\/?s={search_term_string}\"},\"query-input\":{\"@type\":\"PropertyValueSpecification\",\"valueRequired\":true,\"valueName\":\"search_term_string\"}}],\"inLanguage\":\"fr-FR\"},{\"@type\":\"Organization\",\"@id\":\"https:\/\/eberhard.ntyagency.net\/fr\/#organization\",\"name\":\"Eberhard & Co. Watches\",\"url\":\"https:\/\/eberhard.ntyagency.net\/fr\/\",\"logo\":{\"@type\":\"ImageObject\",\"inLanguage\":\"fr-FR\",\"@id\":\"https:\/\/eberhard.ntyagency.net\/fr\/#\/schema\/logo\/image\/\",\"url\":\"\",\"contentUrl\":\"\",\"caption\":\"Eberhard & Co. Watches\"},\"image\":{\"@id\":\"https:\/\/eberhard.ntyagency.net\/fr\/#\/schema\/logo\/image\/\"}}]}<\/script>\n<!-- \/ Yoast SEO plugin. -->","yoast_head_json":{"title":"GILDA GRAND PAV\u00c9 GOLD 60067.12\/BR226 QB - Eberhard &amp; Co.","description":"QUARTZ VERRE SAPHIR CONVEXE SPH\u00c9RIQUE (PATENTED) AVEC TRAITEMENT ANTIREFLET SUR LA SURFACE INTERNE COURONNE EN OR ROUGE 18 CT. AVEC 14 BRILLANTS,","robots":{"index":"index","follow":"follow","max-snippet":"max-snippet:-1","max-image-preview":"max-image-preview:large","max-video-preview":"max-video-preview:-1"},"canonical":"https:\/\/eberhard.ntyagency.net\/fr\/product\/gilda-grand-pave-gold-60067-12br226-qb\/","og_locale":"fr_FR","og_type":"article","og_title":"GILDA GRAND PAV\u00c9 GOLD 60067.12\/BR226 QB - Eberhard &amp; Co.","og_description":"QUARTZ VERRE SAPHIR CONVEXE SPH\u00c9RIQUE (PATENTED) AVEC TRAITEMENT ANTIREFLET SUR LA SURFACE INTERNE COURONNE EN OR ROUGE 18 CT. AVEC 14 BRILLANTS,","og_url":"https:\/\/eberhard.ntyagency.net\/fr\/product\/gilda-grand-pave-gold-60067-12br226-qb\/","og_site_name":"Eberhard &amp; Co.","article_modified_time":"2025-02-27T17:42:23+00:00","twitter_card":"summary_large_image","schema":{"@context":"https:\/\/schema.org","@graph":[{"@type":"WebPage","@id":"https:\/\/eberhard.ntyagency.net\/fr\/product\/gilda-grand-pave-gold-60067-12br226-qb\/","url":"https:\/\/eberhard.ntyagency.net\/fr\/product\/gilda-grand-pave-gold-60067-12br226-qb\/","name":"GILDA GRAND PAV\u00c9 GOLD 60067.12\/BR226 QB - Eberhard &amp; Co.","isPartOf":{"@id":"https:\/\/eberhard.ntyagency.net\/fr\/#website"},"datePublished":"2014-03-14T14:12:35+00:00","dateModified":"2025-02-27T17:42:23+00:00","description":"QUARTZ VERRE SAPHIR CONVEXE SPH\u00c9RIQUE (PATENTED) AVEC TRAITEMENT ANTIREFLET SUR LA SURFACE INTERNE COURONNE EN OR ROUGE 18 CT. AVEC 14 BRILLANTS,","breadcrumb":{"@id":"https:\/\/eberhard.ntyagency.net\/fr\/product\/gilda-grand-pave-gold-60067-12br226-qb\/#breadcrumb"},"inLanguage":"fr-FR","potentialAction":[{"@type":"ReadAction","target":["https:\/\/eberhard.ntyagency.net\/fr\/product\/gilda-grand-pave-gold-60067-12br226-qb\/"]}]},{"@type":"BreadcrumbList","@id":"https:\/\/eberhard.ntyagency.net\/fr\/product\/gilda-grand-pave-gold-60067-12br226-qb\/#breadcrumb","itemListElement":[{"@type":"ListItem","position":1,"name":"Negozio","item":"https:\/\/eberhard.ntyagency.net\/negozio\/"},{"@type":"ListItem","position":2,"name":"GILDA GRAND PAV\u00c9 GOLD 60067.12\/BR226 QB"}]},{"@type":"WebSite","@id":"https:\/\/eberhard.ntyagency.net\/fr\/#website","url":"https:\/\/eberhard.ntyagency.net\/fr\/","name":"Eberhard &amp; Co.","description":"","publisher":{"@id":"https:\/\/eberhard.ntyagency.net\/fr\/#organization"},"potentialAction":[{"@type":"SearchAction","target":{"@type":"EntryPoint","urlTemplate":"https:\/\/eberhard.ntyagency.net\/fr\/?s={search_term_string}"},"query-input":{"@type":"PropertyValueSpecification","valueRequired":true,"valueName":"search_term_string"}}],"inLanguage":"fr-FR"},{"@type":"Organization","@id":"https:\/\/eberhard.ntyagency.net\/fr\/#organization","name":"Eberhard & Co. Watches","url":"https:\/\/eberhard.ntyagency.net\/fr\/","logo":{"@type":"ImageObject","inLanguage":"fr-FR","@id":"https:\/\/eberhard.ntyagency.net\/fr\/#\/schema\/logo\/image\/","url":"","contentUrl":"","caption":"Eberhard & Co. Watches"},"image":{"@id":"https:\/\/eberhard.ntyagency.net\/fr\/#\/schema\/logo\/image\/"}}]}},"_links":{"self":[{"href":"https:\/\/eberhard.ntyagency.net\/fr\/wp-json\/wp\/v2\/product\/35656","targetHints":{"allow":["GET"]}}],"collection":[{"href":"https:\/\/eberhard.ntyagency.net\/fr\/wp-json\/wp\/v2\/product"}],"about":[{"href":"https:\/\/eberhard.ntyagency.net\/fr\/wp-json\/wp\/v2\/types\/product"}],"wp:attachment":[{"href":"https:\/\/eberhard.ntyagency.net\/fr\/wp-json\/wp\/v2\/media?parent=35656"}],"wp:term":[{"taxonomy":"product_cat","embeddable":true,"href":"https:\/\/eberhard.ntyagency.net\/fr\/wp-json\/wp\/v2\/product_cat?post=35656"},{"taxonomy":"product_tag","embeddable":true,"href":"https:\/\/eberhard.ntyagency.net\/fr\/wp-json\/wp\/v2\/product_tag?post=35656"},{"taxonomy":"collection","embeddable":true,"href":"https:\/\/eberhard.ntyagency.net\/fr\/wp-json\/wp\/v2\/collection?post=35656"}],"curies":[{"name":"wp","href":"https:\/\/api.w.org\/{rel}","templated":true}]}}