{"id":35635,"date":"2014-03-14T15:05:07","date_gmt":"2014-03-14T14:05:07","guid":{"rendered":"https:\/\/eberhard.ntyagency.net\/prodotto\/gilda-61008-4-br87-r\/"},"modified":"2025-02-27T19:20:53","modified_gmt":"2025-02-27T18:20:53","slug":"gilda-61008-4-br87-r","status":"publish","type":"product","link":"https:\/\/eberhard.ntyagency.net\/fr\/product\/gilda-61008-4-br87-r\/","title":{"rendered":"GILDA 61008.4 BR87 R"},"content":{"rendered":"<p>QUARTZ<\/p>\n<p>VERRE SAPHIR CONVEXE SPH\u00c9RIQUE (PATENTED) AVEC TRAITEMENT ANTIREFLET \u00c0 L\u2019INT\u00c9RIEUR<\/p>\n<p>COURONNE EN ACIER PERSONNALIS\u00c9E<\/p>\n<p>LUNETTE AVEC RUBIS ET BRILLANTS (0,588 CT.)<\/p>\n<p>FOND DU BO\u00ceTIER FIX\u00c9 PAR 4 VIS, PERSONNALIS\u00c9 AVEC UN MOTIF FLORAL GRAV\u00c9<\/p>\n<p>BRACELET CH\u00c9RI\u00ae EN ACIER<\/p>\n","protected":false},"excerpt":{"rendered":"<p>QUARTZ VERRE SAPHIR CONVEXE SPH\u00c9RIQUE (PATENTED) AVEC TRAITEMENT ANTIREFLET \u00c0 L\u2019INT\u00c9RIEUR COURONNE EN ACIER PERSONNALIS\u00c9E LUNETTE AVEC RUBIS ET BRILLANTS (0,588 CT.) FOND DU BO\u00ceTIER FIX\u00c9 PAR 4 VIS, PERSONNALIS\u00c9 AVEC UN MOTIF FLORAL GRAV\u00c9 BRACELET CH\u00c9RI\u00ae EN ACIER<\/p>\n","protected":false},"featured_media":0,"template":"","meta":{"_acf_changed":false,"_seopress_robots_primary_cat":"none","_seopress_titles_title":"","_seopress_titles_desc":"","_seopress_robots_index":"","inline_featured_image":false},"product_cat":[194],"product_tag":[],"collection":[592],"class_list":{"0":"post-35635","1":"product","2":"type-product","3":"status-publish","5":"product_cat-uncategorized-fr","6":"collection-gilda-gilda-fr","8":"first","9":"instock","10":"shipping-taxable","11":"purchasable","12":"product-type-simple"},"acf":[],"yoast_head":"<!-- This site is optimized with the Yoast SEO plugin v23.9 - https:\/\/yoast.com\/wordpress\/plugins\/seo\/ -->\n<title>GILDA 61008.4 BR87 R - Eberhard &amp; Co.<\/title>\n<meta name=\"description\" content=\"QUARTZ VERRE SAPHIR CONVEXE SPH\u00c9RIQUE (PATENTED) AVEC TRAITEMENT ANTIREFLET \u00c0 L\u2019INT\u00c9RIEUR COURONNE EN ACIER PERSONNALIS\u00c9E LUNETTE AVEC RUBIS ET BRILLANTS\" \/>\n<meta name=\"robots\" content=\"index, follow, max-snippet:-1, max-image-preview:large, max-video-preview:-1\" \/>\n<link rel=\"canonical\" href=\"https:\/\/eberhard.ntyagency.net\/fr\/product\/gilda-61008-4-br87-r\/\" \/>\n<meta property=\"og:locale\" content=\"fr_FR\" \/>\n<meta property=\"og:type\" content=\"article\" \/>\n<meta property=\"og:title\" content=\"GILDA 61008.4 BR87 R - Eberhard &amp; Co.\" \/>\n<meta property=\"og:description\" content=\"QUARTZ VERRE SAPHIR CONVEXE SPH\u00c9RIQUE (PATENTED) AVEC TRAITEMENT ANTIREFLET \u00c0 L\u2019INT\u00c9RIEUR COURONNE EN ACIER PERSONNALIS\u00c9E LUNETTE AVEC RUBIS ET BRILLANTS\" \/>\n<meta property=\"og:url\" content=\"https:\/\/eberhard.ntyagency.net\/fr\/product\/gilda-61008-4-br87-r\/\" \/>\n<meta property=\"og:site_name\" content=\"Eberhard &amp; Co.\" \/>\n<meta property=\"article:modified_time\" content=\"2025-02-27T18:20:53+00:00\" \/>\n<meta name=\"twitter:card\" content=\"summary_large_image\" \/>\n<script type=\"application\/ld+json\" class=\"yoast-schema-graph\">{\"@context\":\"https:\/\/schema.org\",\"@graph\":[{\"@type\":\"WebPage\",\"@id\":\"https:\/\/eberhard.ntyagency.net\/fr\/product\/gilda-61008-4-br87-r\/\",\"url\":\"https:\/\/eberhard.ntyagency.net\/fr\/product\/gilda-61008-4-br87-r\/\",\"name\":\"GILDA 61008.4 BR87 R - Eberhard &amp; Co.\",\"isPartOf\":{\"@id\":\"https:\/\/eberhard.ntyagency.net\/fr\/#website\"},\"datePublished\":\"2014-03-14T14:05:07+00:00\",\"dateModified\":\"2025-02-27T18:20:53+00:00\",\"description\":\"QUARTZ VERRE SAPHIR CONVEXE SPH\u00c9RIQUE (PATENTED) AVEC TRAITEMENT ANTIREFLET \u00c0 L\u2019INT\u00c9RIEUR COURONNE EN ACIER PERSONNALIS\u00c9E LUNETTE AVEC RUBIS ET BRILLANTS\",\"breadcrumb\":{\"@id\":\"https:\/\/eberhard.ntyagency.net\/fr\/product\/gilda-61008-4-br87-r\/#breadcrumb\"},\"inLanguage\":\"fr-FR\",\"potentialAction\":[{\"@type\":\"ReadAction\",\"target\":[\"https:\/\/eberhard.ntyagency.net\/fr\/product\/gilda-61008-4-br87-r\/\"]}]},{\"@type\":\"BreadcrumbList\",\"@id\":\"https:\/\/eberhard.ntyagency.net\/fr\/product\/gilda-61008-4-br87-r\/#breadcrumb\",\"itemListElement\":[{\"@type\":\"ListItem\",\"position\":1,\"name\":\"Negozio\",\"item\":\"https:\/\/eberhard.ntyagency.net\/negozio\/\"},{\"@type\":\"ListItem\",\"position\":2,\"name\":\"GILDA 61008.4 BR87 R\"}]},{\"@type\":\"WebSite\",\"@id\":\"https:\/\/eberhard.ntyagency.net\/fr\/#website\",\"url\":\"https:\/\/eberhard.ntyagency.net\/fr\/\",\"name\":\"Eberhard &amp; Co.\",\"description\":\"\",\"publisher\":{\"@id\":\"https:\/\/eberhard.ntyagency.net\/fr\/#organization\"},\"potentialAction\":[{\"@type\":\"SearchAction\",\"target\":{\"@type\":\"EntryPoint\",\"urlTemplate\":\"https:\/\/eberhard.ntyagency.net\/fr\/?s={search_term_string}\"},\"query-input\":{\"@type\":\"PropertyValueSpecification\",\"valueRequired\":true,\"valueName\":\"search_term_string\"}}],\"inLanguage\":\"fr-FR\"},{\"@type\":\"Organization\",\"@id\":\"https:\/\/eberhard.ntyagency.net\/fr\/#organization\",\"name\":\"Eberhard & Co. Watches\",\"url\":\"https:\/\/eberhard.ntyagency.net\/fr\/\",\"logo\":{\"@type\":\"ImageObject\",\"inLanguage\":\"fr-FR\",\"@id\":\"https:\/\/eberhard.ntyagency.net\/fr\/#\/schema\/logo\/image\/\",\"url\":\"\",\"contentUrl\":\"\",\"caption\":\"Eberhard & Co. Watches\"},\"image\":{\"@id\":\"https:\/\/eberhard.ntyagency.net\/fr\/#\/schema\/logo\/image\/\"}}]}<\/script>\n<!-- \/ Yoast SEO plugin. -->","yoast_head_json":{"title":"GILDA 61008.4 BR87 R - Eberhard &amp; Co.","description":"QUARTZ VERRE SAPHIR CONVEXE SPH\u00c9RIQUE (PATENTED) AVEC TRAITEMENT ANTIREFLET \u00c0 L\u2019INT\u00c9RIEUR COURONNE EN ACIER PERSONNALIS\u00c9E LUNETTE AVEC RUBIS ET BRILLANTS","robots":{"index":"index","follow":"follow","max-snippet":"max-snippet:-1","max-image-preview":"max-image-preview:large","max-video-preview":"max-video-preview:-1"},"canonical":"https:\/\/eberhard.ntyagency.net\/fr\/product\/gilda-61008-4-br87-r\/","og_locale":"fr_FR","og_type":"article","og_title":"GILDA 61008.4 BR87 R - Eberhard &amp; Co.","og_description":"QUARTZ VERRE SAPHIR CONVEXE SPH\u00c9RIQUE (PATENTED) AVEC TRAITEMENT ANTIREFLET \u00c0 L\u2019INT\u00c9RIEUR COURONNE EN ACIER PERSONNALIS\u00c9E LUNETTE AVEC RUBIS ET BRILLANTS","og_url":"https:\/\/eberhard.ntyagency.net\/fr\/product\/gilda-61008-4-br87-r\/","og_site_name":"Eberhard &amp; Co.","article_modified_time":"2025-02-27T18:20:53+00:00","twitter_card":"summary_large_image","schema":{"@context":"https:\/\/schema.org","@graph":[{"@type":"WebPage","@id":"https:\/\/eberhard.ntyagency.net\/fr\/product\/gilda-61008-4-br87-r\/","url":"https:\/\/eberhard.ntyagency.net\/fr\/product\/gilda-61008-4-br87-r\/","name":"GILDA 61008.4 BR87 R - Eberhard &amp; Co.","isPartOf":{"@id":"https:\/\/eberhard.ntyagency.net\/fr\/#website"},"datePublished":"2014-03-14T14:05:07+00:00","dateModified":"2025-02-27T18:20:53+00:00","description":"QUARTZ VERRE SAPHIR CONVEXE SPH\u00c9RIQUE (PATENTED) AVEC TRAITEMENT ANTIREFLET \u00c0 L\u2019INT\u00c9RIEUR COURONNE EN ACIER PERSONNALIS\u00c9E LUNETTE AVEC RUBIS ET BRILLANTS","breadcrumb":{"@id":"https:\/\/eberhard.ntyagency.net\/fr\/product\/gilda-61008-4-br87-r\/#breadcrumb"},"inLanguage":"fr-FR","potentialAction":[{"@type":"ReadAction","target":["https:\/\/eberhard.ntyagency.net\/fr\/product\/gilda-61008-4-br87-r\/"]}]},{"@type":"BreadcrumbList","@id":"https:\/\/eberhard.ntyagency.net\/fr\/product\/gilda-61008-4-br87-r\/#breadcrumb","itemListElement":[{"@type":"ListItem","position":1,"name":"Negozio","item":"https:\/\/eberhard.ntyagency.net\/negozio\/"},{"@type":"ListItem","position":2,"name":"GILDA 61008.4 BR87 R"}]},{"@type":"WebSite","@id":"https:\/\/eberhard.ntyagency.net\/fr\/#website","url":"https:\/\/eberhard.ntyagency.net\/fr\/","name":"Eberhard &amp; Co.","description":"","publisher":{"@id":"https:\/\/eberhard.ntyagency.net\/fr\/#organization"},"potentialAction":[{"@type":"SearchAction","target":{"@type":"EntryPoint","urlTemplate":"https:\/\/eberhard.ntyagency.net\/fr\/?s={search_term_string}"},"query-input":{"@type":"PropertyValueSpecification","valueRequired":true,"valueName":"search_term_string"}}],"inLanguage":"fr-FR"},{"@type":"Organization","@id":"https:\/\/eberhard.ntyagency.net\/fr\/#organization","name":"Eberhard & Co. Watches","url":"https:\/\/eberhard.ntyagency.net\/fr\/","logo":{"@type":"ImageObject","inLanguage":"fr-FR","@id":"https:\/\/eberhard.ntyagency.net\/fr\/#\/schema\/logo\/image\/","url":"","contentUrl":"","caption":"Eberhard & Co. Watches"},"image":{"@id":"https:\/\/eberhard.ntyagency.net\/fr\/#\/schema\/logo\/image\/"}}]}},"_links":{"self":[{"href":"https:\/\/eberhard.ntyagency.net\/fr\/wp-json\/wp\/v2\/product\/35635","targetHints":{"allow":["GET"]}}],"collection":[{"href":"https:\/\/eberhard.ntyagency.net\/fr\/wp-json\/wp\/v2\/product"}],"about":[{"href":"https:\/\/eberhard.ntyagency.net\/fr\/wp-json\/wp\/v2\/types\/product"}],"wp:attachment":[{"href":"https:\/\/eberhard.ntyagency.net\/fr\/wp-json\/wp\/v2\/media?parent=35635"}],"wp:term":[{"taxonomy":"product_cat","embeddable":true,"href":"https:\/\/eberhard.ntyagency.net\/fr\/wp-json\/wp\/v2\/product_cat?post=35635"},{"taxonomy":"product_tag","embeddable":true,"href":"https:\/\/eberhard.ntyagency.net\/fr\/wp-json\/wp\/v2\/product_tag?post=35635"},{"taxonomy":"collection","embeddable":true,"href":"https:\/\/eberhard.ntyagency.net\/fr\/wp-json\/wp\/v2\/collection?post=35635"}],"curies":[{"name":"wp","href":"https:\/\/api.w.org\/{rel}","templated":true}]}}