{"id":35016,"date":"2014-04-09T08:18:53","date_gmt":"2014-04-09T06:18:53","guid":{"rendered":"https:\/\/eberhard.ntyagency.net\/prodotto\/extra-fort-reserve-de-marche-41037-1\/"},"modified":"2025-07-29T17:23:39","modified_gmt":"2025-07-29T15:23:39","slug":"extra-fort-reserve-de-marche-41037-1","status":"publish","type":"product","link":"https:\/\/eberhard.ntyagency.net\/fr\/product\/extra-fort-reserve-de-marche-41037-1\/","title":{"rendered":"EXTRA-FORT RESERVE DE MARCHE 41037.1"},"content":{"rendered":"<p>MOUVEMENT M\u00c9CANIQUE AUTOMATIQUE<\/p>\n<p>GRANDE DATE \u00c0 12 HEURES<\/p>\n<p>\u00c9CHELLE DE R\u00c9SERVE DE MARCHE \u00c0 6 HEURES<\/p>\n<p>VERRE SAPHIR CONVEXE ANTIREfLET<\/p>\n<p>COURONNE EN ACIER \u00c0 VIS, PERSONNALIS\u00c9E<\/p>\n<p>FOND TRANSPARENT EN VERRE SAPHIR, FIX\u00c9 PAR 6 VIS<\/p>\n<p>BRACELET EN ALLIGATOR<\/p>\n<p>OPTIONNEL :<\/p>\n<p>FERMETURE D\u00c9PLOYANTE D\u00c9CLIC\u00ae<\/p>\n","protected":false},"excerpt":{"rendered":"<p>MOUVEMENT M\u00c9CANIQUE AUTOMATIQUE GRANDE DATE \u00c0 12 HEURES \u00c9CHELLE DE R\u00c9SERVE DE MARCHE \u00c0 6 HEURES VERRE SAPHIR CONVEXE ANTIREfLET COURONNE EN ACIER \u00c0 VIS, PERSONNALIS\u00c9E FOND TRANSPARENT EN VERRE SAPHIR, FIX\u00c9 PAR 6 VIS BRACELET EN ALLIGATOR OPTIONNEL : FERMETURE D\u00c9PLOYANTE D\u00c9CLIC\u00ae<\/p>\n","protected":false},"featured_media":0,"template":"","meta":{"_acf_changed":false,"_seopress_robots_primary_cat":"none","_seopress_titles_title":"","_seopress_titles_desc":"","_seopress_robots_index":"","inline_featured_image":false},"product_cat":[194],"product_tag":[],"collection":[528],"class_list":{"0":"post-35016","1":"product","2":"type-product","3":"status-publish","5":"product_cat-uncategorized-fr","6":"collection-automatic-fr","8":"first","9":"instock","10":"shipping-taxable","11":"purchasable","12":"product-type-simple"},"acf":[],"yoast_head":"<!-- This site is optimized with the Yoast SEO plugin v23.9 - https:\/\/yoast.com\/wordpress\/plugins\/seo\/ -->\n<title>EXTRA-FORT RESERVE DE MARCHE 41037.1 - Eberhard &amp; Co.<\/title>\n<meta name=\"description\" content=\"MOUVEMENT M\u00c9CANIQUE AUTOMATIQUE GRANDE DATE \u00c0 12 HEURES \u00c9CHELLE DE R\u00c9SERVE DE MARCHE \u00c0 6 HEURES VERRE SAPHIR CONVEXE ANTIREfLET COURONNE EN ACIER \u00c0 VIS,\" \/>\n<meta name=\"robots\" content=\"index, follow, max-snippet:-1, max-image-preview:large, max-video-preview:-1\" \/>\n<link rel=\"canonical\" href=\"https:\/\/eberhard.ntyagency.net\/fr\/product\/extra-fort-reserve-de-marche-41037-1\/\" \/>\n<meta property=\"og:locale\" content=\"fr_FR\" \/>\n<meta property=\"og:type\" content=\"article\" \/>\n<meta property=\"og:title\" content=\"EXTRA-FORT RESERVE DE MARCHE 41037.1 - Eberhard &amp; Co.\" \/>\n<meta property=\"og:description\" content=\"MOUVEMENT M\u00c9CANIQUE AUTOMATIQUE GRANDE DATE \u00c0 12 HEURES \u00c9CHELLE DE R\u00c9SERVE DE MARCHE \u00c0 6 HEURES VERRE SAPHIR CONVEXE ANTIREfLET COURONNE EN ACIER \u00c0 VIS,\" \/>\n<meta property=\"og:url\" content=\"https:\/\/eberhard.ntyagency.net\/fr\/product\/extra-fort-reserve-de-marche-41037-1\/\" \/>\n<meta property=\"og:site_name\" content=\"Eberhard &amp; Co.\" \/>\n<meta property=\"article:modified_time\" content=\"2025-07-29T15:23:39+00:00\" \/>\n<meta name=\"twitter:card\" content=\"summary_large_image\" \/>\n<script type=\"application\/ld+json\" class=\"yoast-schema-graph\">{\"@context\":\"https:\/\/schema.org\",\"@graph\":[{\"@type\":\"WebPage\",\"@id\":\"https:\/\/eberhard.ntyagency.net\/fr\/product\/extra-fort-reserve-de-marche-41037-1\/\",\"url\":\"https:\/\/eberhard.ntyagency.net\/fr\/product\/extra-fort-reserve-de-marche-41037-1\/\",\"name\":\"EXTRA-FORT RESERVE DE MARCHE 41037.1 - Eberhard &amp; Co.\",\"isPartOf\":{\"@id\":\"https:\/\/eberhard.ntyagency.net\/fr\/#website\"},\"datePublished\":\"2014-04-09T06:18:53+00:00\",\"dateModified\":\"2025-07-29T15:23:39+00:00\",\"description\":\"MOUVEMENT M\u00c9CANIQUE AUTOMATIQUE GRANDE DATE \u00c0 12 HEURES \u00c9CHELLE DE R\u00c9SERVE DE MARCHE \u00c0 6 HEURES VERRE SAPHIR CONVEXE ANTIREfLET COURONNE EN ACIER \u00c0 VIS,\",\"breadcrumb\":{\"@id\":\"https:\/\/eberhard.ntyagency.net\/fr\/product\/extra-fort-reserve-de-marche-41037-1\/#breadcrumb\"},\"inLanguage\":\"fr-FR\",\"potentialAction\":[{\"@type\":\"ReadAction\",\"target\":[\"https:\/\/eberhard.ntyagency.net\/fr\/product\/extra-fort-reserve-de-marche-41037-1\/\"]}]},{\"@type\":\"BreadcrumbList\",\"@id\":\"https:\/\/eberhard.ntyagency.net\/fr\/product\/extra-fort-reserve-de-marche-41037-1\/#breadcrumb\",\"itemListElement\":[{\"@type\":\"ListItem\",\"position\":1,\"name\":\"Negozio\",\"item\":\"https:\/\/eberhard.ntyagency.net\/negozio\/\"},{\"@type\":\"ListItem\",\"position\":2,\"name\":\"EXTRA-FORT RESERVE DE MARCHE 41037.1\"}]},{\"@type\":\"WebSite\",\"@id\":\"https:\/\/eberhard.ntyagency.net\/fr\/#website\",\"url\":\"https:\/\/eberhard.ntyagency.net\/fr\/\",\"name\":\"Eberhard &amp; Co.\",\"description\":\"\",\"publisher\":{\"@id\":\"https:\/\/eberhard.ntyagency.net\/fr\/#organization\"},\"potentialAction\":[{\"@type\":\"SearchAction\",\"target\":{\"@type\":\"EntryPoint\",\"urlTemplate\":\"https:\/\/eberhard.ntyagency.net\/fr\/?s={search_term_string}\"},\"query-input\":{\"@type\":\"PropertyValueSpecification\",\"valueRequired\":true,\"valueName\":\"search_term_string\"}}],\"inLanguage\":\"fr-FR\"},{\"@type\":\"Organization\",\"@id\":\"https:\/\/eberhard.ntyagency.net\/fr\/#organization\",\"name\":\"Eberhard & Co. Watches\",\"url\":\"https:\/\/eberhard.ntyagency.net\/fr\/\",\"logo\":{\"@type\":\"ImageObject\",\"inLanguage\":\"fr-FR\",\"@id\":\"https:\/\/eberhard.ntyagency.net\/fr\/#\/schema\/logo\/image\/\",\"url\":\"\",\"contentUrl\":\"\",\"caption\":\"Eberhard & Co. Watches\"},\"image\":{\"@id\":\"https:\/\/eberhard.ntyagency.net\/fr\/#\/schema\/logo\/image\/\"}}]}<\/script>\n<!-- \/ Yoast SEO plugin. -->","yoast_head_json":{"title":"EXTRA-FORT RESERVE DE MARCHE 41037.1 - Eberhard &amp; Co.","description":"MOUVEMENT M\u00c9CANIQUE AUTOMATIQUE GRANDE DATE \u00c0 12 HEURES \u00c9CHELLE DE R\u00c9SERVE DE MARCHE \u00c0 6 HEURES VERRE SAPHIR CONVEXE ANTIREfLET COURONNE EN ACIER \u00c0 VIS,","robots":{"index":"index","follow":"follow","max-snippet":"max-snippet:-1","max-image-preview":"max-image-preview:large","max-video-preview":"max-video-preview:-1"},"canonical":"https:\/\/eberhard.ntyagency.net\/fr\/product\/extra-fort-reserve-de-marche-41037-1\/","og_locale":"fr_FR","og_type":"article","og_title":"EXTRA-FORT RESERVE DE MARCHE 41037.1 - Eberhard &amp; Co.","og_description":"MOUVEMENT M\u00c9CANIQUE AUTOMATIQUE GRANDE DATE \u00c0 12 HEURES \u00c9CHELLE DE R\u00c9SERVE DE MARCHE \u00c0 6 HEURES VERRE SAPHIR CONVEXE ANTIREfLET COURONNE EN ACIER \u00c0 VIS,","og_url":"https:\/\/eberhard.ntyagency.net\/fr\/product\/extra-fort-reserve-de-marche-41037-1\/","og_site_name":"Eberhard &amp; Co.","article_modified_time":"2025-07-29T15:23:39+00:00","twitter_card":"summary_large_image","schema":{"@context":"https:\/\/schema.org","@graph":[{"@type":"WebPage","@id":"https:\/\/eberhard.ntyagency.net\/fr\/product\/extra-fort-reserve-de-marche-41037-1\/","url":"https:\/\/eberhard.ntyagency.net\/fr\/product\/extra-fort-reserve-de-marche-41037-1\/","name":"EXTRA-FORT RESERVE DE MARCHE 41037.1 - Eberhard &amp; Co.","isPartOf":{"@id":"https:\/\/eberhard.ntyagency.net\/fr\/#website"},"datePublished":"2014-04-09T06:18:53+00:00","dateModified":"2025-07-29T15:23:39+00:00","description":"MOUVEMENT M\u00c9CANIQUE AUTOMATIQUE GRANDE DATE \u00c0 12 HEURES \u00c9CHELLE DE R\u00c9SERVE DE MARCHE \u00c0 6 HEURES VERRE SAPHIR CONVEXE ANTIREfLET COURONNE EN ACIER \u00c0 VIS,","breadcrumb":{"@id":"https:\/\/eberhard.ntyagency.net\/fr\/product\/extra-fort-reserve-de-marche-41037-1\/#breadcrumb"},"inLanguage":"fr-FR","potentialAction":[{"@type":"ReadAction","target":["https:\/\/eberhard.ntyagency.net\/fr\/product\/extra-fort-reserve-de-marche-41037-1\/"]}]},{"@type":"BreadcrumbList","@id":"https:\/\/eberhard.ntyagency.net\/fr\/product\/extra-fort-reserve-de-marche-41037-1\/#breadcrumb","itemListElement":[{"@type":"ListItem","position":1,"name":"Negozio","item":"https:\/\/eberhard.ntyagency.net\/negozio\/"},{"@type":"ListItem","position":2,"name":"EXTRA-FORT RESERVE DE MARCHE 41037.1"}]},{"@type":"WebSite","@id":"https:\/\/eberhard.ntyagency.net\/fr\/#website","url":"https:\/\/eberhard.ntyagency.net\/fr\/","name":"Eberhard &amp; Co.","description":"","publisher":{"@id":"https:\/\/eberhard.ntyagency.net\/fr\/#organization"},"potentialAction":[{"@type":"SearchAction","target":{"@type":"EntryPoint","urlTemplate":"https:\/\/eberhard.ntyagency.net\/fr\/?s={search_term_string}"},"query-input":{"@type":"PropertyValueSpecification","valueRequired":true,"valueName":"search_term_string"}}],"inLanguage":"fr-FR"},{"@type":"Organization","@id":"https:\/\/eberhard.ntyagency.net\/fr\/#organization","name":"Eberhard & Co. Watches","url":"https:\/\/eberhard.ntyagency.net\/fr\/","logo":{"@type":"ImageObject","inLanguage":"fr-FR","@id":"https:\/\/eberhard.ntyagency.net\/fr\/#\/schema\/logo\/image\/","url":"","contentUrl":"","caption":"Eberhard & Co. Watches"},"image":{"@id":"https:\/\/eberhard.ntyagency.net\/fr\/#\/schema\/logo\/image\/"}}]}},"_links":{"self":[{"href":"https:\/\/eberhard.ntyagency.net\/fr\/wp-json\/wp\/v2\/product\/35016","targetHints":{"allow":["GET"]}}],"collection":[{"href":"https:\/\/eberhard.ntyagency.net\/fr\/wp-json\/wp\/v2\/product"}],"about":[{"href":"https:\/\/eberhard.ntyagency.net\/fr\/wp-json\/wp\/v2\/types\/product"}],"wp:attachment":[{"href":"https:\/\/eberhard.ntyagency.net\/fr\/wp-json\/wp\/v2\/media?parent=35016"}],"wp:term":[{"taxonomy":"product_cat","embeddable":true,"href":"https:\/\/eberhard.ntyagency.net\/fr\/wp-json\/wp\/v2\/product_cat?post=35016"},{"taxonomy":"product_tag","embeddable":true,"href":"https:\/\/eberhard.ntyagency.net\/fr\/wp-json\/wp\/v2\/product_tag?post=35016"},{"taxonomy":"collection","embeddable":true,"href":"https:\/\/eberhard.ntyagency.net\/fr\/wp-json\/wp\/v2\/collection?post=35016"}],"curies":[{"name":"wp","href":"https:\/\/api.w.org\/{rel}","templated":true}]}}