{"id":34918,"date":"2014-03-12T11:06:28","date_gmt":"2014-03-12T10:06:28","guid":{"rendered":"https:\/\/eberhard.ntyagency.net\/prodotto\/extra-fort-chrono-rattrapante-30063\/"},"modified":"2025-07-30T14:27:40","modified_gmt":"2025-07-30T12:27:40","slug":"extra-fort-chrono-rattrapante-30063","status":"publish","type":"product","link":"https:\/\/eberhard.ntyagency.net\/fr\/product\/extra-fort-chrono-rattrapante-30063\/","title":{"rendered":"EXTRA-FORT CHRONO RATTRAPANTE 30063"},"content":{"rendered":"<p>CHRONOGRAPHE M\u00c9CANIQUE AUTOMATIQUE AVEC DISPOSITIF RATTRAPANTE \u00c0 ROUE \u00c0 COLONNES<\/p>\n<p>VERRE SAPHIR CONVEXE ANTIREfLET<\/p>\n<p>COURONNE \u00c0 VIS EN OR ROUGE 18 CT.<\/p>\n<p>POUSSOIRS EN OR ROUGE 18 CT.<\/p>\n<p>FOND TRANSPARENT EN VERRE SAPHIR, FIX\u00c9 PAR 6 VIS EN OR ROUGE 18 CT.<\/p>\n<p>BRACELET EN ALLIGATOR, BOUCLE PERSONNALIS\u00c9E EN OR ROUGE 18 CT.<\/p>\n<p>\u00c9DITION LIMIT\u00c9E \u00c0 121 PI\u00c8CES<\/p>\n<p>OPTIONNEL :<br \/>\nFERMETURE D\u00c9PLOYANTE D\u00c9CLIC\u00ae EN OR ROUGE 18 CT.<\/p>\n","protected":false},"excerpt":{"rendered":"<p>CHRONOGRAPHE M\u00c9CANIQUE AUTOMATIQUE AVEC DISPOSITIF RATTRAPANTE \u00c0 ROUE \u00c0 COLONNES VERRE SAPHIR CONVEXE ANTIREfLET COURONNE \u00c0 VIS EN OR ROUGE 18 CT. POUSSOIRS EN OR ROUGE 18 CT. FOND TRANSPARENT EN VERRE SAPHIR, FIX\u00c9 PAR 6 VIS EN OR ROUGE 18 CT. BRACELET EN ALLIGATOR, BOUCLE PERSONNALIS\u00c9E EN OR ROUGE 18 CT. \u00c9DITION LIMIT\u00c9E \u00c0 [&hellip;]<\/p>\n","protected":false},"featured_media":0,"template":"","meta":{"_acf_changed":false,"_seopress_robots_primary_cat":"none","_seopress_titles_title":"","_seopress_titles_desc":"","_seopress_robots_index":"","inline_featured_image":false},"product_cat":[194],"product_tag":[],"collection":[574],"class_list":{"0":"post-34918","1":"product","2":"type-product","3":"status-publish","5":"product_cat-uncategorized-fr","6":"collection-extrafort-fr","8":"first","9":"instock","10":"shipping-taxable","11":"purchasable","12":"product-type-simple"},"acf":[],"yoast_head":"<!-- This site is optimized with the Yoast SEO plugin v23.9 - https:\/\/yoast.com\/wordpress\/plugins\/seo\/ -->\n<title>EXTRA-FORT CHRONO RATTRAPANTE 30063 - Eberhard &amp; Co.<\/title>\n<meta name=\"description\" content=\"CHRONOGRAPHE M\u00c9CANIQUE AUTOMATIQUE AVEC DISPOSITIF RATTRAPANTE \u00c0 ROUE \u00c0 COLONNES VERRE SAPHIR CONVEXE ANTIREfLET COURONNE \u00c0 VIS EN OR ROUGE 18 CT.\" \/>\n<meta name=\"robots\" content=\"index, follow, max-snippet:-1, max-image-preview:large, max-video-preview:-1\" \/>\n<link rel=\"canonical\" href=\"https:\/\/eberhard.ntyagency.net\/fr\/product\/extra-fort-chrono-rattrapante-30063\/\" \/>\n<meta property=\"og:locale\" content=\"fr_FR\" \/>\n<meta property=\"og:type\" content=\"article\" \/>\n<meta property=\"og:title\" content=\"EXTRA-FORT CHRONO RATTRAPANTE 30063 - Eberhard &amp; Co.\" \/>\n<meta property=\"og:description\" content=\"CHRONOGRAPHE M\u00c9CANIQUE AUTOMATIQUE AVEC DISPOSITIF RATTRAPANTE \u00c0 ROUE \u00c0 COLONNES VERRE SAPHIR CONVEXE ANTIREfLET COURONNE \u00c0 VIS EN OR ROUGE 18 CT.\" \/>\n<meta property=\"og:url\" content=\"https:\/\/eberhard.ntyagency.net\/fr\/product\/extra-fort-chrono-rattrapante-30063\/\" \/>\n<meta property=\"og:site_name\" content=\"Eberhard &amp; Co.\" \/>\n<meta property=\"article:modified_time\" content=\"2025-07-30T12:27:40+00:00\" \/>\n<meta name=\"twitter:card\" content=\"summary_large_image\" \/>\n<script type=\"application\/ld+json\" class=\"yoast-schema-graph\">{\"@context\":\"https:\/\/schema.org\",\"@graph\":[{\"@type\":\"WebPage\",\"@id\":\"https:\/\/eberhard.ntyagency.net\/fr\/product\/extra-fort-chrono-rattrapante-30063\/\",\"url\":\"https:\/\/eberhard.ntyagency.net\/fr\/product\/extra-fort-chrono-rattrapante-30063\/\",\"name\":\"EXTRA-FORT CHRONO RATTRAPANTE 30063 - Eberhard &amp; Co.\",\"isPartOf\":{\"@id\":\"https:\/\/eberhard.ntyagency.net\/fr\/#website\"},\"datePublished\":\"2014-03-12T10:06:28+00:00\",\"dateModified\":\"2025-07-30T12:27:40+00:00\",\"description\":\"CHRONOGRAPHE M\u00c9CANIQUE AUTOMATIQUE AVEC DISPOSITIF RATTRAPANTE \u00c0 ROUE \u00c0 COLONNES VERRE SAPHIR CONVEXE ANTIREfLET COURONNE \u00c0 VIS EN OR ROUGE 18 CT.\",\"breadcrumb\":{\"@id\":\"https:\/\/eberhard.ntyagency.net\/fr\/product\/extra-fort-chrono-rattrapante-30063\/#breadcrumb\"},\"inLanguage\":\"fr-FR\",\"potentialAction\":[{\"@type\":\"ReadAction\",\"target\":[\"https:\/\/eberhard.ntyagency.net\/fr\/product\/extra-fort-chrono-rattrapante-30063\/\"]}]},{\"@type\":\"BreadcrumbList\",\"@id\":\"https:\/\/eberhard.ntyagency.net\/fr\/product\/extra-fort-chrono-rattrapante-30063\/#breadcrumb\",\"itemListElement\":[{\"@type\":\"ListItem\",\"position\":1,\"name\":\"Negozio\",\"item\":\"https:\/\/eberhard.ntyagency.net\/negozio\/\"},{\"@type\":\"ListItem\",\"position\":2,\"name\":\"EXTRA-FORT CHRONO RATTRAPANTE 30063\"}]},{\"@type\":\"WebSite\",\"@id\":\"https:\/\/eberhard.ntyagency.net\/fr\/#website\",\"url\":\"https:\/\/eberhard.ntyagency.net\/fr\/\",\"name\":\"Eberhard &amp; Co.\",\"description\":\"\",\"publisher\":{\"@id\":\"https:\/\/eberhard.ntyagency.net\/fr\/#organization\"},\"potentialAction\":[{\"@type\":\"SearchAction\",\"target\":{\"@type\":\"EntryPoint\",\"urlTemplate\":\"https:\/\/eberhard.ntyagency.net\/fr\/?s={search_term_string}\"},\"query-input\":{\"@type\":\"PropertyValueSpecification\",\"valueRequired\":true,\"valueName\":\"search_term_string\"}}],\"inLanguage\":\"fr-FR\"},{\"@type\":\"Organization\",\"@id\":\"https:\/\/eberhard.ntyagency.net\/fr\/#organization\",\"name\":\"Eberhard & Co. Watches\",\"url\":\"https:\/\/eberhard.ntyagency.net\/fr\/\",\"logo\":{\"@type\":\"ImageObject\",\"inLanguage\":\"fr-FR\",\"@id\":\"https:\/\/eberhard.ntyagency.net\/fr\/#\/schema\/logo\/image\/\",\"url\":\"\",\"contentUrl\":\"\",\"caption\":\"Eberhard & Co. Watches\"},\"image\":{\"@id\":\"https:\/\/eberhard.ntyagency.net\/fr\/#\/schema\/logo\/image\/\"}}]}<\/script>\n<!-- \/ Yoast SEO plugin. -->","yoast_head_json":{"title":"EXTRA-FORT CHRONO RATTRAPANTE 30063 - Eberhard &amp; Co.","description":"CHRONOGRAPHE M\u00c9CANIQUE AUTOMATIQUE AVEC DISPOSITIF RATTRAPANTE \u00c0 ROUE \u00c0 COLONNES VERRE SAPHIR CONVEXE ANTIREfLET COURONNE \u00c0 VIS EN OR ROUGE 18 CT.","robots":{"index":"index","follow":"follow","max-snippet":"max-snippet:-1","max-image-preview":"max-image-preview:large","max-video-preview":"max-video-preview:-1"},"canonical":"https:\/\/eberhard.ntyagency.net\/fr\/product\/extra-fort-chrono-rattrapante-30063\/","og_locale":"fr_FR","og_type":"article","og_title":"EXTRA-FORT CHRONO RATTRAPANTE 30063 - Eberhard &amp; Co.","og_description":"CHRONOGRAPHE M\u00c9CANIQUE AUTOMATIQUE AVEC DISPOSITIF RATTRAPANTE \u00c0 ROUE \u00c0 COLONNES VERRE SAPHIR CONVEXE ANTIREfLET COURONNE \u00c0 VIS EN OR ROUGE 18 CT.","og_url":"https:\/\/eberhard.ntyagency.net\/fr\/product\/extra-fort-chrono-rattrapante-30063\/","og_site_name":"Eberhard &amp; Co.","article_modified_time":"2025-07-30T12:27:40+00:00","twitter_card":"summary_large_image","schema":{"@context":"https:\/\/schema.org","@graph":[{"@type":"WebPage","@id":"https:\/\/eberhard.ntyagency.net\/fr\/product\/extra-fort-chrono-rattrapante-30063\/","url":"https:\/\/eberhard.ntyagency.net\/fr\/product\/extra-fort-chrono-rattrapante-30063\/","name":"EXTRA-FORT CHRONO RATTRAPANTE 30063 - Eberhard &amp; Co.","isPartOf":{"@id":"https:\/\/eberhard.ntyagency.net\/fr\/#website"},"datePublished":"2014-03-12T10:06:28+00:00","dateModified":"2025-07-30T12:27:40+00:00","description":"CHRONOGRAPHE M\u00c9CANIQUE AUTOMATIQUE AVEC DISPOSITIF RATTRAPANTE \u00c0 ROUE \u00c0 COLONNES VERRE SAPHIR CONVEXE ANTIREfLET COURONNE \u00c0 VIS EN OR ROUGE 18 CT.","breadcrumb":{"@id":"https:\/\/eberhard.ntyagency.net\/fr\/product\/extra-fort-chrono-rattrapante-30063\/#breadcrumb"},"inLanguage":"fr-FR","potentialAction":[{"@type":"ReadAction","target":["https:\/\/eberhard.ntyagency.net\/fr\/product\/extra-fort-chrono-rattrapante-30063\/"]}]},{"@type":"BreadcrumbList","@id":"https:\/\/eberhard.ntyagency.net\/fr\/product\/extra-fort-chrono-rattrapante-30063\/#breadcrumb","itemListElement":[{"@type":"ListItem","position":1,"name":"Negozio","item":"https:\/\/eberhard.ntyagency.net\/negozio\/"},{"@type":"ListItem","position":2,"name":"EXTRA-FORT CHRONO RATTRAPANTE 30063"}]},{"@type":"WebSite","@id":"https:\/\/eberhard.ntyagency.net\/fr\/#website","url":"https:\/\/eberhard.ntyagency.net\/fr\/","name":"Eberhard &amp; Co.","description":"","publisher":{"@id":"https:\/\/eberhard.ntyagency.net\/fr\/#organization"},"potentialAction":[{"@type":"SearchAction","target":{"@type":"EntryPoint","urlTemplate":"https:\/\/eberhard.ntyagency.net\/fr\/?s={search_term_string}"},"query-input":{"@type":"PropertyValueSpecification","valueRequired":true,"valueName":"search_term_string"}}],"inLanguage":"fr-FR"},{"@type":"Organization","@id":"https:\/\/eberhard.ntyagency.net\/fr\/#organization","name":"Eberhard & Co. Watches","url":"https:\/\/eberhard.ntyagency.net\/fr\/","logo":{"@type":"ImageObject","inLanguage":"fr-FR","@id":"https:\/\/eberhard.ntyagency.net\/fr\/#\/schema\/logo\/image\/","url":"","contentUrl":"","caption":"Eberhard & Co. Watches"},"image":{"@id":"https:\/\/eberhard.ntyagency.net\/fr\/#\/schema\/logo\/image\/"}}]}},"_links":{"self":[{"href":"https:\/\/eberhard.ntyagency.net\/fr\/wp-json\/wp\/v2\/product\/34918","targetHints":{"allow":["GET"]}}],"collection":[{"href":"https:\/\/eberhard.ntyagency.net\/fr\/wp-json\/wp\/v2\/product"}],"about":[{"href":"https:\/\/eberhard.ntyagency.net\/fr\/wp-json\/wp\/v2\/types\/product"}],"wp:attachment":[{"href":"https:\/\/eberhard.ntyagency.net\/fr\/wp-json\/wp\/v2\/media?parent=34918"}],"wp:term":[{"taxonomy":"product_cat","embeddable":true,"href":"https:\/\/eberhard.ntyagency.net\/fr\/wp-json\/wp\/v2\/product_cat?post=34918"},{"taxonomy":"product_tag","embeddable":true,"href":"https:\/\/eberhard.ntyagency.net\/fr\/wp-json\/wp\/v2\/product_tag?post=34918"},{"taxonomy":"collection","embeddable":true,"href":"https:\/\/eberhard.ntyagency.net\/fr\/wp-json\/wp\/v2\/collection?post=34918"}],"curies":[{"name":"wp","href":"https:\/\/api.w.org\/{rel}","templated":true}]}}