{"id":33451,"date":"2023-12-12T11:30:00","date_gmt":"2023-12-12T10:30:00","guid":{"rendered":"https:\/\/eberhard.ntyagency.net\/prodotto\/scientigraf-chrono-31077-01\/"},"modified":"2025-01-23T11:09:26","modified_gmt":"2025-01-23T10:09:26","slug":"scientigraf-chrono-31077-01","status":"publish","type":"product","link":"https:\/\/eberhard.ntyagency.net\/fr\/product\/scientigraf-chrono-31077-01\/","title":{"rendered":"SCIENTIGRAF CHRONO 31077.01"},"content":{"rendered":"<p>CHRONOGRAPHE M\u00c9CANIQUE \u00c0 REMONTAGE AUTOMATIQUE<\/p>\n<p>VERRE SAPHIR CONVEXE EXCAV\u00c9 AVEC TRAITEMENT ANTIREFLET \u00c0 L\u2019INT\u00c9RIEUR<\/p>\n<p>COURONNE EN ACIER \u00c0 VIS PERSONNALIS\u00c9E<\/p>\n<p>FOND DU BO\u00ceTIER VISS\u00c9 PERSONNALIS\u00c9 AVEC LE DESIGN DE 1961 INSPIR\u00c9 PAR LES CHAMPS MAGN\u00c9TIQUES<\/p>\n<p>BRACELET CHASSIS\u00ae EN ACIER AVEC FERMETURE 2CLICK\u00ae<\/p>\n","protected":false},"excerpt":{"rendered":"<p>CHRONOGRAPHE M\u00c9CANIQUE \u00c0 REMONTAGE AUTOMATIQUE VERRE SAPHIR CONVEXE EXCAV\u00c9 AVEC TRAITEMENT ANTIREFLET \u00c0 L\u2019INT\u00c9RIEUR COURONNE EN ACIER \u00c0 VIS PERSONNALIS\u00c9E FOND DU BO\u00ceTIER VISS\u00c9 PERSONNALIS\u00c9 AVEC LE DESIGN DE 1961 INSPIR\u00c9 PAR LES CHAMPS MAGN\u00c9TIQUES BRACELET CHASSIS\u00ae EN ACIER AVEC FERMETURE 2CLICK\u00ae<\/p>\n","protected":false},"featured_media":0,"template":"","meta":{"_acf_changed":false,"_seopress_robots_primary_cat":"","_seopress_titles_title":"","_seopress_titles_desc":"","_seopress_robots_index":"","inline_featured_image":false},"product_cat":[106],"product_tag":[],"collection":[423],"class_list":{"0":"post-33451","1":"product","2":"type-product","3":"status-publish","5":"product_cat-non-classifiee","6":"collection-scientigraf-chrono-fr","8":"first","9":"instock","10":"shipping-taxable","11":"purchasable","12":"product-type-simple"},"acf":[],"yoast_head":"<!-- This site is optimized with the Yoast SEO plugin v23.9 - https:\/\/yoast.com\/wordpress\/plugins\/seo\/ -->\n<title>SCIENTIGRAF CHRONO 31077.01 - Eberhard &amp; Co.<\/title>\n<meta name=\"description\" content=\"CHRONOGRAPHE M\u00c9CANIQUE \u00c0 REMONTAGE AUTOMATIQUE VERRE SAPHIR CONVEXE EXCAV\u00c9 AVEC TRAITEMENT ANTIREFLET \u00c0 L\u2019INT\u00c9RIEUR COURONNE EN ACIER \u00c0 VIS PERSONNALIS\u00c9E\" \/>\n<meta name=\"robots\" content=\"index, follow, max-snippet:-1, max-image-preview:large, max-video-preview:-1\" \/>\n<link rel=\"canonical\" href=\"https:\/\/eberhard.ntyagency.net\/fr\/product\/scientigraf-chrono-31077-01\/\" \/>\n<meta property=\"og:locale\" content=\"fr_FR\" \/>\n<meta property=\"og:type\" content=\"article\" \/>\n<meta property=\"og:title\" content=\"SCIENTIGRAF CHRONO 31077.01 - Eberhard &amp; Co.\" \/>\n<meta property=\"og:description\" content=\"CHRONOGRAPHE M\u00c9CANIQUE \u00c0 REMONTAGE AUTOMATIQUE VERRE SAPHIR CONVEXE EXCAV\u00c9 AVEC TRAITEMENT ANTIREFLET \u00c0 L\u2019INT\u00c9RIEUR COURONNE EN ACIER \u00c0 VIS PERSONNALIS\u00c9E\" \/>\n<meta property=\"og:url\" content=\"https:\/\/eberhard.ntyagency.net\/fr\/product\/scientigraf-chrono-31077-01\/\" \/>\n<meta property=\"og:site_name\" content=\"Eberhard &amp; Co.\" \/>\n<meta property=\"article:modified_time\" content=\"2025-01-23T10:09:26+00:00\" \/>\n<meta name=\"twitter:card\" content=\"summary_large_image\" \/>\n<script type=\"application\/ld+json\" class=\"yoast-schema-graph\">{\"@context\":\"https:\/\/schema.org\",\"@graph\":[{\"@type\":\"WebPage\",\"@id\":\"https:\/\/eberhard.ntyagency.net\/fr\/product\/scientigraf-chrono-31077-01\/\",\"url\":\"https:\/\/eberhard.ntyagency.net\/fr\/product\/scientigraf-chrono-31077-01\/\",\"name\":\"SCIENTIGRAF CHRONO 31077.01 - Eberhard &amp; Co.\",\"isPartOf\":{\"@id\":\"https:\/\/eberhard.ntyagency.net\/fr\/#website\"},\"datePublished\":\"2023-12-12T10:30:00+00:00\",\"dateModified\":\"2025-01-23T10:09:26+00:00\",\"description\":\"CHRONOGRAPHE M\u00c9CANIQUE \u00c0 REMONTAGE AUTOMATIQUE VERRE SAPHIR CONVEXE EXCAV\u00c9 AVEC TRAITEMENT ANTIREFLET \u00c0 L\u2019INT\u00c9RIEUR COURONNE EN ACIER \u00c0 VIS PERSONNALIS\u00c9E\",\"breadcrumb\":{\"@id\":\"https:\/\/eberhard.ntyagency.net\/fr\/product\/scientigraf-chrono-31077-01\/#breadcrumb\"},\"inLanguage\":\"fr-FR\",\"potentialAction\":[{\"@type\":\"ReadAction\",\"target\":[\"https:\/\/eberhard.ntyagency.net\/fr\/product\/scientigraf-chrono-31077-01\/\"]}]},{\"@type\":\"BreadcrumbList\",\"@id\":\"https:\/\/eberhard.ntyagency.net\/fr\/product\/scientigraf-chrono-31077-01\/#breadcrumb\",\"itemListElement\":[{\"@type\":\"ListItem\",\"position\":1,\"name\":\"Negozio\",\"item\":\"https:\/\/eberhard.ntyagency.net\/negozio\/\"},{\"@type\":\"ListItem\",\"position\":2,\"name\":\"SCIENTIGRAF CHRONO 31077.01\"}]},{\"@type\":\"WebSite\",\"@id\":\"https:\/\/eberhard.ntyagency.net\/fr\/#website\",\"url\":\"https:\/\/eberhard.ntyagency.net\/fr\/\",\"name\":\"Eberhard &amp; Co.\",\"description\":\"\",\"publisher\":{\"@id\":\"https:\/\/eberhard.ntyagency.net\/fr\/#organization\"},\"potentialAction\":[{\"@type\":\"SearchAction\",\"target\":{\"@type\":\"EntryPoint\",\"urlTemplate\":\"https:\/\/eberhard.ntyagency.net\/fr\/?s={search_term_string}\"},\"query-input\":{\"@type\":\"PropertyValueSpecification\",\"valueRequired\":true,\"valueName\":\"search_term_string\"}}],\"inLanguage\":\"fr-FR\"},{\"@type\":\"Organization\",\"@id\":\"https:\/\/eberhard.ntyagency.net\/fr\/#organization\",\"name\":\"Eberhard & Co. Watches\",\"url\":\"https:\/\/eberhard.ntyagency.net\/fr\/\",\"logo\":{\"@type\":\"ImageObject\",\"inLanguage\":\"fr-FR\",\"@id\":\"https:\/\/eberhard.ntyagency.net\/fr\/#\/schema\/logo\/image\/\",\"url\":\"\",\"contentUrl\":\"\",\"caption\":\"Eberhard & Co. Watches\"},\"image\":{\"@id\":\"https:\/\/eberhard.ntyagency.net\/fr\/#\/schema\/logo\/image\/\"}}]}<\/script>\n<!-- \/ Yoast SEO plugin. -->","yoast_head_json":{"title":"SCIENTIGRAF CHRONO 31077.01 - Eberhard &amp; Co.","description":"CHRONOGRAPHE M\u00c9CANIQUE \u00c0 REMONTAGE AUTOMATIQUE VERRE SAPHIR CONVEXE EXCAV\u00c9 AVEC TRAITEMENT ANTIREFLET \u00c0 L\u2019INT\u00c9RIEUR COURONNE EN ACIER \u00c0 VIS PERSONNALIS\u00c9E","robots":{"index":"index","follow":"follow","max-snippet":"max-snippet:-1","max-image-preview":"max-image-preview:large","max-video-preview":"max-video-preview:-1"},"canonical":"https:\/\/eberhard.ntyagency.net\/fr\/product\/scientigraf-chrono-31077-01\/","og_locale":"fr_FR","og_type":"article","og_title":"SCIENTIGRAF CHRONO 31077.01 - Eberhard &amp; Co.","og_description":"CHRONOGRAPHE M\u00c9CANIQUE \u00c0 REMONTAGE AUTOMATIQUE VERRE SAPHIR CONVEXE EXCAV\u00c9 AVEC TRAITEMENT ANTIREFLET \u00c0 L\u2019INT\u00c9RIEUR COURONNE EN ACIER \u00c0 VIS PERSONNALIS\u00c9E","og_url":"https:\/\/eberhard.ntyagency.net\/fr\/product\/scientigraf-chrono-31077-01\/","og_site_name":"Eberhard &amp; Co.","article_modified_time":"2025-01-23T10:09:26+00:00","twitter_card":"summary_large_image","schema":{"@context":"https:\/\/schema.org","@graph":[{"@type":"WebPage","@id":"https:\/\/eberhard.ntyagency.net\/fr\/product\/scientigraf-chrono-31077-01\/","url":"https:\/\/eberhard.ntyagency.net\/fr\/product\/scientigraf-chrono-31077-01\/","name":"SCIENTIGRAF CHRONO 31077.01 - Eberhard &amp; Co.","isPartOf":{"@id":"https:\/\/eberhard.ntyagency.net\/fr\/#website"},"datePublished":"2023-12-12T10:30:00+00:00","dateModified":"2025-01-23T10:09:26+00:00","description":"CHRONOGRAPHE M\u00c9CANIQUE \u00c0 REMONTAGE AUTOMATIQUE VERRE SAPHIR CONVEXE EXCAV\u00c9 AVEC TRAITEMENT ANTIREFLET \u00c0 L\u2019INT\u00c9RIEUR COURONNE EN ACIER \u00c0 VIS PERSONNALIS\u00c9E","breadcrumb":{"@id":"https:\/\/eberhard.ntyagency.net\/fr\/product\/scientigraf-chrono-31077-01\/#breadcrumb"},"inLanguage":"fr-FR","potentialAction":[{"@type":"ReadAction","target":["https:\/\/eberhard.ntyagency.net\/fr\/product\/scientigraf-chrono-31077-01\/"]}]},{"@type":"BreadcrumbList","@id":"https:\/\/eberhard.ntyagency.net\/fr\/product\/scientigraf-chrono-31077-01\/#breadcrumb","itemListElement":[{"@type":"ListItem","position":1,"name":"Negozio","item":"https:\/\/eberhard.ntyagency.net\/negozio\/"},{"@type":"ListItem","position":2,"name":"SCIENTIGRAF CHRONO 31077.01"}]},{"@type":"WebSite","@id":"https:\/\/eberhard.ntyagency.net\/fr\/#website","url":"https:\/\/eberhard.ntyagency.net\/fr\/","name":"Eberhard &amp; Co.","description":"","publisher":{"@id":"https:\/\/eberhard.ntyagency.net\/fr\/#organization"},"potentialAction":[{"@type":"SearchAction","target":{"@type":"EntryPoint","urlTemplate":"https:\/\/eberhard.ntyagency.net\/fr\/?s={search_term_string}"},"query-input":{"@type":"PropertyValueSpecification","valueRequired":true,"valueName":"search_term_string"}}],"inLanguage":"fr-FR"},{"@type":"Organization","@id":"https:\/\/eberhard.ntyagency.net\/fr\/#organization","name":"Eberhard & Co. Watches","url":"https:\/\/eberhard.ntyagency.net\/fr\/","logo":{"@type":"ImageObject","inLanguage":"fr-FR","@id":"https:\/\/eberhard.ntyagency.net\/fr\/#\/schema\/logo\/image\/","url":"","contentUrl":"","caption":"Eberhard & Co. Watches"},"image":{"@id":"https:\/\/eberhard.ntyagency.net\/fr\/#\/schema\/logo\/image\/"}}]}},"_links":{"self":[{"href":"https:\/\/eberhard.ntyagency.net\/fr\/wp-json\/wp\/v2\/product\/33451","targetHints":{"allow":["GET"]}}],"collection":[{"href":"https:\/\/eberhard.ntyagency.net\/fr\/wp-json\/wp\/v2\/product"}],"about":[{"href":"https:\/\/eberhard.ntyagency.net\/fr\/wp-json\/wp\/v2\/types\/product"}],"wp:attachment":[{"href":"https:\/\/eberhard.ntyagency.net\/fr\/wp-json\/wp\/v2\/media?parent=33451"}],"wp:term":[{"taxonomy":"product_cat","embeddable":true,"href":"https:\/\/eberhard.ntyagency.net\/fr\/wp-json\/wp\/v2\/product_cat?post=33451"},{"taxonomy":"product_tag","embeddable":true,"href":"https:\/\/eberhard.ntyagency.net\/fr\/wp-json\/wp\/v2\/product_tag?post=33451"},{"taxonomy":"collection","embeddable":true,"href":"https:\/\/eberhard.ntyagency.net\/fr\/wp-json\/wp\/v2\/collection?post=33451"}],"curies":[{"name":"wp","href":"https:\/\/api.w.org\/{rel}","templated":true}]}}