{"id":31625,"date":"2014-03-06T14:20:26","date_gmt":"2014-03-06T13:20:26","guid":{"rendered":"https:\/\/eberhard.ntyagency.net\/prodotto\/chrono-4-geant-31060-4\/"},"modified":"2024-06-18T13:43:07","modified_gmt":"2024-06-18T11:43:07","slug":"chrono-4-geant-31060-4","status":"publish","type":"product","link":"https:\/\/eberhard.ntyagency.net\/fr\/product\/chrono-4-geant-31060-4\/","title":{"rendered":"CHRONO 4 GEANT 31060.4"},"content":{"rendered":"<p>CHRONOGRAPHE M\u00c9CANIQUE<br \/>\nAUTOMATIQUE<br \/>\nDISPOSITIF EBERHARD &amp; CO.<br \/>\nAVEC 4 COMPTEURS ALIGN\u00c9S<\/p>\n<p>VERRE SAPHIR<br \/>\nANTIREFLET<\/p>\n<p>COURONNE \u00c0 VIS AVEC PROT\u00c8GE-COURONNE<\/p>\n<p>POUSSOIRS \u00c0 VIS<\/p>\n<p>FOND DU BO\u020aTIER SERR\u00c9 PAR 8 VIS<\/p>\n<p>BRACELET EN CAOUTCHOUC<\/p>\n<p>BOUCLE EN ACIER \u2013 E&amp;CO.<\/p>\n<p>OPTION\u00a0:<br \/>\nFERMETURE D\u00c9PLOYANTE D\u00c9CLIC\u00ae \u2013 PATENTED<\/p>\n","protected":false},"excerpt":{"rendered":"<p>CHRONOGRAPHE M\u00c9CANIQUE AUTOMATIQUE DISPOSITIF EBERHARD &amp; CO. AVEC 4 COMPTEURS ALIGN\u00c9S VERRE SAPHIR ANTIREFLET COURONNE \u00c0 VIS AVEC PROT\u00c8GE-COURONNE POUSSOIRS \u00c0 VIS FOND DU BO\u020aTIER SERR\u00c9 PAR 8 VIS BRACELET EN CAOUTCHOUC BOUCLE EN ACIER \u2013 E&amp;CO. OPTION\u00a0: FERMETURE D\u00c9PLOYANTE D\u00c9CLIC\u00ae \u2013 PATENTED<\/p>\n","protected":false},"featured_media":0,"template":"","meta":{"_acf_changed":false,"_seopress_robots_primary_cat":"","_seopress_titles_title":"","_seopress_titles_desc":"","_seopress_robots_index":"","inline_featured_image":false},"product_cat":[194],"product_tag":[],"collection":[548],"class_list":{"0":"post-31625","1":"product","2":"type-product","3":"status-publish","5":"product_cat-uncategorized-fr","6":"collection-geant-fr","8":"first","9":"instock","10":"shipping-taxable","11":"product-type-simple"},"acf":[],"yoast_head":"<!-- This site is optimized with the Yoast SEO plugin v23.9 - https:\/\/yoast.com\/wordpress\/plugins\/seo\/ -->\n<title>CHRONO 4 GEANT 31060.4 - Eberhard &amp; Co.<\/title>\n<meta name=\"description\" content=\"CHRONOGRAPHE M\u00c9CANIQUE AUTOMATIQUE DISPOSITIF EBERHARD &amp; CO. AVEC 4 COMPTEURS ALIGN\u00c9S VERRE SAPHIR ANTIREFLET COURONNE \u00c0 VIS AVEC PROT\u00c8GE-COURONNE\" \/>\n<meta name=\"robots\" content=\"index, follow, max-snippet:-1, max-image-preview:large, max-video-preview:-1\" \/>\n<link rel=\"canonical\" href=\"https:\/\/eberhard.ntyagency.net\/fr\/product\/chrono-4-geant-31060-4\/\" \/>\n<meta property=\"og:locale\" content=\"fr_FR\" \/>\n<meta property=\"og:type\" content=\"article\" \/>\n<meta property=\"og:title\" content=\"CHRONO 4 GEANT 31060.4 - Eberhard &amp; Co.\" \/>\n<meta property=\"og:description\" content=\"CHRONOGRAPHE M\u00c9CANIQUE AUTOMATIQUE DISPOSITIF EBERHARD &amp; CO. AVEC 4 COMPTEURS ALIGN\u00c9S VERRE SAPHIR ANTIREFLET COURONNE \u00c0 VIS AVEC PROT\u00c8GE-COURONNE\" \/>\n<meta property=\"og:url\" content=\"https:\/\/eberhard.ntyagency.net\/fr\/product\/chrono-4-geant-31060-4\/\" \/>\n<meta property=\"og:site_name\" content=\"Eberhard &amp; Co.\" \/>\n<meta property=\"article:modified_time\" content=\"2024-06-18T11:43:07+00:00\" \/>\n<meta name=\"twitter:card\" content=\"summary_large_image\" \/>\n<script type=\"application\/ld+json\" class=\"yoast-schema-graph\">{\"@context\":\"https:\/\/schema.org\",\"@graph\":[{\"@type\":\"WebPage\",\"@id\":\"https:\/\/eberhard.ntyagency.net\/fr\/product\/chrono-4-geant-31060-4\/\",\"url\":\"https:\/\/eberhard.ntyagency.net\/fr\/product\/chrono-4-geant-31060-4\/\",\"name\":\"CHRONO 4 GEANT 31060.4 - Eberhard &amp; Co.\",\"isPartOf\":{\"@id\":\"https:\/\/eberhard.ntyagency.net\/fr\/#website\"},\"datePublished\":\"2014-03-06T13:20:26+00:00\",\"dateModified\":\"2024-06-18T11:43:07+00:00\",\"description\":\"CHRONOGRAPHE M\u00c9CANIQUE AUTOMATIQUE DISPOSITIF EBERHARD &amp; CO. AVEC 4 COMPTEURS ALIGN\u00c9S VERRE SAPHIR ANTIREFLET COURONNE \u00c0 VIS AVEC PROT\u00c8GE-COURONNE\",\"breadcrumb\":{\"@id\":\"https:\/\/eberhard.ntyagency.net\/fr\/product\/chrono-4-geant-31060-4\/#breadcrumb\"},\"inLanguage\":\"fr-FR\",\"potentialAction\":[{\"@type\":\"ReadAction\",\"target\":[\"https:\/\/eberhard.ntyagency.net\/fr\/product\/chrono-4-geant-31060-4\/\"]}]},{\"@type\":\"BreadcrumbList\",\"@id\":\"https:\/\/eberhard.ntyagency.net\/fr\/product\/chrono-4-geant-31060-4\/#breadcrumb\",\"itemListElement\":[{\"@type\":\"ListItem\",\"position\":1,\"name\":\"Negozio\",\"item\":\"https:\/\/eberhard.ntyagency.net\/negozio\/\"},{\"@type\":\"ListItem\",\"position\":2,\"name\":\"CHRONO 4 GEANT 31060.4\"}]},{\"@type\":\"WebSite\",\"@id\":\"https:\/\/eberhard.ntyagency.net\/fr\/#website\",\"url\":\"https:\/\/eberhard.ntyagency.net\/fr\/\",\"name\":\"Eberhard &amp; Co.\",\"description\":\"\",\"publisher\":{\"@id\":\"https:\/\/eberhard.ntyagency.net\/fr\/#organization\"},\"potentialAction\":[{\"@type\":\"SearchAction\",\"target\":{\"@type\":\"EntryPoint\",\"urlTemplate\":\"https:\/\/eberhard.ntyagency.net\/fr\/?s={search_term_string}\"},\"query-input\":{\"@type\":\"PropertyValueSpecification\",\"valueRequired\":true,\"valueName\":\"search_term_string\"}}],\"inLanguage\":\"fr-FR\"},{\"@type\":\"Organization\",\"@id\":\"https:\/\/eberhard.ntyagency.net\/fr\/#organization\",\"name\":\"Eberhard & Co. Watches\",\"url\":\"https:\/\/eberhard.ntyagency.net\/fr\/\",\"logo\":{\"@type\":\"ImageObject\",\"inLanguage\":\"fr-FR\",\"@id\":\"https:\/\/eberhard.ntyagency.net\/fr\/#\/schema\/logo\/image\/\",\"url\":\"\",\"contentUrl\":\"\",\"caption\":\"Eberhard & Co. Watches\"},\"image\":{\"@id\":\"https:\/\/eberhard.ntyagency.net\/fr\/#\/schema\/logo\/image\/\"}}]}<\/script>\n<!-- \/ Yoast SEO plugin. -->","yoast_head_json":{"title":"CHRONO 4 GEANT 31060.4 - Eberhard &amp; Co.","description":"CHRONOGRAPHE M\u00c9CANIQUE AUTOMATIQUE DISPOSITIF EBERHARD &amp; CO. AVEC 4 COMPTEURS ALIGN\u00c9S VERRE SAPHIR ANTIREFLET COURONNE \u00c0 VIS AVEC PROT\u00c8GE-COURONNE","robots":{"index":"index","follow":"follow","max-snippet":"max-snippet:-1","max-image-preview":"max-image-preview:large","max-video-preview":"max-video-preview:-1"},"canonical":"https:\/\/eberhard.ntyagency.net\/fr\/product\/chrono-4-geant-31060-4\/","og_locale":"fr_FR","og_type":"article","og_title":"CHRONO 4 GEANT 31060.4 - Eberhard &amp; Co.","og_description":"CHRONOGRAPHE M\u00c9CANIQUE AUTOMATIQUE DISPOSITIF EBERHARD &amp; CO. AVEC 4 COMPTEURS ALIGN\u00c9S VERRE SAPHIR ANTIREFLET COURONNE \u00c0 VIS AVEC PROT\u00c8GE-COURONNE","og_url":"https:\/\/eberhard.ntyagency.net\/fr\/product\/chrono-4-geant-31060-4\/","og_site_name":"Eberhard &amp; Co.","article_modified_time":"2024-06-18T11:43:07+00:00","twitter_card":"summary_large_image","schema":{"@context":"https:\/\/schema.org","@graph":[{"@type":"WebPage","@id":"https:\/\/eberhard.ntyagency.net\/fr\/product\/chrono-4-geant-31060-4\/","url":"https:\/\/eberhard.ntyagency.net\/fr\/product\/chrono-4-geant-31060-4\/","name":"CHRONO 4 GEANT 31060.4 - Eberhard &amp; Co.","isPartOf":{"@id":"https:\/\/eberhard.ntyagency.net\/fr\/#website"},"datePublished":"2014-03-06T13:20:26+00:00","dateModified":"2024-06-18T11:43:07+00:00","description":"CHRONOGRAPHE M\u00c9CANIQUE AUTOMATIQUE DISPOSITIF EBERHARD &amp; CO. AVEC 4 COMPTEURS ALIGN\u00c9S VERRE SAPHIR ANTIREFLET COURONNE \u00c0 VIS AVEC PROT\u00c8GE-COURONNE","breadcrumb":{"@id":"https:\/\/eberhard.ntyagency.net\/fr\/product\/chrono-4-geant-31060-4\/#breadcrumb"},"inLanguage":"fr-FR","potentialAction":[{"@type":"ReadAction","target":["https:\/\/eberhard.ntyagency.net\/fr\/product\/chrono-4-geant-31060-4\/"]}]},{"@type":"BreadcrumbList","@id":"https:\/\/eberhard.ntyagency.net\/fr\/product\/chrono-4-geant-31060-4\/#breadcrumb","itemListElement":[{"@type":"ListItem","position":1,"name":"Negozio","item":"https:\/\/eberhard.ntyagency.net\/negozio\/"},{"@type":"ListItem","position":2,"name":"CHRONO 4 GEANT 31060.4"}]},{"@type":"WebSite","@id":"https:\/\/eberhard.ntyagency.net\/fr\/#website","url":"https:\/\/eberhard.ntyagency.net\/fr\/","name":"Eberhard &amp; Co.","description":"","publisher":{"@id":"https:\/\/eberhard.ntyagency.net\/fr\/#organization"},"potentialAction":[{"@type":"SearchAction","target":{"@type":"EntryPoint","urlTemplate":"https:\/\/eberhard.ntyagency.net\/fr\/?s={search_term_string}"},"query-input":{"@type":"PropertyValueSpecification","valueRequired":true,"valueName":"search_term_string"}}],"inLanguage":"fr-FR"},{"@type":"Organization","@id":"https:\/\/eberhard.ntyagency.net\/fr\/#organization","name":"Eberhard & Co. Watches","url":"https:\/\/eberhard.ntyagency.net\/fr\/","logo":{"@type":"ImageObject","inLanguage":"fr-FR","@id":"https:\/\/eberhard.ntyagency.net\/fr\/#\/schema\/logo\/image\/","url":"","contentUrl":"","caption":"Eberhard & Co. Watches"},"image":{"@id":"https:\/\/eberhard.ntyagency.net\/fr\/#\/schema\/logo\/image\/"}}]}},"_links":{"self":[{"href":"https:\/\/eberhard.ntyagency.net\/fr\/wp-json\/wp\/v2\/product\/31625","targetHints":{"allow":["GET"]}}],"collection":[{"href":"https:\/\/eberhard.ntyagency.net\/fr\/wp-json\/wp\/v2\/product"}],"about":[{"href":"https:\/\/eberhard.ntyagency.net\/fr\/wp-json\/wp\/v2\/types\/product"}],"wp:attachment":[{"href":"https:\/\/eberhard.ntyagency.net\/fr\/wp-json\/wp\/v2\/media?parent=31625"}],"wp:term":[{"taxonomy":"product_cat","embeddable":true,"href":"https:\/\/eberhard.ntyagency.net\/fr\/wp-json\/wp\/v2\/product_cat?post=31625"},{"taxonomy":"product_tag","embeddable":true,"href":"https:\/\/eberhard.ntyagency.net\/fr\/wp-json\/wp\/v2\/product_tag?post=31625"},{"taxonomy":"collection","embeddable":true,"href":"https:\/\/eberhard.ntyagency.net\/fr\/wp-json\/wp\/v2\/collection?post=31625"}],"curies":[{"name":"wp","href":"https:\/\/api.w.org\/{rel}","templated":true}]}}