{"id":45732,"date":"2024-07-22T14:52:05","date_gmt":"2024-07-22T12:52:05","guid":{"rendered":"https:\/\/eberhard.ntyagency.net\/richiedere-estratto\/"},"modified":"2024-11-27T00:10:43","modified_gmt":"2024-11-26T23:10:43","slug":"richiedere-estratto","status":"publish","type":"page","link":"https:\/\/eberhard.ntyagency.net\/fr\/richiedere-estratto\/","title":{"rendered":"DEMANDER UN EXTRAIT"},"content":{"rendered":"\t\t<div data-elementor-type=\"wp-page\" data-elementor-id=\"45732\" class=\"elementor elementor-45732 elementor-33258\" data-elementor-post-type=\"page\">\n\t\t\t\t<div class=\"elementor-element elementor-element-919b8ef e-flex e-con-boxed e-con e-parent\" data-id=\"919b8ef\" data-element_type=\"container\">\n\t\t\t\t\t<div class=\"e-con-inner\">\n\t\t\t\t<div class=\"elementor-element elementor-element-726eff2 elementor-invisible elementor-widget elementor-widget-theme-post-title elementor-page-title elementor-widget-heading\" data-id=\"726eff2\" data-element_type=\"widget\" data-settings=\"{&quot;_animation&quot;:&quot;fadeIn&quot;}\" data-widget_type=\"theme-post-title.default\">\n\t\t\t\t<div class=\"elementor-widget-container\">\n\t\t\t<h1 class=\"elementor-heading-title elementor-size-default\">DEMANDER UN EXTRAIT<\/h1>\t\t<\/div>\n\t\t\t\t<\/div>\n\t\t\t\t\t<\/div>\n\t\t\t\t<\/div>\n\t\t<div class=\"elementor-element elementor-element-2ca03b39 e-flex e-con-boxed e-con e-parent\" data-id=\"2ca03b39\" data-element_type=\"container\">\n\t\t\t\t\t<div class=\"e-con-inner\">\n\t\t\t\t<div class=\"elementor-element elementor-element-b63ab24 elementor-widget elementor-widget-text-editor\" data-id=\"b63ab24\" data-element_type=\"widget\" data-widget_type=\"text-editor.default\">\n\t\t\t\t<div class=\"elementor-widget-container\">\n\t\t\t\t\t\t\t<p style=\"text-align: center;\">Remplissez les champs de ce formulaire pour recevoir l&#8217;extrait par email<br \/>de votre propre montre Eberhard &amp; Co.<\/p>\t\t\t\t\t\t<\/div>\n\t\t\t\t<\/div>\n\t\t<div class=\"elementor-element elementor-element-a42aeb2 e-con-full e-flex e-con e-child\" data-id=\"a42aeb2\" data-element_type=\"container\">\n\t\t\t\t<div class=\"elementor-element elementor-element-ae75de0 elementor-widget elementor-widget-text-editor\" data-id=\"ae75de0\" data-element_type=\"widget\" data-widget_type=\"text-editor.default\">\n\t\t\t\t<div class=\"elementor-widget-container\">\n\t\t\t\t\t\t\t<p>\n<div class=\"wpcf7 no-js\" id=\"wpcf7-f21734-o1\" lang=\"it-IT\" dir=\"ltr\" data-wpcf7-id=\"21734\">\n<div class=\"screen-reader-response\"><p role=\"status\" aria-live=\"polite\" aria-atomic=\"true\"><\/p> <ul><\/ul><\/div>\n<form action=\"\/fr\/wp-json\/wp\/v2\/pages\/45732#wpcf7-f21734-o1\" method=\"post\" class=\"wpcf7-form init\" aria-label=\"Modulo di contatto\" enctype=\"multipart\/form-data\" novalidate=\"novalidate\" data-status=\"init\">\n<div style=\"display: none;\">\n<input type=\"hidden\" name=\"_wpcf7\" value=\"21734\" \/>\n<input type=\"hidden\" name=\"_wpcf7_version\" value=\"6.0\" \/>\n<input type=\"hidden\" name=\"_wpcf7_locale\" value=\"it_IT\" \/>\n<input type=\"hidden\" name=\"_wpcf7_unit_tag\" value=\"wpcf7-f21734-o1\" \/>\n<input type=\"hidden\" name=\"_wpcf7_container_post\" value=\"0\" \/>\n<input type=\"hidden\" name=\"_wpcf7_posted_data_hash\" value=\"\" \/>\n<\/div>\n<div class=\"cf7-extract\">\n\t<div class=\"title-section\">\n\t<hr \/>\n\t\t<h3>Donn\u00e9es personnelles\n\t\t<\/h3>\n\t<\/div>\n\t<div class=\"form-group\">\n\t\t<div class=\"col-sm-2\">\n\t\t\t<p><label for=\"gender\">Titre*<\/label><span class=\"wpcf7-form-control-wrap\" data-name=\"gender\"><select class=\"wpcf7-form-control wpcf7-select wpcf7-validates-as-required\" id=\"gender\" aria-required=\"true\" aria-invalid=\"false\" name=\"gender\"><option value=\"M.\">M.<\/option><option value=\"Mme.\">Mme.<\/option><\/select><\/span>\n\t\t\t<\/p>\n\t\t<\/div>\n\t\t<div class=\"col-sm-5\">\n\t\t\t<p><label for=\"your-name\">Nom*<\/label><span class=\"wpcf7-form-control-wrap\" data-name=\"your-name\"><input size=\"40\" maxlength=\"400\" class=\"wpcf7-form-control wpcf7-text wpcf7-validates-as-required\" aria-required=\"true\" aria-invalid=\"false\" value=\"\" type=\"text\" name=\"your-name\" \/><\/span>\n\t\t\t<\/p>\n\t\t<\/div>\n\t\t<div class=\"col-sm-5\">\n\t\t\t<p><label for=\"surname\">Pr\u00e9nom*<\/label><span class=\"wpcf7-form-control-wrap\" data-name=\"surname\"><input size=\"40\" maxlength=\"400\" class=\"wpcf7-form-control wpcf7-text wpcf7-validates-as-required\" aria-required=\"true\" aria-invalid=\"false\" value=\"\" type=\"text\" name=\"surname\" \/><\/span>\n\t\t\t<\/p>\n\t\t<\/div>\n\t<\/div>\n\t<div class=\"form-group\">\n\t\t<div class=\"col-md-12\">\n\t\t\t<p><label for=\"address\">Adresse*<\/label><span class=\"wpcf7-form-control-wrap\" data-name=\"address\"><input size=\"40\" maxlength=\"400\" class=\"wpcf7-form-control wpcf7-text wpcf7-validates-as-required\" aria-required=\"true\" aria-invalid=\"false\" value=\"\" type=\"text\" name=\"address\" \/><\/span>\n\t\t\t<\/p>\n\t\t<\/div>\n\t<\/div>\n\t<div class=\"form-group\">\n\t\t<div class=\"col-sm-6\">\n\t\t\t<p><label for=\"city\">Ville*<\/label><span class=\"wpcf7-form-control-wrap\" data-name=\"city\"><input size=\"40\" maxlength=\"400\" class=\"wpcf7-form-control wpcf7-text wpcf7-validates-as-required\" aria-required=\"true\" aria-invalid=\"false\" value=\"\" type=\"text\" name=\"city\" \/><\/span>\n\t\t\t<\/p>\n\t\t<\/div>\n\t\t<div class=\"col-sm-6\">\n\t\t\t<p><label for=\"cap\">Code postal*<\/label><span class=\"wpcf7-form-control-wrap\" data-name=\"cap\"><input size=\"5\" maxlength=\"5\" class=\"wpcf7-form-control wpcf7-text wpcf7-validates-as-required\" aria-required=\"true\" aria-invalid=\"false\" value=\"\" type=\"text\" name=\"cap\" \/><\/span>\n\t\t\t<\/p>\n\t\t<\/div>\n\t<\/div>\n\t<div class=\"form-group\">\n\t\t<div class=\"col-sm-6\">\n\t\t\t<p><label for=\"region\">D\u00e9partement*<\/label><span class=\"wpcf7-form-control-wrap\" data-name=\"region\"><input size=\"40\" maxlength=\"400\" class=\"wpcf7-form-control wpcf7-text wpcf7-validates-as-required\" aria-required=\"true\" aria-invalid=\"false\" value=\"\" type=\"text\" name=\"region\" \/><\/span>\n\t\t\t<\/p>\n\t\t<\/div>\n\t\t<div class=\"col-sm-6\">\n\t\t\t<p><label for=\"country\">Pays*<\/label><span class=\"wpcf7-form-control-wrap\" data-name=\"country\"><input size=\"40\" maxlength=\"400\" class=\"wpcf7-form-control wpcf7-text wpcf7-validates-as-required\" aria-required=\"true\" aria-invalid=\"false\" value=\"\" type=\"text\" name=\"country\" \/><\/span>\n\t\t\t<\/p>\n\t\t<\/div>\n\t<\/div>\n\t<div class=\"form-group\">\n\t\t<div class=\"col-sm-6\">\n\t\t\t<p><label for=\"your-email\">E-mail*<\/label><span class=\"wpcf7-form-control-wrap\" data-name=\"your-email\"><input size=\"40\" maxlength=\"400\" class=\"wpcf7-form-control wpcf7-email wpcf7-validates-as-required wpcf7-text wpcf7-validates-as-email form-control\" aria-required=\"true\" aria-invalid=\"false\" value=\"\" type=\"email\" name=\"your-email\" \/><\/span>\n\t\t\t<\/p>\n\t\t<\/div>\n\t\t<div class=\"col-sm-6\">\n\t\t\t<p><label for=\"your-email\">Confirmer l&#8217;e-mail*<\/label><span class=\"wpcf7-form-control-wrap your-confirm-email\"><input size=\"40\" class=\"wpcf7-form-control wpcf7-confirm_email wpcf7-validates-as-confirm_email form-control\" aria-invalid=\"false\" value=\"\" type=\"confirm_email\" name=\"your-confirm-email\" \/><\/span>\n\t\t\t<\/p>\n\t\t<\/div>\n\t<\/div>\n\t<div class=\"form-group\">\n\t\t<div class=\"col-md-12\">\n\t\t\t<p><label for=\"your-phone\">T\u00e9l\u00e9phone*<\/label><span class=\"wpcf7-form-control-wrap\" data-name=\"your-phone\"><input size=\"40\" maxlength=\"400\" class=\"wpcf7-form-control wpcf7-text wpcf7-validates-as-required\" aria-required=\"true\" aria-invalid=\"false\" value=\"\" type=\"text\" name=\"your-phone\" \/><\/span>\n\t\t\t<\/p>\n\t\t<\/div>\n\t<\/div>\n\t<div class=\"clearfix\">\n\t<\/div>\n\t<div class=\"title-section\">\n\t<hr \/>\n\t\t<h3>Donn\u00e9es de la montre\n\t\t<\/h3>\n\t<\/div>\n\t<div class=\"form-group\">\n\t\t<div class=\"col-sm-6\">\n\t\t\t<p><label for=\"referenza\">N\u00b0 de r\u00e9f\u00e9rence<\/label><span class=\"wpcf7-form-control-wrap\" data-name=\"referenza\"><input size=\"40\" maxlength=\"400\" class=\"wpcf7-form-control wpcf7-text\" aria-invalid=\"false\" value=\"\" type=\"text\" name=\"referenza\" \/><\/span>\n\t\t\t<\/p>\n\t\t<\/div>\n\t\t<div class=\"col-sm-6\">\n\t\t\t<p><label for=\"cassa\">N\u00b0 de bo\u00eetier<\/label><span class=\"wpcf7-form-control-wrap\" data-name=\"cassa\"><input size=\"40\" maxlength=\"400\" class=\"wpcf7-form-control wpcf7-text\" aria-invalid=\"false\" value=\"\" type=\"text\" name=\"cassa\" \/><\/span>\n\t\t\t<\/p>\n\t\t<\/div>\n\t<\/div>\n\t<div class=\"form-group\">\n\t\t<div class=\"col-md-12\">\n\t\t\t<p><label for=\"quadrante\">Cadran<\/label><span class=\"wpcf7-form-control-wrap\" data-name=\"quadrante\"><input size=\"40\" maxlength=\"400\" class=\"wpcf7-form-control wpcf7-text\" aria-invalid=\"false\" value=\"\" type=\"text\" name=\"quadrante\" \/><\/span>\n\t\t\t<\/p>\n\t\t<\/div>\n\t<\/div>\n\t<div class=\"form-group\">\n\t\t<div class=\"col-md-12\">\n\t\t\t<p><label for=\"your-message\">Notes<\/label><span class=\"wpcf7-form-control-wrap\" data-name=\"your-message\"><textarea cols=\"40\" rows=\"10\" maxlength=\"2000\" class=\"wpcf7-form-control wpcf7-textarea\" aria-invalid=\"false\" name=\"your-message\"><\/textarea><\/span>\n\t\t\t<\/p>\n\t\t<\/div>\n\t<\/div>\n\t<div class=\"clearfix\">\n\t<\/div>\n\t<div class=\"title-section\">\n\t<hr \/>\n\t\t<h3>Photos de la montre\n\t\t<\/h3>\n\t<\/div>\n\t<div class=\"form-group\">\n\t\t<div class=\"col-md-12 attach-wrap\">\n\t\t\t<p><label for=\"quadrante\">Photos*<\/label>\n\t\t\t<\/p>\n\t\t\t<div class=\"fileUpload\">\n\t\t\t\t<div class=\"upload-container\">\n\t\t\t\t\t<p><span class=\"wpcf7-form-control-wrap\" data-name=\"text-file-immagine1\"><input size=\"40\" maxlength=\"400\" class=\"wpcf7-form-control wpcf7-text wpcf7-validates-as-required\" aria-required=\"true\" aria-invalid=\"false\" placeholder=\"Photo frontale de la montre\" value=\"\" type=\"text\" name=\"text-file-immagine1\" \/><\/span>\n\t\t\t\t\t<\/p>\n\t\t\t\t<\/div>\n\t\t\t\t<div class=\"upload-button\">\n\t\t\t\t\t<p><span class=\"btn-upload\">Feuilleter<\/span><span class=\"wpcf7-form-control-wrap\" data-name=\"file-immagine1\"><input size=\"40\" class=\"wpcf7-form-control wpcf7-file wpcf7-validates-as-required upload\" accept=\".gif,.png,.jpg,.jpeg\" aria-required=\"true\" aria-invalid=\"false\" type=\"file\" name=\"file-immagine1\" \/><\/span>\n\t\t\t\t\t<\/p>\n\t\t\t\t<\/div>\n\t\t\t<\/div>\n\t\t<\/div>\n\t\t<div class=\"col-md-12 hidden attach-wrap\">\n\t\t\t<div class=\"fileUpload\">\n\t\t\t\t<div class=\"upload-container\">\n\t\t\t\t\t<p><span class=\"wpcf7-form-control-wrap\" data-name=\"text-file-immagine2\"><input size=\"40\" maxlength=\"400\" class=\"wpcf7-form-control wpcf7-text wpcf7-validates-as-required\" aria-required=\"true\" aria-invalid=\"false\" placeholder=\"Photo du fund du bo\u00eetier\" value=\"\" type=\"text\" name=\"text-file-immagine2\" \/><\/span>\n\t\t\t\t\t<\/p>\n\t\t\t\t<\/div>\n\t\t\t\t<div class=\"upload-button\">\n\t\t\t\t\t<p><span class=\"btn-upload\">Feuilleter<\/span><span class=\"wpcf7-form-control-wrap\" data-name=\"file-immagine2\"><input size=\"40\" class=\"wpcf7-form-control wpcf7-file upload\" accept=\".gif,.png,.jpg,.jpeg\" aria-invalid=\"false\" type=\"file\" name=\"file-immagine2\" \/><\/span>\n\t\t\t\t\t<\/p>\n\t\t\t\t<\/div>\n\t\t\t<\/div>\n\t\t<\/div>\n\t\t<div class=\"col-md-12 hidden attach-wrap\">\n\t\t\t<div class=\"fileUpload\">\n\t\t\t\t<div class=\"upload-container\">\n\t\t\t\t\t<p><span class=\"wpcf7-form-control-wrap\" data-name=\"text-file-immagine3\"><input size=\"40\" maxlength=\"400\" class=\"wpcf7-form-control wpcf7-text wpcf7-validates-as-required\" aria-required=\"true\" aria-invalid=\"false\" placeholder=\"Photo du mouvement\" value=\"\" type=\"text\" name=\"text-file-immagine3\" \/><\/span>\n\t\t\t\t\t<\/p>\n\t\t\t\t<\/div>\n\t\t\t\t<div class=\"upload-button\">\n\t\t\t\t\t<p><span class=\"btn-upload\">Feuilleter<\/span><span class=\"wpcf7-form-control-wrap\" data-name=\"file-immagine3\"><input size=\"40\" class=\"wpcf7-form-control wpcf7-file upload\" accept=\".gif,.png,.jpg,.jpeg\" aria-invalid=\"false\" type=\"file\" name=\"file-immagine3\" \/><\/span>\n\t\t\t\t\t<\/p>\n\t\t\t\t<\/div>\n\t\t\t<\/div>\n\t\t<\/div>\n\t\t<div class=\"col-md-12 hidden attach-wrap\">\n\t\t\t<div class=\"fileUpload\">\n\t\t\t\t<div class=\"upload-container\">\n\t\t\t\t\t<p><span class=\"wpcf7-form-control-wrap\" data-name=\"text-file-immagine4\"><input size=\"40\" maxlength=\"400\" class=\"wpcf7-form-control wpcf7-text wpcf7-validates-as-required\" aria-required=\"true\" aria-invalid=\"false\" placeholder=\"Photo du c\u00f4t\u00e9 droit du bo\u00eetier\" value=\"\" type=\"text\" name=\"text-file-immagine4\" \/><\/span>\n\t\t\t\t\t<\/p>\n\t\t\t\t<\/div>\n\t\t\t\t<div class=\"upload-button\">\n\t\t\t\t\t<p><span class=\"btn-upload\">Feuilleter<\/span><span class=\"wpcf7-form-control-wrap\" data-name=\"file-immagine4\"><input size=\"40\" class=\"wpcf7-form-control wpcf7-file upload\" accept=\".gif,.png,.jpg,.jpeg\" aria-invalid=\"false\" type=\"file\" name=\"file-immagine4\" \/><\/span>\n\t\t\t\t\t<\/p>\n\t\t\t\t<\/div>\n\t\t\t<\/div>\n\t\t<\/div>\n\t\t<div class=\"col-md-12 hidden attach-wrap\">\n\t\t\t<div class=\"fileUpload\">\n\t\t\t\t<div class=\"upload-container\">\n\t\t\t\t\t<p><span class=\"wpcf7-form-control-wrap\" data-name=\"text-file-immagine5\"><input size=\"40\" maxlength=\"400\" class=\"wpcf7-form-control wpcf7-text wpcf7-validates-as-required\" aria-required=\"true\" aria-invalid=\"false\" placeholder=\"Photo du c\u00f4t\u00e9 gauche du bo\u00eetier\" value=\"\" type=\"text\" name=\"text-file-immagine5\" \/><\/span>\n\t\t\t\t\t<\/p>\n\t\t\t\t<\/div>\n\t\t\t\t<div class=\"upload-button\">\n\t\t\t\t\t<p><span class=\"btn-upload\">Feuilleter<\/span><span class=\"wpcf7-form-control-wrap\" data-name=\"file-immagine5\"><input size=\"40\" class=\"wpcf7-form-control wpcf7-file upload\" accept=\".gif,.png,.jpg,.jpeg\" aria-invalid=\"false\" type=\"file\" name=\"file-immagine5\" \/><\/span>\n\t\t\t\t\t<\/p>\n\t\t\t\t<\/div>\n\t\t\t<\/div>\n\t\t<\/div>\n\t<\/div>\n\t<div class=\"clearfix\">\n\t<\/div>\n\t<div class=\"title-section\">\n\t<hr \/>\n\t\t<h3>EXTRAIT DES ARCHIVES\n\t\t<\/h3>\n\t<\/div>\n\t<div class=\"form-group\">\n\t\t<div class=\"col-md-12\">\n\t\t\t<p><label for=\"lingua\">Langue<\/label><span class=\"wpcf7-form-control-wrap\" data-name=\"lingua\"><select class=\"wpcf7-form-control wpcf7-select\" aria-invalid=\"false\" name=\"lingua\"><option value=\"\">&#8212;Seleziona un&#039;opzione&#8212;<\/option><option value=\"Anglais\">Anglais<\/option><option value=\"Fran\u00e7ais\">Fran\u00e7ais<\/option><\/select><\/span>\n\t\t\t<\/p>\n\t\t<\/div>\n\t<\/div>\n\t<p>&nbsp;\n\t<\/p>\n\t<div>\n\t\t<p><strong><br \/>\nRecueil de consentement sur le site Internet pour les communications commerciales<\/strong><br \/>\nEn s\u00e9lectionnant la case ci-dessous :<br \/>\n\u2022 je d\u00e9clare avoir lu et int\u00e9gralement approuv\u00e9 la note d\u2019information sur l\u2019utilisation des<br \/>\ndonn\u00e9es personnelles de la part d\u2019EBERHARD &#038; Co. et filiales, consultable \u00e0 l\u2019adresse suivante : <a href=\"https:\/\/eberhard.ntyagency.net\/legal-notes\/\" target=\"_blank\">www.www.eberhard-co-watches.ch\/legal-notes\/<\/a> ;<br \/>\n\u2022 j\u2019autorise EBERHARD &#038; Co. et ses filiales \u00e0 traiter mes donn\u00e9es personnelles dont le but est l\u2019envoi de communications (par e-mail, fax, courrier, SMS et MMS) \u00e0 caract\u00e8re informatif et commercial, de mat\u00e9riel publicitaire, de newsletters et d\u2019initiatives promotionnelles se rapportant aux actions, produits et services propos\u00e9s par EBERHARD &#038; Co.<br \/>\nConform\u00e9ment au R\u00e8glement 679\/2016 en mati\u00e8re de protection des donn\u00e9es personnelles :\n\t\t<\/p>\n\t<\/div>\n\t<div class=\"form-group\">\n\t\t<div class=\"acceptance\">\n\t\t\t<div id=\"check-acceptance\">\n\t\t\t\t<p><span class=\"wpcf7-form-control-wrap\" data-name=\"checkbox-consenso\"><span class=\"wpcf7-form-control wpcf7-checkbox wpcf7-validates-as-required\"><span class=\"wpcf7-list-item first last\"><input type=\"checkbox\" name=\"checkbox-consenso[]\" value=\"J\u2019autorise le traitement *\" \/><span class=\"wpcf7-list-item-label\">J\u2019autorise le traitement *<\/span><\/span><\/span><\/span>\n\t\t\t\t<\/p>\n\t\t\t<\/div>\n\t\t\t<p>&nbsp;\n\t\t\t<\/p>\n\t\t\t<p><span class=\"wpcf7-form-control-wrap\" data-name=\"opt-in\"><span class=\"wpcf7-form-control wpcf7-checkbox\"><span class=\"wpcf7-list-item first last\"><input type=\"checkbox\" name=\"opt-in[]\" value=\"Je veux m&#039;abonner \u00e0 la Newsletter\" \/><span class=\"wpcf7-list-item-label\">Je veux m&#039;abonner \u00e0 la Newsletter<\/span><\/span><\/span><\/span>\n\t\t\t<\/p>\n\t\t\t<p>&nbsp;\n\t\t\t<\/p>\n\t\t\t<div class=\"clearfix\">\n\t\t\t<\/div>\n\t\t\t<p><div id=\"cf7sr-69d0433ea250f\" class=\"cf7sr-g-recaptcha\" data-theme=\"light\" data-type=\"image\" data-size=\"normal\" data-sitekey=\"6LexSqEqAAAAANkMcyuPBkyut3p5189mULKg8FUt\"><\/div><span class=\"wpcf7-form-control-wrap cf7sr-recaptcha\" data-name=\"cf7sr-recaptcha\"><input type=\"hidden\" name=\"cf7sr-recaptcha\" value=\"\" class=\"wpcf7-form-control\"><\/span>\n\t\t\t<\/p>\n\t\t\t<p class=\"text-center\"><input class=\"wpcf7-form-control wpcf7-submit has-spinner\" type=\"submit\" value=\"Envoyer\" \/>\n\t\t\t<\/p>\n\t\t\t<div class=\"col-sm-12\">\n\t\t\t\t<p class=\"required-fields-text\">* Champs Obligatoires\n\t\t\t\t<\/p>\n\t\t\t<\/div>\n\t\t<\/div>\n\t<\/div>\n<\/div><div class=\"wpcf7-response-output\" aria-hidden=\"true\"><\/div>\n<\/form>\n<\/div>\n<\/p>\t\t\t\t\t\t<\/div>\n\t\t\t\t<\/div>\n\t\t\t\t<\/div>\n\t\t\t\t\t<\/div>\n\t\t\t\t<\/div>\n\t\t\t\t<\/div>\n\t\t","protected":false},"excerpt":{"rendered":"<p>Remplissez les champs de ce formulaire pour recevoir l&#8217;extrait par emailde votre propre montre Eberhard &amp; Co.<\/p>\n","protected":false},"author":1,"featured_media":0,"parent":0,"menu_order":0,"comment_status":"closed","ping_status":"closed","template":"elementor_header_footer","meta":{"_acf_changed":false,"_seopress_robots_primary_cat":"","_seopress_titles_title":"","_seopress_titles_desc":"","_seopress_robots_index":"","inline_featured_image":false,"footnotes":""},"class_list":["post-45732","page","type-page","status-publish","hentry"],"acf":[],"yoast_head":"<!-- This site is optimized with the Yoast SEO plugin v23.9 - https:\/\/yoast.com\/wordpress\/plugins\/seo\/ -->\n<title>DEMANDER UN EXTRAIT - Eberhard &amp; Co.<\/title>\n<meta name=\"description\" content=\"Remplissez les champs de ce formulaire pour recevoir l&#039;extrait par emailde votre propre montre Eberhard &amp; Co.\" \/>\n<meta name=\"robots\" content=\"index, follow, max-snippet:-1, max-image-preview:large, max-video-preview:-1\" \/>\n<link rel=\"canonical\" href=\"https:\/\/eberhard.ntyagency.net\/fr\/richiedere-estratto\/\" \/>\n<meta property=\"og:locale\" content=\"fr_FR\" \/>\n<meta property=\"og:type\" content=\"article\" \/>\n<meta property=\"og:title\" content=\"DEMANDER UN EXTRAIT - Eberhard &amp; Co.\" \/>\n<meta property=\"og:description\" content=\"Remplissez les champs de ce formulaire pour recevoir l&#039;extrait par emailde votre propre montre Eberhard &amp; Co.\" \/>\n<meta property=\"og:url\" content=\"https:\/\/eberhard.ntyagency.net\/fr\/richiedere-estratto\/\" \/>\n<meta property=\"og:site_name\" content=\"Eberhard &amp; Co.\" \/>\n<meta property=\"article:modified_time\" content=\"2024-11-26T23:10:43+00:00\" \/>\n<meta name=\"twitter:card\" content=\"summary_large_image\" \/>\n<script type=\"application\/ld+json\" class=\"yoast-schema-graph\">{\"@context\":\"https:\/\/schema.org\",\"@graph\":[{\"@type\":\"WebPage\",\"@id\":\"https:\/\/eberhard.ntyagency.net\/fr\/richiedere-estratto\/\",\"url\":\"https:\/\/eberhard.ntyagency.net\/fr\/richiedere-estratto\/\",\"name\":\"DEMANDER UN EXTRAIT - Eberhard &amp; Co.\",\"isPartOf\":{\"@id\":\"https:\/\/eberhard.ntyagency.net\/fr\/#website\"},\"datePublished\":\"2024-07-22T12:52:05+00:00\",\"dateModified\":\"2024-11-26T23:10:43+00:00\",\"description\":\"Remplissez les champs de ce formulaire pour recevoir l'extrait par emailde votre propre montre Eberhard &amp; Co.\",\"inLanguage\":\"fr-FR\",\"potentialAction\":[{\"@type\":\"ReadAction\",\"target\":[\"https:\/\/eberhard.ntyagency.net\/fr\/richiedere-estratto\/\"]}]},{\"@type\":\"WebSite\",\"@id\":\"https:\/\/eberhard.ntyagency.net\/fr\/#website\",\"url\":\"https:\/\/eberhard.ntyagency.net\/fr\/\",\"name\":\"Eberhard &amp; Co.\",\"description\":\"\",\"publisher\":{\"@id\":\"https:\/\/eberhard.ntyagency.net\/fr\/#organization\"},\"potentialAction\":[{\"@type\":\"SearchAction\",\"target\":{\"@type\":\"EntryPoint\",\"urlTemplate\":\"https:\/\/eberhard.ntyagency.net\/fr\/?s={search_term_string}\"},\"query-input\":{\"@type\":\"PropertyValueSpecification\",\"valueRequired\":true,\"valueName\":\"search_term_string\"}}],\"inLanguage\":\"fr-FR\"},{\"@type\":\"Organization\",\"@id\":\"https:\/\/eberhard.ntyagency.net\/fr\/#organization\",\"name\":\"Eberhard & Co. Watches\",\"url\":\"https:\/\/eberhard.ntyagency.net\/fr\/\",\"logo\":{\"@type\":\"ImageObject\",\"inLanguage\":\"fr-FR\",\"@id\":\"https:\/\/eberhard.ntyagency.net\/fr\/#\/schema\/logo\/image\/\",\"url\":\"\",\"contentUrl\":\"\",\"caption\":\"Eberhard & Co. Watches\"},\"image\":{\"@id\":\"https:\/\/eberhard.ntyagency.net\/fr\/#\/schema\/logo\/image\/\"}}]}<\/script>\n<!-- \/ Yoast SEO plugin. -->","yoast_head_json":{"title":"DEMANDER UN EXTRAIT - Eberhard &amp; Co.","description":"Remplissez les champs de ce formulaire pour recevoir l'extrait par emailde votre propre montre Eberhard &amp; Co.","robots":{"index":"index","follow":"follow","max-snippet":"max-snippet:-1","max-image-preview":"max-image-preview:large","max-video-preview":"max-video-preview:-1"},"canonical":"https:\/\/eberhard.ntyagency.net\/fr\/richiedere-estratto\/","og_locale":"fr_FR","og_type":"article","og_title":"DEMANDER UN EXTRAIT - Eberhard &amp; Co.","og_description":"Remplissez les champs de ce formulaire pour recevoir l'extrait par emailde votre propre montre Eberhard &amp; Co.","og_url":"https:\/\/eberhard.ntyagency.net\/fr\/richiedere-estratto\/","og_site_name":"Eberhard &amp; Co.","article_modified_time":"2024-11-26T23:10:43+00:00","twitter_card":"summary_large_image","schema":{"@context":"https:\/\/schema.org","@graph":[{"@type":"WebPage","@id":"https:\/\/eberhard.ntyagency.net\/fr\/richiedere-estratto\/","url":"https:\/\/eberhard.ntyagency.net\/fr\/richiedere-estratto\/","name":"DEMANDER UN EXTRAIT - Eberhard &amp; Co.","isPartOf":{"@id":"https:\/\/eberhard.ntyagency.net\/fr\/#website"},"datePublished":"2024-07-22T12:52:05+00:00","dateModified":"2024-11-26T23:10:43+00:00","description":"Remplissez les champs de ce formulaire pour recevoir l'extrait par emailde votre propre montre Eberhard &amp; Co.","inLanguage":"fr-FR","potentialAction":[{"@type":"ReadAction","target":["https:\/\/eberhard.ntyagency.net\/fr\/richiedere-estratto\/"]}]},{"@type":"WebSite","@id":"https:\/\/eberhard.ntyagency.net\/fr\/#website","url":"https:\/\/eberhard.ntyagency.net\/fr\/","name":"Eberhard &amp; Co.","description":"","publisher":{"@id":"https:\/\/eberhard.ntyagency.net\/fr\/#organization"},"potentialAction":[{"@type":"SearchAction","target":{"@type":"EntryPoint","urlTemplate":"https:\/\/eberhard.ntyagency.net\/fr\/?s={search_term_string}"},"query-input":{"@type":"PropertyValueSpecification","valueRequired":true,"valueName":"search_term_string"}}],"inLanguage":"fr-FR"},{"@type":"Organization","@id":"https:\/\/eberhard.ntyagency.net\/fr\/#organization","name":"Eberhard & Co. Watches","url":"https:\/\/eberhard.ntyagency.net\/fr\/","logo":{"@type":"ImageObject","inLanguage":"fr-FR","@id":"https:\/\/eberhard.ntyagency.net\/fr\/#\/schema\/logo\/image\/","url":"","contentUrl":"","caption":"Eberhard & Co. Watches"},"image":{"@id":"https:\/\/eberhard.ntyagency.net\/fr\/#\/schema\/logo\/image\/"}}]}},"_links":{"self":[{"href":"https:\/\/eberhard.ntyagency.net\/fr\/wp-json\/wp\/v2\/pages\/45732","targetHints":{"allow":["GET"]}}],"collection":[{"href":"https:\/\/eberhard.ntyagency.net\/fr\/wp-json\/wp\/v2\/pages"}],"about":[{"href":"https:\/\/eberhard.ntyagency.net\/fr\/wp-json\/wp\/v2\/types\/page"}],"author":[{"embeddable":true,"href":"https:\/\/eberhard.ntyagency.net\/fr\/wp-json\/wp\/v2\/users\/1"}],"replies":[{"embeddable":true,"href":"https:\/\/eberhard.ntyagency.net\/fr\/wp-json\/wp\/v2\/comments?post=45732"}],"version-history":[{"count":10,"href":"https:\/\/eberhard.ntyagency.net\/fr\/wp-json\/wp\/v2\/pages\/45732\/revisions"}],"predecessor-version":[{"id":45837,"href":"https:\/\/eberhard.ntyagency.net\/fr\/wp-json\/wp\/v2\/pages\/45732\/revisions\/45837"}],"wp:attachment":[{"href":"https:\/\/eberhard.ntyagency.net\/fr\/wp-json\/wp\/v2\/media?parent=45732"}],"curies":[{"name":"wp","href":"https:\/\/api.w.org\/{rel}","templated":true}]}}