{"id":45432,"date":"2024-07-19T10:56:02","date_gmt":"2024-07-19T08:56:02","guid":{"rendered":"https:\/\/eberhard.ntyagency.net\/shop\/"},"modified":"2025-05-29T13:29:55","modified_gmt":"2025-05-29T11:29:55","slug":"shop","status":"publish","type":"page","link":"https:\/\/eberhard.ntyagency.net\/fr\/shop\/","title":{"rendered":"Shop Eberhard &#038; Co."},"content":{"rendered":"\t\t<div data-elementor-type=\"wp-page\" data-elementor-id=\"45432\" class=\"elementor elementor-45432 elementor-32835\" data-elementor-post-type=\"page\">\n\t\t\t\t<div class=\"elementor-element elementor-element-9bfbef6 e-flex e-con-boxed e-con e-parent\" data-id=\"9bfbef6\" data-element_type=\"container\">\n\t\t\t\t\t<div class=\"e-con-inner\">\n\t\t\t\t<div class=\"elementor-element elementor-element-a83467d animated-slow elementor-invisible elementor-widget elementor-widget-heading\" data-id=\"a83467d\" data-element_type=\"widget\" data-settings=\"{&quot;_animation&quot;:&quot;fadeIn&quot;}\" data-widget_type=\"heading.default\">\n\t\t\t\t<div class=\"elementor-widget-container\">\n\t\t\t<h2 class=\"elementor-heading-title elementor-size-default\">Shop<\/h2>\t\t<\/div>\n\t\t\t\t<\/div>\n\t\t\t\t\t<\/div>\n\t\t\t\t<\/div>\n\t\t<!-- dce invisible element 06e29ea --><!-- dce invisible element 5acb67f --><div class=\"elementor-element elementor-element-375bfbe e-flex e-con-boxed e-con e-parent\" data-id=\"375bfbe\" data-element_type=\"container\">\n\t\t\t\t\t<div class=\"e-con-inner\">\n\t\t<div data-dce-background-color=\"#F1F1F2\" class=\"elementor-element elementor-element-fb9f889 e-con-full e-flex e-con e-child\" data-id=\"fb9f889\" data-element_type=\"container\" data-settings=\"{&quot;background_background&quot;:&quot;classic&quot;}\">\n\t\t<div class=\"elementor-element elementor-element-c249e1c e-con-full e-flex e-con e-child\" data-id=\"c249e1c\" data-element_type=\"container\">\n\t\t\t\t<div class=\"elementor-element elementor-element-bebd542 elementor-widget elementor-widget-heading\" data-id=\"bebd542\" data-element_type=\"widget\" data-widget_type=\"heading.default\">\n\t\t\t\t<div class=\"elementor-widget-container\">\n\t\t\t<h2 class=\"elementor-heading-title elementor-size-default\">L'ART DE <br>D\u00c9FIER <br>LE TEMPS <\/h2>\t\t<\/div>\n\t\t\t\t<\/div>\n\t\t\t\t<div class=\"elementor-element elementor-element-545ea0e elementor-widget elementor-widget-heading\" data-id=\"545ea0e\" data-element_type=\"widget\" data-widget_type=\"heading.default\">\n\t\t\t\t<div class=\"elementor-widget-container\">\n\t\t\t<h5 class=\"elementor-heading-title elementor-size-default\">LE LIVRE QUI RACONTE L'HISTOIRE DES MONTRES EBERHARD<\/h5>\t\t<\/div>\n\t\t\t\t<\/div>\n\t\t\t\t<div class=\"elementor-element elementor-element-52bb43a elementor-invisible elementor-widget elementor-widget-text-editor\" data-id=\"52bb43a\" data-element_type=\"widget\" data-settings=\"{&quot;_animation&quot;:&quot;fadeInLeft&quot;,&quot;_animation_delay&quot;:200}\" data-widget_type=\"text-editor.default\">\n\t\t\t\t<div class=\"elementor-widget-container\">\n\t\t\t\t\t\t\t<p>D\u00e9couvrez l\u2019histoire d\u2019Eberhard &amp; Co. dans ce livre retra\u00e7ant plus de 130 ans d\u2019excellence horlog\u00e8re. Une plong\u00e9e unique au c\u0153ur de l&#8217;une des marques les plus prestigieuses de l\u2019horlogerie mondiale.<\/p>\t\t\t\t\t\t<\/div>\n\t\t\t\t<\/div>\n\t\t\t\t<div class=\"elementor-element elementor-element-6f81f5f elementor-mobile-align-center elementor-widget elementor-widget-button\" data-id=\"6f81f5f\" data-element_type=\"widget\" data-widget_type=\"button.default\">\n\t\t\t\t<div class=\"elementor-widget-container\">\n\t\t\t\t\t<div class=\"elementor-button-wrapper\">\n\t\t\t<a class=\"elementor-button elementor-button-link elementor-size-sm\" href=\"\/fr\/eberhard-arte-di-sfidare-il-tempo\/\">\n\t\t\t\t\t\t<span class=\"elementor-button-content-wrapper\">\n\t\t\t\t\t\t<span class=\"elementor-button-icon\">\n\t\t\t\t<svg aria-hidden=\"true\" class=\"e-font-icon-svg e-fas-chevron-right\" viewBox=\"0 0 320 512\" xmlns=\"http:\/\/www.w3.org\/2000\/svg\"><path d=\"M285.476 272.971L91.132 467.314c-9.373 9.373-24.569 9.373-33.941 0l-22.667-22.667c-9.357-9.357-9.375-24.522-.04-33.901L188.505 256 34.484 101.255c-9.335-9.379-9.317-24.544.04-33.901l22.667-22.667c9.373-9.373 24.569-9.373 33.941 0L285.475 239.03c9.373 9.372 9.373 24.568.001 33.941z\"><\/path><\/svg>\t\t\t<\/span>\n\t\t\t\t\t\t\t\t\t<span class=\"elementor-button-text\">CHOISIR<\/span>\n\t\t\t\t\t<\/span>\n\t\t\t\t\t<\/a>\n\t\t<\/div>\n\t\t\t\t<\/div>\n\t\t\t\t<\/div>\n\t\t\t\t<\/div>\n\t\t<div class=\"elementor-element elementor-element-2a39f79 e-con-full e-flex e-con e-child\" data-id=\"2a39f79\" data-element_type=\"container\">\n\t\t\t\t<div class=\"elementor-element elementor-element-3c314ef elementor-widget elementor-widget-image\" data-id=\"3c314ef\" data-element_type=\"widget\" data-widget_type=\"image.default\">\n\t\t\t\t<div class=\"elementor-widget-container\">\n\t\t\t\t\t\t\t\t\t\t\t\t\t<img alt=\"\" fetchpriority=\"high\" decoding=\"async\" width=\"782\" height=\"510\" src=\"https:\/\/eberhard.ntyagency.net\/wp-content\/uploads\/2024\/08\/Raggruppa-470.jpg\" class=\"attachment-full size-full wp-image-36303\" alt=\"\" srcset=\"https:\/\/eberhard.ntyagency.net\/wp-content\/uploads\/2024\/08\/Raggruppa-470.jpg 782w, https:\/\/eberhard.ntyagency.net\/wp-content\/uploads\/2024\/08\/Raggruppa-470-300x196.jpg 300w, https:\/\/eberhard.ntyagency.net\/wp-content\/uploads\/2024\/08\/Raggruppa-470-768x501.jpg 768w, https:\/\/eberhard.ntyagency.net\/wp-content\/uploads\/2024\/08\/Raggruppa-470-600x391.jpg 600w\" sizes=\"(max-width: 782px) 100vw, 782px\" \/>\t\t\t\t\t\t\t\t\t\t\t\t\t<\/div>\n\t\t\t\t<\/div>\n\t\t\t\t<\/div>\n\t\t\t\t<\/div>\n\t\t\t\t\t<\/div>\n\t\t\t\t<\/div>\n\t\t<div class=\"elementor-element elementor-element-e01fdcf e-flex e-con-boxed e-con e-parent\" data-id=\"e01fdcf\" data-element_type=\"container\">\n\t\t\t\t\t<div class=\"e-con-inner\">\n\t\t<div data-dce-background-color=\"#F1F1F2\" class=\"elementor-element elementor-element-e86f5e7 e-con-full e-flex e-con e-child\" data-id=\"e86f5e7\" data-element_type=\"container\" data-settings=\"{&quot;background_background&quot;:&quot;classic&quot;}\">\n\t\t<div class=\"elementor-element elementor-element-83bc486 e-con-full e-flex e-con e-child\" data-id=\"83bc486\" data-element_type=\"container\">\n\t\t\t\t<div class=\"elementor-element elementor-element-8d27372 elementor-widget elementor-widget-heading\" data-id=\"8d27372\" data-element_type=\"widget\" data-widget_type=\"heading.default\">\n\t\t\t\t<div class=\"elementor-widget-container\">\n\t\t\t<h2 class=\"elementor-heading-title elementor-size-default\">STYLO<br> \u00ab SUPER HERO \u00bb <\/h2>\t\t<\/div>\n\t\t\t\t<\/div>\n\t\t\t\t<div class=\"elementor-element elementor-element-2432f5a elementor-invisible elementor-widget elementor-widget-text-editor\" data-id=\"2432f5a\" data-element_type=\"widget\" data-settings=\"{&quot;_animation&quot;:&quot;fadeInLeft&quot;,&quot;_animation_delay&quot;:200}\" data-widget_type=\"text-editor.default\">\n\t\t\t\t<div class=\"elementor-widget-container\">\n\t\t\t\t\t\t\t<div class=\"mb-md\"><div class=\"relative default font-sans text-base text-textMain dark:text-textMainDark selection:bg-super\/50 selection:text-textMain dark:selection:bg-superDuper\/10 dark:selection:text-superDark\"><div class=\"min-w-0 break-words [word-break:break-word]\"><div dir=\"auto\"><div class=\"prose dark:prose-invert inline leading-normal break-words min-w-0 [word-break:break-word]\">Eberhard &amp; Co., en collaboration avec Edelberg, pr\u00e9sente une \u00e9dition sp\u00e9ciale du stylo \u00ab Super Hero \u00bb, au design minimaliste et au style contemporain.<\/div><\/div><\/div><\/div><\/div>\t\t\t\t\t\t<\/div>\n\t\t\t\t<\/div>\n\t\t\t\t<div class=\"elementor-element elementor-element-4ae114f elementor-mobile-align-center elementor-widget elementor-widget-button\" data-id=\"4ae114f\" data-element_type=\"widget\" data-widget_type=\"button.default\">\n\t\t\t\t<div class=\"elementor-widget-container\">\n\t\t\t\t\t<div class=\"elementor-button-wrapper\">\n\t\t\t<a class=\"elementor-button elementor-button-link elementor-size-sm\" href=\"\/fr\/product\/eberhard-co-penna-super-hero-special-edition\/\">\n\t\t\t\t\t\t<span class=\"elementor-button-content-wrapper\">\n\t\t\t\t\t\t<span class=\"elementor-button-icon\">\n\t\t\t\t<svg aria-hidden=\"true\" class=\"e-font-icon-svg e-fas-chevron-right\" viewBox=\"0 0 320 512\" xmlns=\"http:\/\/www.w3.org\/2000\/svg\"><path d=\"M285.476 272.971L91.132 467.314c-9.373 9.373-24.569 9.373-33.941 0l-22.667-22.667c-9.357-9.357-9.375-24.522-.04-33.901L188.505 256 34.484 101.255c-9.335-9.379-9.317-24.544.04-33.901l22.667-22.667c9.373-9.373 24.569-9.373 33.941 0L285.475 239.03c9.373 9.372 9.373 24.568.001 33.941z\"><\/path><\/svg>\t\t\t<\/span>\n\t\t\t\t\t\t\t\t\t<span class=\"elementor-button-text\">AJOUTER AU PANIER<\/span>\n\t\t\t\t\t<\/span>\n\t\t\t\t\t<\/a>\n\t\t<\/div>\n\t\t\t\t<\/div>\n\t\t\t\t<\/div>\n\t\t\t\t<\/div>\n\t\t<div class=\"elementor-element elementor-element-ae3e304 e-con-full e-flex e-con e-child\" data-id=\"ae3e304\" data-element_type=\"container\">\n\t\t\t\t<div class=\"elementor-element elementor-element-d7f780e elementor-widget elementor-widget-image\" data-id=\"d7f780e\" data-element_type=\"widget\" data-widget_type=\"image.default\">\n\t\t\t\t<div class=\"elementor-widget-container\">\n\t\t\t\t\t\t\t\t\t\t\t\t\t<img alt=\"\" decoding=\"async\" width=\"782\" height=\"510\" src=\"https:\/\/eberhard.ntyagency.net\/wp-content\/uploads\/2024\/08\/penna-packaging1-840x840-1.jpg\" class=\"attachment-full size-full wp-image-36313\" alt=\"\" srcset=\"https:\/\/eberhard.ntyagency.net\/wp-content\/uploads\/2024\/08\/penna-packaging1-840x840-1.jpg 782w, https:\/\/eberhard.ntyagency.net\/wp-content\/uploads\/2024\/08\/penna-packaging1-840x840-1-300x196.jpg 300w, https:\/\/eberhard.ntyagency.net\/wp-content\/uploads\/2024\/08\/penna-packaging1-840x840-1-768x501.jpg 768w, https:\/\/eberhard.ntyagency.net\/wp-content\/uploads\/2024\/08\/penna-packaging1-840x840-1-600x391.jpg 600w\" sizes=\"(max-width: 782px) 100vw, 782px\" \/>\t\t\t\t\t\t\t\t\t\t\t\t\t<\/div>\n\t\t\t\t<\/div>\n\t\t\t\t<\/div>\n\t\t\t\t<\/div>\n\t\t\t\t\t<\/div>\n\t\t\t\t<\/div>\n\t\t<!-- dce invisible element 2f1caac --><!-- dce invisible element 86feddc -->\t\t<\/div>\n\t\t","protected":false},"excerpt":{"rendered":"<p>Shop SCAFOJACKET POUR FEMME Eberhard &amp; Co. et Murphy &amp; Nye s\u2019associent pour cr\u00e9er une collection capsule exclusive, combinant l&#8217;identit\u00e9 embl\u00e9matique de la Maison horlog\u00e8re et la technicit\u00e9 haute performance des v\u00eatements sportifs. AJOUTER AU PANIER SCAFOJACKET POUR HOMME Eberhard &amp; Co. et Murphy &amp; Nye s&#8217;associent pour cr\u00e9er une collection capsule exclusive combinant les [&hellip;]<\/p>\n","protected":false},"author":1,"featured_media":0,"parent":0,"menu_order":0,"comment_status":"closed","ping_status":"closed","template":"elementor_header_footer","meta":{"_acf_changed":false,"_seopress_robots_primary_cat":"","_seopress_titles_title":"","_seopress_titles_desc":"","_seopress_robots_index":"","inline_featured_image":false,"footnotes":""},"class_list":["post-45432","page","type-page","status-publish","hentry"],"acf":[],"yoast_head":"<!-- This site is optimized with the Yoast SEO plugin v23.9 - https:\/\/yoast.com\/wordpress\/plugins\/seo\/ -->\n<title>Shop Eberhard &amp; Co. - Eberhard &amp; Co.<\/title>\n<meta name=\"description\" content=\"Shop SCAFOJACKET POUR FEMME Eberhard &amp; Co. et Murphy &amp; Nye s\u2019associent pour cr\u00e9er une collection capsule exclusive, combinant l&#039;identit\u00e9\" \/>\n<meta name=\"robots\" content=\"index, follow, max-snippet:-1, max-image-preview:large, max-video-preview:-1\" \/>\n<link rel=\"canonical\" href=\"https:\/\/eberhard.ntyagency.net\/fr\/shop\/\" \/>\n<meta property=\"og:locale\" content=\"fr_FR\" \/>\n<meta property=\"og:type\" content=\"article\" \/>\n<meta property=\"og:title\" content=\"Shop Eberhard &amp; Co. - Eberhard &amp; Co.\" \/>\n<meta property=\"og:description\" content=\"Shop SCAFOJACKET POUR FEMME Eberhard &amp; Co. et Murphy &amp; Nye s\u2019associent pour cr\u00e9er une collection capsule exclusive, combinant l&#039;identit\u00e9\" \/>\n<meta property=\"og:url\" content=\"https:\/\/eberhard.ntyagency.net\/fr\/shop\/\" \/>\n<meta property=\"og:site_name\" content=\"Eberhard &amp; Co.\" \/>\n<meta property=\"article:modified_time\" content=\"2025-05-29T11:29:55+00:00\" \/>\n<meta property=\"og:image\" content=\"https:\/\/eberhard.ntyagency.net\/wp-content\/uploads\/2024\/11\/scafojacket-donna_intermedia.png\" \/>\n\t<meta property=\"og:image:width\" content=\"782\" \/>\n\t<meta property=\"og:image:height\" content=\"510\" \/>\n\t<meta property=\"og:image:type\" content=\"image\/png\" \/>\n<meta name=\"twitter:card\" content=\"summary_large_image\" \/>\n<script type=\"application\/ld+json\" class=\"yoast-schema-graph\">{\"@context\":\"https:\/\/schema.org\",\"@graph\":[{\"@type\":\"WebPage\",\"@id\":\"https:\/\/eberhard.ntyagency.net\/fr\/shop\/\",\"url\":\"https:\/\/eberhard.ntyagency.net\/fr\/shop\/\",\"name\":\"Shop Eberhard & Co. - Eberhard &amp; Co.\",\"isPartOf\":{\"@id\":\"https:\/\/eberhard.ntyagency.net\/fr\/#website\"},\"primaryImageOfPage\":{\"@id\":\"https:\/\/eberhard.ntyagency.net\/fr\/shop\/#primaryimage\"},\"image\":{\"@id\":\"https:\/\/eberhard.ntyagency.net\/fr\/shop\/#primaryimage\"},\"thumbnailUrl\":\"https:\/\/eberhard.ntyagency.net\/wp-content\/uploads\/2024\/11\/scafojacket-donna_intermedia.png\",\"datePublished\":\"2024-07-19T08:56:02+00:00\",\"dateModified\":\"2025-05-29T11:29:55+00:00\",\"description\":\"Shop SCAFOJACKET POUR FEMME Eberhard &amp; Co. et Murphy &amp; Nye s\u2019associent pour cr\u00e9er une collection capsule exclusive, combinant l'identit\u00e9\",\"inLanguage\":\"fr-FR\",\"potentialAction\":[{\"@type\":\"ReadAction\",\"target\":[\"https:\/\/eberhard.ntyagency.net\/fr\/shop\/\"]}]},{\"@type\":\"ImageObject\",\"inLanguage\":\"fr-FR\",\"@id\":\"https:\/\/eberhard.ntyagency.net\/fr\/shop\/#primaryimage\",\"url\":\"https:\/\/eberhard.ntyagency.net\/wp-content\/uploads\/2024\/11\/scafojacket-donna_intermedia.png\",\"contentUrl\":\"https:\/\/eberhard.ntyagency.net\/wp-content\/uploads\/2024\/11\/scafojacket-donna_intermedia.png\"},{\"@type\":\"WebSite\",\"@id\":\"https:\/\/eberhard.ntyagency.net\/fr\/#website\",\"url\":\"https:\/\/eberhard.ntyagency.net\/fr\/\",\"name\":\"Eberhard &amp; Co.\",\"description\":\"\",\"publisher\":{\"@id\":\"https:\/\/eberhard.ntyagency.net\/fr\/#organization\"},\"potentialAction\":[{\"@type\":\"SearchAction\",\"target\":{\"@type\":\"EntryPoint\",\"urlTemplate\":\"https:\/\/eberhard.ntyagency.net\/fr\/?s={search_term_string}\"},\"query-input\":{\"@type\":\"PropertyValueSpecification\",\"valueRequired\":true,\"valueName\":\"search_term_string\"}}],\"inLanguage\":\"fr-FR\"},{\"@type\":\"Organization\",\"@id\":\"https:\/\/eberhard.ntyagency.net\/fr\/#organization\",\"name\":\"Eberhard & Co. Watches\",\"url\":\"https:\/\/eberhard.ntyagency.net\/fr\/\",\"logo\":{\"@type\":\"ImageObject\",\"inLanguage\":\"fr-FR\",\"@id\":\"https:\/\/eberhard.ntyagency.net\/fr\/#\/schema\/logo\/image\/\",\"url\":\"\",\"contentUrl\":\"\",\"caption\":\"Eberhard & Co. Watches\"},\"image\":{\"@id\":\"https:\/\/eberhard.ntyagency.net\/fr\/#\/schema\/logo\/image\/\"}}]}<\/script>\n<!-- \/ Yoast SEO plugin. -->","yoast_head_json":{"title":"Shop Eberhard & Co. - Eberhard &amp; Co.","description":"Shop SCAFOJACKET POUR FEMME Eberhard &amp; Co. et Murphy &amp; Nye s\u2019associent pour cr\u00e9er une collection capsule exclusive, combinant l'identit\u00e9","robots":{"index":"index","follow":"follow","max-snippet":"max-snippet:-1","max-image-preview":"max-image-preview:large","max-video-preview":"max-video-preview:-1"},"canonical":"https:\/\/eberhard.ntyagency.net\/fr\/shop\/","og_locale":"fr_FR","og_type":"article","og_title":"Shop Eberhard & Co. - Eberhard &amp; Co.","og_description":"Shop SCAFOJACKET POUR FEMME Eberhard &amp; Co. et Murphy &amp; Nye s\u2019associent pour cr\u00e9er une collection capsule exclusive, combinant l'identit\u00e9","og_url":"https:\/\/eberhard.ntyagency.net\/fr\/shop\/","og_site_name":"Eberhard &amp; Co.","article_modified_time":"2025-05-29T11:29:55+00:00","og_image":[{"width":782,"height":510,"url":"https:\/\/eberhard.ntyagency.net\/wp-content\/uploads\/2024\/11\/scafojacket-donna_intermedia.png","type":"image\/png"}],"twitter_card":"summary_large_image","schema":{"@context":"https:\/\/schema.org","@graph":[{"@type":"WebPage","@id":"https:\/\/eberhard.ntyagency.net\/fr\/shop\/","url":"https:\/\/eberhard.ntyagency.net\/fr\/shop\/","name":"Shop Eberhard & Co. - Eberhard &amp; Co.","isPartOf":{"@id":"https:\/\/eberhard.ntyagency.net\/fr\/#website"},"primaryImageOfPage":{"@id":"https:\/\/eberhard.ntyagency.net\/fr\/shop\/#primaryimage"},"image":{"@id":"https:\/\/eberhard.ntyagency.net\/fr\/shop\/#primaryimage"},"thumbnailUrl":"https:\/\/eberhard.ntyagency.net\/wp-content\/uploads\/2024\/11\/scafojacket-donna_intermedia.png","datePublished":"2024-07-19T08:56:02+00:00","dateModified":"2025-05-29T11:29:55+00:00","description":"Shop SCAFOJACKET POUR FEMME Eberhard &amp; Co. et Murphy &amp; Nye s\u2019associent pour cr\u00e9er une collection capsule exclusive, combinant l'identit\u00e9","inLanguage":"fr-FR","potentialAction":[{"@type":"ReadAction","target":["https:\/\/eberhard.ntyagency.net\/fr\/shop\/"]}]},{"@type":"ImageObject","inLanguage":"fr-FR","@id":"https:\/\/eberhard.ntyagency.net\/fr\/shop\/#primaryimage","url":"https:\/\/eberhard.ntyagency.net\/wp-content\/uploads\/2024\/11\/scafojacket-donna_intermedia.png","contentUrl":"https:\/\/eberhard.ntyagency.net\/wp-content\/uploads\/2024\/11\/scafojacket-donna_intermedia.png"},{"@type":"WebSite","@id":"https:\/\/eberhard.ntyagency.net\/fr\/#website","url":"https:\/\/eberhard.ntyagency.net\/fr\/","name":"Eberhard &amp; Co.","description":"","publisher":{"@id":"https:\/\/eberhard.ntyagency.net\/fr\/#organization"},"potentialAction":[{"@type":"SearchAction","target":{"@type":"EntryPoint","urlTemplate":"https:\/\/eberhard.ntyagency.net\/fr\/?s={search_term_string}"},"query-input":{"@type":"PropertyValueSpecification","valueRequired":true,"valueName":"search_term_string"}}],"inLanguage":"fr-FR"},{"@type":"Organization","@id":"https:\/\/eberhard.ntyagency.net\/fr\/#organization","name":"Eberhard & Co. Watches","url":"https:\/\/eberhard.ntyagency.net\/fr\/","logo":{"@type":"ImageObject","inLanguage":"fr-FR","@id":"https:\/\/eberhard.ntyagency.net\/fr\/#\/schema\/logo\/image\/","url":"","contentUrl":"","caption":"Eberhard & Co. Watches"},"image":{"@id":"https:\/\/eberhard.ntyagency.net\/fr\/#\/schema\/logo\/image\/"}}]}},"_links":{"self":[{"href":"https:\/\/eberhard.ntyagency.net\/fr\/wp-json\/wp\/v2\/pages\/45432","targetHints":{"allow":["GET"]}}],"collection":[{"href":"https:\/\/eberhard.ntyagency.net\/fr\/wp-json\/wp\/v2\/pages"}],"about":[{"href":"https:\/\/eberhard.ntyagency.net\/fr\/wp-json\/wp\/v2\/types\/page"}],"author":[{"embeddable":true,"href":"https:\/\/eberhard.ntyagency.net\/fr\/wp-json\/wp\/v2\/users\/1"}],"replies":[{"embeddable":true,"href":"https:\/\/eberhard.ntyagency.net\/fr\/wp-json\/wp\/v2\/comments?post=45432"}],"version-history":[{"count":10,"href":"https:\/\/eberhard.ntyagency.net\/fr\/wp-json\/wp\/v2\/pages\/45432\/revisions"}],"predecessor-version":[{"id":62589,"href":"https:\/\/eberhard.ntyagency.net\/fr\/wp-json\/wp\/v2\/pages\/45432\/revisions\/62589"}],"wp:attachment":[{"href":"https:\/\/eberhard.ntyagency.net\/fr\/wp-json\/wp\/v2\/media?parent=45432"}],"curies":[{"name":"wp","href":"https:\/\/api.w.org\/{rel}","templated":true}]}}