{"id":44620,"date":"2024-04-19T13:14:46","date_gmt":"2024-04-19T11:14:46","guid":{"rendered":"https:\/\/eberhard.ntyagency.net\/area-riservata\/"},"modified":"2024-11-26T19:42:20","modified_gmt":"2024-11-26T18:42:20","slug":"area-riservata","status":"publish","type":"page","link":"https:\/\/eberhard.ntyagency.net\/fr\/area-riservata\/","title":{"rendered":"Zone r\u00e9serv\u00e9e"},"content":{"rendered":"\t\t<div data-elementor-type=\"wp-page\" data-elementor-id=\"44620\" class=\"elementor elementor-44620 elementor-1673\" data-elementor-post-type=\"page\">\n\t\t\t\t<div class=\"elementor-element elementor-element-3baf90e e-flex e-con-boxed e-con e-parent\" data-id=\"3baf90e\" data-element_type=\"container\">\n\t\t\t\t\t<div class=\"e-con-inner\">\n\t\t<div class=\"elementor-element elementor-element-ce8ba30 e-con-full e-flex e-con e-child\" data-id=\"ce8ba30\" data-element_type=\"container\">\n\t\t\t\t<div class=\"elementor-element elementor-element-1d5f9d4 elementor-widget__width-initial elementor-widget elementor-widget-theme-post-title elementor-page-title elementor-widget-heading\" data-id=\"1d5f9d4\" data-element_type=\"widget\" data-widget_type=\"theme-post-title.default\">\n\t\t\t\t<div class=\"elementor-widget-container\">\n\t\t\t<h1 class=\"elementor-heading-title elementor-size-default\">Zone r\u00e9serv\u00e9e<\/h1>\t\t<\/div>\n\t\t\t\t<\/div>\n\t\t\t\t<div class=\"elementor-element elementor-element-e39bd5f elementor-widget__width-initial elementor-widget elementor-widget-text-editor\" data-id=\"e39bd5f\" data-element_type=\"widget\" data-widget_type=\"text-editor.default\">\n\t\t\t\t<div class=\"elementor-widget-container\">\n\t\t\t\t\t\t\t<p>Cet espace est r\u00e9serv\u00e9 exclusivement aux distributeurs, agents et revendeurs officiels Eberhard &amp; Co. et est destin\u00e9 au t\u00e9l\u00e9chargement d&#8217;images des montres Eberhard &amp; Co. dont l&#8217;utilisation est autoris\u00e9e exclusivement pour les publications sur les r\u00e9seaux sociaux ou sur son site internet. Toute autre utilisation doit \u00eatre autoris\u00e9e au pr\u00e9alable par Eberhard &amp; Co. Les images sont la propri\u00e9t\u00e9 d&#8217;Eberhard &amp; Co. qui en d\u00e9tient les droits.<\/p>\t\t\t\t\t\t<\/div>\n\t\t\t\t<\/div>\n\t\t\t\t<\/div>\n\t\t\t\t\t<\/div>\n\t\t\t\t<\/div>\n\t\t<div class=\"elementor-element elementor-element-86ee6f9 e-flex e-con-boxed e-con e-parent\" data-id=\"86ee6f9\" data-element_type=\"container\">\n\t\t\t\t\t<div class=\"e-con-inner\">\n\t\t<div class=\"elementor-element elementor-element-5e471ff e-con-full e-flex e-con e-child\" data-id=\"5e471ff\" data-element_type=\"container\">\n\t\t<div class=\"elementor-element elementor-element-093296e e-flex e-con-boxed e-con e-child\" data-id=\"093296e\" data-element_type=\"container\" data-settings=\"{&quot;background_background&quot;:&quot;classic&quot;}\">\n\t\t\t\t\t<div class=\"e-con-inner\">\n\t\t\t\t<div class=\"elementor-element elementor-element-7301ea3 elementor-widget elementor-widget-heading\" data-id=\"7301ea3\" data-element_type=\"widget\" data-widget_type=\"heading.default\">\n\t\t\t\t<div class=\"elementor-widget-container\">\n\t\t\t<h2 class=\"elementor-heading-title elementor-size-default\">Se connecter<\/h2>\t\t<\/div>\n\t\t\t\t<\/div>\n\t\t\t\t<div class=\"elementor-element elementor-element-58a86c6 elementor-widget elementor-widget-text-editor\" data-id=\"58a86c6\" data-element_type=\"widget\" data-widget_type=\"text-editor.default\">\n\t\t\t\t<div class=\"elementor-widget-container\">\n\t\t\t\t\t\t\t<p><strong><div id=\"wpmem_login\"><a id=\"login\"><\/a><form action=\"https:\/\/eberhard.ntyagency.net\/fr\/area-riservata\/\" method=\"POST\" id=\"wpmem_login_form\" class=\"form\"><input type=\"hidden\" id=\"_wpmem_login_nonce\" name=\"_wpmem_login_nonce\" value=\"1482b666e0\" \/><input type=\"hidden\" name=\"_wp_http_referer\" value=\"\/fr\/wp-json\/wp\/v2\/pages\/44620\" \/><fieldset><legend>Connexion pour les utilisateurs enregistr\u00e9s<\/legend><label for=\"log\">Identifiant ou e-mail<\/label><div class=\"div_text\"><input name=\"log\" type=\"text\" id=\"log\" value=\"\" class=\"username\" required  \/><\/div><label for=\"pwd\">Mot de passe<\/label><div class=\"div_text\"><input name=\"pwd\" type=\"password\" id=\"pwd\" class=\"password\" required  \/><\/div><input name=\"a\" type=\"hidden\" value=\"login\" \/><input name=\"redirect_to\" type=\"hidden\" value=\"https:\/\/eberhard.ntyagency.net\/fr\/area-riservata\/\" \/><div class=\"button_div\"><input name=\"rememberme\" type=\"checkbox\" id=\"rememberme\" value=\"forever\" \/>&nbsp;<label for=\"rememberme\">Se souvenir de moi<\/label>&nbsp;&nbsp;<input type=\"submit\" name=\"Submit\" value=\"Connexion\" class=\"buttons\" \/><\/div><div class=\"link-text\"><span class=\"link-text-forgot\">Mot de passe oubli\u00e9\u00a0?&nbsp;<a href=\"https:\/\/eberhard.ntyagency.net\/fr\/recuperation-du-mot-de-passe\/?a=pwdreset\">Cliquez ici pour r\u00e9initialiser<\/a><\/span><\/div><\/fieldset><\/form><\/div><\/strong><\/p>\n\t\t\t\t\t\t<\/div>\n\t\t\t\t<\/div>\n\t\t\t\t\t<\/div>\n\t\t\t\t<\/div>\n\t\t\t\t<\/div>\n\t\t<div class=\"elementor-element elementor-element-445bbed e-con-full e-flex e-con e-child\" data-id=\"445bbed\" data-element_type=\"container\">\n\t\t<div class=\"elementor-element elementor-element-68ff00d e-flex e-con-boxed e-con e-child\" data-id=\"68ff00d\" data-element_type=\"container\" data-settings=\"{&quot;background_background&quot;:&quot;classic&quot;}\">\n\t\t\t\t\t<div class=\"e-con-inner\">\n\t\t\t\t<div class=\"elementor-element elementor-element-269ccb6 elementor-widget elementor-widget-heading\" data-id=\"269ccb6\" data-element_type=\"widget\" data-widget_type=\"heading.default\">\n\t\t\t\t<div class=\"elementor-widget-container\">\n\t\t\t<h2 class=\"elementor-heading-title elementor-size-default\">S'inscrire<\/h2>\t\t<\/div>\n\t\t\t\t<\/div>\n\t\t\t\t<div class=\"elementor-element elementor-element-3d9dd0b elementor-widget__width-initial elementor-widget elementor-widget-text-editor\" data-id=\"3d9dd0b\" data-element_type=\"widget\" data-widget_type=\"text-editor.default\">\n\t\t\t\t<div class=\"elementor-widget-container\">\n\t\t\t\t\t\t\t<p>Les utilisateurs qui ne sont pas encore enregistr\u00e9s peuvent s&#8217;inscrire<br \/>inscription ci-dessous.<\/p>\t\t\t\t\t\t<\/div>\n\t\t\t\t<\/div>\n\t\t\t\t<div class=\"elementor-element elementor-element-f182d30 elementor-widget elementor-widget-spacer\" data-id=\"f182d30\" data-element_type=\"widget\" data-widget_type=\"spacer.default\">\n\t\t\t\t<div class=\"elementor-widget-container\">\n\t\t\t\t\t<div class=\"elementor-spacer\">\n\t\t\t<div class=\"elementor-spacer-inner\"><\/div>\n\t\t<\/div>\n\t\t\t\t<\/div>\n\t\t\t\t<\/div>\n\t\t\t\t<div class=\"elementor-element elementor-element-bc1e184 elementor-align-center elementor-widget elementor-widget-button\" data-id=\"bc1e184\" data-element_type=\"widget\" data-widget_type=\"button.default\">\n\t\t\t\t<div class=\"elementor-widget-container\">\n\t\t\t\t\t<div class=\"elementor-button-wrapper\">\n\t\t\t<a class=\"elementor-button elementor-button-link elementor-size-sm\" href=\"\/fr\/registrati\">\n\t\t\t\t\t\t<span class=\"elementor-button-content-wrapper\">\n\t\t\t\t\t\t<span class=\"elementor-button-icon\">\n\t\t\t\t<svg aria-hidden=\"true\" class=\"e-font-icon-svg e-fas-chevron-right\" viewBox=\"0 0 320 512\" xmlns=\"http:\/\/www.w3.org\/2000\/svg\"><path d=\"M285.476 272.971L91.132 467.314c-9.373 9.373-24.569 9.373-33.941 0l-22.667-22.667c-9.357-9.357-9.375-24.522-.04-33.901L188.505 256 34.484 101.255c-9.335-9.379-9.317-24.544.04-33.901l22.667-22.667c9.373-9.373 24.569-9.373 33.941 0L285.475 239.03c9.373 9.372 9.373 24.568.001 33.941z\"><\/path><\/svg>\t\t\t<\/span>\n\t\t\t\t\t\t\t\t\t<span class=\"elementor-button-text\">Inscrivez-vous \u00e0 l'espace r\u00e9serv\u00e9<\/span>\n\t\t\t\t\t<\/span>\n\t\t\t\t\t<\/a>\n\t\t<\/div>\n\t\t\t\t<\/div>\n\t\t\t\t<\/div>\n\t\t\t\t\t<\/div>\n\t\t\t\t<\/div>\n\t\t\t\t<\/div>\n\t\t\t\t\t<\/div>\n\t\t\t\t<\/div>\n\t\t\t\t<\/div>\n\t\t","protected":false},"excerpt":{"rendered":"<p>Cet espace est r\u00e9serv\u00e9 exclusivement aux distributeurs, agents et revendeurs officiels Eberhard &amp; Co. et est destin\u00e9 au t\u00e9l\u00e9chargement d&#8217;images des montres Eberhard &amp; Co. dont l&#8217;utilisation est autoris\u00e9e exclusivement pour les publications sur les r\u00e9seaux sociaux ou sur son site internet. Toute autre utilisation doit \u00eatre autoris\u00e9e au pr\u00e9alable par Eberhard &amp; Co. Les [&hellip;]<\/p>\n","protected":false},"author":1,"featured_media":0,"parent":0,"menu_order":0,"comment_status":"closed","ping_status":"closed","template":"elementor_header_footer","meta":{"_acf_changed":false,"_seopress_robots_primary_cat":"","_seopress_titles_title":"","_seopress_titles_desc":"","_seopress_robots_index":"","inline_featured_image":false,"footnotes":""},"class_list":["post-44620","page","type-page","status-publish","hentry"],"acf":[],"yoast_head":"<!-- This site is optimized with the Yoast SEO plugin v23.9 - https:\/\/yoast.com\/wordpress\/plugins\/seo\/ -->\n<title>Zone r\u00e9serv\u00e9e - Eberhard &amp; Co.<\/title>\n<meta name=\"description\" content=\"Cet espace est r\u00e9serv\u00e9 exclusivement aux distributeurs, agents et revendeurs officiels Eberhard &amp; Co. et est destin\u00e9 au t\u00e9l\u00e9chargement d&#039;images des\" \/>\n<meta name=\"robots\" content=\"index, follow, max-snippet:-1, max-image-preview:large, max-video-preview:-1\" \/>\n<link rel=\"canonical\" href=\"https:\/\/eberhard.ntyagency.net\/fr\/area-riservata\/\" \/>\n<meta property=\"og:locale\" content=\"fr_FR\" \/>\n<meta property=\"og:type\" content=\"article\" \/>\n<meta property=\"og:title\" content=\"Zone r\u00e9serv\u00e9e - Eberhard &amp; Co.\" \/>\n<meta property=\"og:description\" content=\"Cet espace est r\u00e9serv\u00e9 exclusivement aux distributeurs, agents et revendeurs officiels Eberhard &amp; Co. et est destin\u00e9 au t\u00e9l\u00e9chargement d&#039;images des\" \/>\n<meta property=\"og:url\" content=\"https:\/\/eberhard.ntyagency.net\/fr\/area-riservata\/\" \/>\n<meta property=\"og:site_name\" content=\"Eberhard &amp; Co.\" \/>\n<meta property=\"article:modified_time\" content=\"2024-11-26T18:42:20+00:00\" \/>\n<meta name=\"twitter:card\" content=\"summary_large_image\" \/>\n<script type=\"application\/ld+json\" class=\"yoast-schema-graph\">{\"@context\":\"https:\/\/schema.org\",\"@graph\":[{\"@type\":\"WebPage\",\"@id\":\"https:\/\/eberhard.ntyagency.net\/fr\/area-riservata\/\",\"url\":\"https:\/\/eberhard.ntyagency.net\/fr\/area-riservata\/\",\"name\":\"Zone r\u00e9serv\u00e9e - Eberhard &amp; Co.\",\"isPartOf\":{\"@id\":\"https:\/\/eberhard.ntyagency.net\/fr\/#website\"},\"datePublished\":\"2024-04-19T11:14:46+00:00\",\"dateModified\":\"2024-11-26T18:42:20+00:00\",\"description\":\"Cet espace est r\u00e9serv\u00e9 exclusivement aux distributeurs, agents et revendeurs officiels Eberhard &amp; Co. et est destin\u00e9 au t\u00e9l\u00e9chargement d'images des\",\"inLanguage\":\"fr-FR\",\"potentialAction\":[{\"@type\":\"ReadAction\",\"target\":[\"https:\/\/eberhard.ntyagency.net\/fr\/area-riservata\/\"]}]},{\"@type\":\"WebSite\",\"@id\":\"https:\/\/eberhard.ntyagency.net\/fr\/#website\",\"url\":\"https:\/\/eberhard.ntyagency.net\/fr\/\",\"name\":\"Eberhard &amp; Co.\",\"description\":\"\",\"publisher\":{\"@id\":\"https:\/\/eberhard.ntyagency.net\/fr\/#organization\"},\"potentialAction\":[{\"@type\":\"SearchAction\",\"target\":{\"@type\":\"EntryPoint\",\"urlTemplate\":\"https:\/\/eberhard.ntyagency.net\/fr\/?s={search_term_string}\"},\"query-input\":{\"@type\":\"PropertyValueSpecification\",\"valueRequired\":true,\"valueName\":\"search_term_string\"}}],\"inLanguage\":\"fr-FR\"},{\"@type\":\"Organization\",\"@id\":\"https:\/\/eberhard.ntyagency.net\/fr\/#organization\",\"name\":\"Eberhard & Co. Watches\",\"url\":\"https:\/\/eberhard.ntyagency.net\/fr\/\",\"logo\":{\"@type\":\"ImageObject\",\"inLanguage\":\"fr-FR\",\"@id\":\"https:\/\/eberhard.ntyagency.net\/fr\/#\/schema\/logo\/image\/\",\"url\":\"\",\"contentUrl\":\"\",\"caption\":\"Eberhard & Co. Watches\"},\"image\":{\"@id\":\"https:\/\/eberhard.ntyagency.net\/fr\/#\/schema\/logo\/image\/\"}}]}<\/script>\n<!-- \/ Yoast SEO plugin. -->","yoast_head_json":{"title":"Zone r\u00e9serv\u00e9e - Eberhard &amp; Co.","description":"Cet espace est r\u00e9serv\u00e9 exclusivement aux distributeurs, agents et revendeurs officiels Eberhard &amp; Co. et est destin\u00e9 au t\u00e9l\u00e9chargement d'images des","robots":{"index":"index","follow":"follow","max-snippet":"max-snippet:-1","max-image-preview":"max-image-preview:large","max-video-preview":"max-video-preview:-1"},"canonical":"https:\/\/eberhard.ntyagency.net\/fr\/area-riservata\/","og_locale":"fr_FR","og_type":"article","og_title":"Zone r\u00e9serv\u00e9e - Eberhard &amp; Co.","og_description":"Cet espace est r\u00e9serv\u00e9 exclusivement aux distributeurs, agents et revendeurs officiels Eberhard &amp; Co. et est destin\u00e9 au t\u00e9l\u00e9chargement d'images des","og_url":"https:\/\/eberhard.ntyagency.net\/fr\/area-riservata\/","og_site_name":"Eberhard &amp; Co.","article_modified_time":"2024-11-26T18:42:20+00:00","twitter_card":"summary_large_image","schema":{"@context":"https:\/\/schema.org","@graph":[{"@type":"WebPage","@id":"https:\/\/eberhard.ntyagency.net\/fr\/area-riservata\/","url":"https:\/\/eberhard.ntyagency.net\/fr\/area-riservata\/","name":"Zone r\u00e9serv\u00e9e - Eberhard &amp; Co.","isPartOf":{"@id":"https:\/\/eberhard.ntyagency.net\/fr\/#website"},"datePublished":"2024-04-19T11:14:46+00:00","dateModified":"2024-11-26T18:42:20+00:00","description":"Cet espace est r\u00e9serv\u00e9 exclusivement aux distributeurs, agents et revendeurs officiels Eberhard &amp; Co. et est destin\u00e9 au t\u00e9l\u00e9chargement d'images des","inLanguage":"fr-FR","potentialAction":[{"@type":"ReadAction","target":["https:\/\/eberhard.ntyagency.net\/fr\/area-riservata\/"]}]},{"@type":"WebSite","@id":"https:\/\/eberhard.ntyagency.net\/fr\/#website","url":"https:\/\/eberhard.ntyagency.net\/fr\/","name":"Eberhard &amp; Co.","description":"","publisher":{"@id":"https:\/\/eberhard.ntyagency.net\/fr\/#organization"},"potentialAction":[{"@type":"SearchAction","target":{"@type":"EntryPoint","urlTemplate":"https:\/\/eberhard.ntyagency.net\/fr\/?s={search_term_string}"},"query-input":{"@type":"PropertyValueSpecification","valueRequired":true,"valueName":"search_term_string"}}],"inLanguage":"fr-FR"},{"@type":"Organization","@id":"https:\/\/eberhard.ntyagency.net\/fr\/#organization","name":"Eberhard & Co. Watches","url":"https:\/\/eberhard.ntyagency.net\/fr\/","logo":{"@type":"ImageObject","inLanguage":"fr-FR","@id":"https:\/\/eberhard.ntyagency.net\/fr\/#\/schema\/logo\/image\/","url":"","contentUrl":"","caption":"Eberhard & Co. Watches"},"image":{"@id":"https:\/\/eberhard.ntyagency.net\/fr\/#\/schema\/logo\/image\/"}}]}},"_links":{"self":[{"href":"https:\/\/eberhard.ntyagency.net\/fr\/wp-json\/wp\/v2\/pages\/44620","targetHints":{"allow":["GET"]}}],"collection":[{"href":"https:\/\/eberhard.ntyagency.net\/fr\/wp-json\/wp\/v2\/pages"}],"about":[{"href":"https:\/\/eberhard.ntyagency.net\/fr\/wp-json\/wp\/v2\/types\/page"}],"author":[{"embeddable":true,"href":"https:\/\/eberhard.ntyagency.net\/fr\/wp-json\/wp\/v2\/users\/1"}],"replies":[{"embeddable":true,"href":"https:\/\/eberhard.ntyagency.net\/fr\/wp-json\/wp\/v2\/comments?post=44620"}],"version-history":[{"count":7,"href":"https:\/\/eberhard.ntyagency.net\/fr\/wp-json\/wp\/v2\/pages\/44620\/revisions"}],"predecessor-version":[{"id":45781,"href":"https:\/\/eberhard.ntyagency.net\/fr\/wp-json\/wp\/v2\/pages\/44620\/revisions\/45781"}],"wp:attachment":[{"href":"https:\/\/eberhard.ntyagency.net\/fr\/wp-json\/wp\/v2\/media?parent=44620"}],"curies":[{"name":"wp","href":"https:\/\/api.w.org\/{rel}","templated":true}]}}