{"id":37062,"date":"2024-04-12T11:36:06","date_gmt":"2024-04-12T09:36:06","guid":{"rendered":"https:\/\/eberhard.ntyagency.net\/servizio-clienti\/"},"modified":"2025-02-25T17:13:08","modified_gmt":"2025-02-25T16:13:08","slug":"service-client","status":"publish","type":"page","link":"https:\/\/eberhard.ntyagency.net\/fr\/service-client\/","title":{"rendered":"Service Client"},"content":{"rendered":"\t\t<div data-elementor-type=\"wp-page\" data-elementor-id=\"37062\" class=\"elementor elementor-37062 elementor-1163\" data-elementor-post-type=\"page\">\n\t\t\t\t<div class=\"elementor-element elementor-element-3baf90e e-flex e-con-boxed e-con e-parent\" data-id=\"3baf90e\" data-element_type=\"container\">\n\t\t\t\t\t<div class=\"e-con-inner\">\n\t\t<div class=\"elementor-element elementor-element-ce8ba30 e-con-full e-flex e-con e-child\" data-id=\"ce8ba30\" data-element_type=\"container\">\n\t\t\t\t<div class=\"elementor-element elementor-element-1d5f9d4 elementor-widget__width-initial elementor-widget elementor-widget-theme-post-title elementor-page-title elementor-widget-heading\" data-id=\"1d5f9d4\" data-element_type=\"widget\" data-widget_type=\"theme-post-title.default\">\n\t\t\t\t<div class=\"elementor-widget-container\">\n\t\t\t<h1 class=\"elementor-heading-title elementor-size-default\">Service Client<\/h1>\t\t<\/div>\n\t\t\t\t<\/div>\n\t\t\t\t<div class=\"elementor-element elementor-element-c18babc elementor-widget elementor-widget-spacer\" data-id=\"c18babc\" data-element_type=\"widget\" data-widget_type=\"spacer.default\">\n\t\t\t\t<div class=\"elementor-widget-container\">\n\t\t\t\t\t<div class=\"elementor-spacer\">\n\t\t\t<div class=\"elementor-spacer-inner\"><\/div>\n\t\t<\/div>\n\t\t\t\t<\/div>\n\t\t\t\t<\/div>\n\t\t\t\t<div class=\"elementor-element elementor-element-184ab0f elementor-widget__width-initial elementor-widget elementor-widget-heading\" data-id=\"184ab0f\" data-element_type=\"widget\" data-widget_type=\"heading.default\">\n\t\t\t\t<div class=\"elementor-widget-container\">\n\t\t\t<h2 class=\"elementor-heading-title elementor-size-default\">EXTRAIT DES ARCHIVES<\/h2>\t\t<\/div>\n\t\t\t\t<\/div>\n\t\t\t\t<div class=\"elementor-element elementor-element-e39bd5f elementor-widget__width-initial elementor-widget elementor-widget-text-editor\" data-id=\"e39bd5f\" data-element_type=\"widget\" data-widget_type=\"text-editor.default\">\n\t\t\t\t<div class=\"elementor-widget-container\">\n\t\t\t\t\t\t\t<p>Vous pouvez demander l&#8217;extrait des archives contenant les donn\u00e9es principales des montres produites par Eberhard &amp; Co.<br \/>L&#8217;extrait des archives peut uniquement \u00eatre d\u00e9livr\u00e9 pour les montres produites avant l\u2019an 2000. Le co\u00fbt du certificat est CHF 120.- \u00e0 payer par virement bancaire au moment de la demande :<\/p>\t\t\t\t\t\t<\/div>\n\t\t\t\t<\/div>\n\t\t\t\t<div class=\"elementor-element elementor-element-b990e1f elementor-widget__width-initial elementor-widget elementor-widget-text-editor\" data-id=\"b990e1f\" data-element_type=\"widget\" data-widget_type=\"text-editor.default\">\n\t\t\t\t<div class=\"elementor-widget-container\">\n\t\t\t\t\t\t\t<p><strong>B\u00e9n\u00e9ficiaire: Eberhard &amp; Co SA<\/strong><br \/><strong>IBAN: CH22 0483 5063 0045 2100 0 <\/strong><br \/><strong>Compte: 630045-21 <\/strong><br \/><strong>BIC\/SWIFT: CRESCHZZ80A (Credit Suisse \u2013 Neuch\u00e2tel)<\/strong><\/p>\t\t\t\t\t\t<\/div>\n\t\t\t\t<\/div>\n\t\t\t\t<div class=\"elementor-element elementor-element-c1ad5cb elementor-widget elementor-widget-text-editor\" data-id=\"c1ad5cb\" data-element_type=\"widget\" data-widget_type=\"text-editor.default\">\n\t\t\t\t<div class=\"elementor-widget-container\">\n\t\t\t\t\t\t\t<p>Pour demander l&#8217;extrait d&#8217;archives de votre montre Eberhard &amp; Co. cliquez sur &#8220;Demander extrait d&#8217;archives&#8221; puis renseigner les champs du formulaire d\u00e9di\u00e9.<\/p><p>La recherche dans les archives et la pr\u00e9paration du certificat n\u00e9cessitent un certain temps. Veuillez compter un d\u00e9lai de 30 jours ouvrables \u00e0 partir de la r\u00e9ception du paiement.<\/p>\t\t\t\t\t\t<\/div>\n\t\t\t\t<\/div>\n\t\t\t\t<div class=\"elementor-element elementor-element-dcc0ede elementor-widget elementor-widget-spacer\" data-id=\"dcc0ede\" data-element_type=\"widget\" data-widget_type=\"spacer.default\">\n\t\t\t\t<div class=\"elementor-widget-container\">\n\t\t\t\t\t<div class=\"elementor-spacer\">\n\t\t\t<div class=\"elementor-spacer-inner\"><\/div>\n\t\t<\/div>\n\t\t\t\t<\/div>\n\t\t\t\t<\/div>\n\t\t\t\t<div class=\"elementor-element elementor-element-e350a1f elementor-widget elementor-widget-button\" data-id=\"e350a1f\" data-element_type=\"widget\" data-widget_type=\"button.default\">\n\t\t\t\t<div class=\"elementor-widget-container\">\n\t\t\t\t\t<div class=\"elementor-button-wrapper\">\n\t\t\t<a class=\"elementor-button elementor-button-link elementor-size-sm\" href=\"\/fr\/richiedere-estratto\/\">\n\t\t\t\t\t\t<span class=\"elementor-button-content-wrapper\">\n\t\t\t\t\t\t<span class=\"elementor-button-icon\">\n\t\t\t\t<svg aria-hidden=\"true\" class=\"e-font-icon-svg e-fas-chevron-right\" viewBox=\"0 0 320 512\" xmlns=\"http:\/\/www.w3.org\/2000\/svg\"><path d=\"M285.476 272.971L91.132 467.314c-9.373 9.373-24.569 9.373-33.941 0l-22.667-22.667c-9.357-9.357-9.375-24.522-.04-33.901L188.505 256 34.484 101.255c-9.335-9.379-9.317-24.544.04-33.901l22.667-22.667c9.373-9.373 24.569-9.373 33.941 0L285.475 239.03c9.373 9.372 9.373 24.568.001 33.941z\"><\/path><\/svg>\t\t\t<\/span>\n\t\t\t\t\t\t\t\t\t<span class=\"elementor-button-text\">Demander Extrait d'archives<\/span>\n\t\t\t\t\t<\/span>\n\t\t\t\t\t<\/a>\n\t\t<\/div>\n\t\t\t\t<\/div>\n\t\t\t\t<\/div>\n\t\t\t\t<\/div>\n\t\t<div class=\"elementor-element elementor-element-3583018 e-con-full e-flex e-con e-child\" data-id=\"3583018\" data-element_type=\"container\">\n\t\t\t\t<div class=\"elementor-element elementor-element-d9debe2 elementor-widget elementor-widget-image\" data-id=\"d9debe2\" data-element_type=\"widget\" data-widget_type=\"image.default\">\n\t\t\t\t<div class=\"elementor-widget-container\">\n\t\t\t\t\t\t\t\t\t\t\t\t\t<img alt=\"\" fetchpriority=\"high\" decoding=\"async\" width=\"2048\" height=\"1365\" src=\"https:\/\/eberhard.ntyagency.net\/wp-content\/uploads\/2024\/07\/20190627-MAISON-DE-L-AIGLE-MUSEE-EBERHARD-OLIVIER-BORGOGNON-9.jpg\" class=\"attachment-full size-full wp-image-33221\" alt=\"\" srcset=\"https:\/\/eberhard.ntyagency.net\/wp-content\/uploads\/2024\/07\/20190627-MAISON-DE-L-AIGLE-MUSEE-EBERHARD-OLIVIER-BORGOGNON-9.jpg 2048w, https:\/\/eberhard.ntyagency.net\/wp-content\/uploads\/2024\/07\/20190627-MAISON-DE-L-AIGLE-MUSEE-EBERHARD-OLIVIER-BORGOGNON-9-300x200.jpg 300w, https:\/\/eberhard.ntyagency.net\/wp-content\/uploads\/2024\/07\/20190627-MAISON-DE-L-AIGLE-MUSEE-EBERHARD-OLIVIER-BORGOGNON-9-1024x683.jpg 1024w, https:\/\/eberhard.ntyagency.net\/wp-content\/uploads\/2024\/07\/20190627-MAISON-DE-L-AIGLE-MUSEE-EBERHARD-OLIVIER-BORGOGNON-9-768x512.jpg 768w, https:\/\/eberhard.ntyagency.net\/wp-content\/uploads\/2024\/07\/20190627-MAISON-DE-L-AIGLE-MUSEE-EBERHARD-OLIVIER-BORGOGNON-9-1536x1024.jpg 1536w, https:\/\/eberhard.ntyagency.net\/wp-content\/uploads\/2024\/07\/20190627-MAISON-DE-L-AIGLE-MUSEE-EBERHARD-OLIVIER-BORGOGNON-9-600x400.jpg 600w\" sizes=\"(max-width: 2048px) 100vw, 2048px\" \/>\t\t\t\t\t\t\t\t\t\t\t\t\t<\/div>\n\t\t\t\t<\/div>\n\t\t<div data-dce-background-color=\"#051940\" class=\"elementor-element elementor-element-904cb49 e-flex e-con-boxed e-con e-child\" data-id=\"904cb49\" data-element_type=\"container\" data-settings=\"{&quot;background_background&quot;:&quot;classic&quot;}\">\n\t\t\t\t\t<div class=\"e-con-inner\">\n\t\t\t\t<div class=\"elementor-element elementor-element-a1e1a4f elementor-widget elementor-widget-heading\" data-id=\"a1e1a4f\" data-element_type=\"widget\" data-widget_type=\"heading.default\">\n\t\t\t\t<div class=\"elementor-widget-container\">\n\t\t\t<h2 class=\"elementor-heading-title elementor-size-default\">ZONE R\u00c9SERV\u00c9E<\/h2>\t\t<\/div>\n\t\t\t\t<\/div>\n\t\t\t\t<div class=\"elementor-element elementor-element-2b44b93 elementor-widget elementor-widget-text-editor\" data-id=\"2b44b93\" data-element_type=\"widget\" data-widget_type=\"text-editor.default\">\n\t\t\t\t<div class=\"elementor-widget-container\">\n\t\t\t\t\t\t\t<p>Zone exclusivement r\u00e9serv\u00e9e aux distributeurs, agents et revendeurs officiels d\u2019Eberhard &amp; Co.<br \/>L&#8217;acc\u00e8s \u00e0 cette section est possible uniquement apr\u00e8s enregistrement.<br \/>Pour acc\u00e9der \u00e0 l\u2019espace r\u00e9serv\u00e9, ou poursuivre l&#8217;enregistrement, cliquez sur &#8220;Zone r\u00e9serv\u00e9e&#8221;.<\/p>\t\t\t\t\t\t<\/div>\n\t\t\t\t<\/div>\n\t\t\t\t<div class=\"elementor-element elementor-element-69af8e3 elementor-widget elementor-widget-text-editor\" data-id=\"69af8e3\" data-element_type=\"widget\" data-widget_type=\"text-editor.default\">\n\t\t\t\t<div class=\"elementor-widget-container\">\n\t\t\t\t\t\t\t<a style=\"color: #fff;\" href=\"\/fr\/area-riservata\/\">ZONE R\u00c9SERV\u00c9E &gt;<\/a>\t\t\t\t\t\t<\/div>\n\t\t\t\t<\/div>\n\t\t\t\t\t<\/div>\n\t\t\t\t<\/div>\n\t\t\t\t<\/div>\n\t\t\t\t\t<\/div>\n\t\t\t\t<\/div>\n\t\t\t\t<\/div>\n\t\t","protected":false},"excerpt":{"rendered":"<p>EXTRAIT DES ARCHIVES Vous pouvez demander l&#8217;extrait des archives contenant les donn\u00e9es principales des montres produites par Eberhard &amp; Co.L&#8217;extrait des archives peut uniquement \u00eatre d\u00e9livr\u00e9 pour les montres produites avant l\u2019an 2000. Le co\u00fbt du certificat est CHF 120.- \u00e0 payer par virement bancaire au moment de la demande : B\u00e9n\u00e9ficiaire: Eberhard &amp; Co [&hellip;]<\/p>\n","protected":false},"author":1,"featured_media":0,"parent":0,"menu_order":0,"comment_status":"closed","ping_status":"closed","template":"elementor_header_footer","meta":{"_acf_changed":false,"_seopress_robots_primary_cat":"","_seopress_titles_title":"","_seopress_titles_desc":"","_seopress_robots_index":"","inline_featured_image":false,"footnotes":""},"class_list":["post-37062","page","type-page","status-publish","hentry"],"acf":[],"yoast_head":"<!-- This site is optimized with the Yoast SEO plugin v23.9 - https:\/\/yoast.com\/wordpress\/plugins\/seo\/ -->\n<title>Service Client - Eberhard &amp; Co.<\/title>\n<meta name=\"description\" content=\"EXTRAIT DES ARCHIVES Vous pouvez demander l&#039;extrait des archives contenant les donn\u00e9es principales des montres produites par Eberhard &amp; Co.L&#039;extrait\" \/>\n<meta name=\"robots\" content=\"index, follow, max-snippet:-1, max-image-preview:large, max-video-preview:-1\" \/>\n<link rel=\"canonical\" href=\"https:\/\/eberhard.ntyagency.net\/fr\/service-client\/\" \/>\n<meta property=\"og:locale\" content=\"fr_FR\" \/>\n<meta property=\"og:type\" content=\"article\" \/>\n<meta property=\"og:title\" content=\"Service Client - Eberhard &amp; Co.\" \/>\n<meta property=\"og:description\" content=\"EXTRAIT DES ARCHIVES Vous pouvez demander l&#039;extrait des archives contenant les donn\u00e9es principales des montres produites par Eberhard &amp; Co.L&#039;extrait\" \/>\n<meta property=\"og:url\" content=\"https:\/\/eberhard.ntyagency.net\/fr\/service-client\/\" \/>\n<meta property=\"og:site_name\" content=\"Eberhard &amp; Co.\" \/>\n<meta property=\"article:modified_time\" content=\"2025-02-25T16:13:08+00:00\" \/>\n<meta property=\"og:image\" content=\"https:\/\/eberhard.ntyagency.net\/wp-content\/uploads\/2024\/07\/20190627-MAISON-DE-L-AIGLE-MUSEE-EBERHARD-OLIVIER-BORGOGNON-9.jpg\" \/>\n\t<meta property=\"og:image:width\" content=\"2048\" \/>\n\t<meta property=\"og:image:height\" content=\"1365\" \/>\n\t<meta property=\"og:image:type\" content=\"image\/jpeg\" \/>\n<meta name=\"twitter:card\" content=\"summary_large_image\" \/>\n<script type=\"application\/ld+json\" class=\"yoast-schema-graph\">{\"@context\":\"https:\/\/schema.org\",\"@graph\":[{\"@type\":\"WebPage\",\"@id\":\"https:\/\/eberhard.ntyagency.net\/fr\/service-client\/\",\"url\":\"https:\/\/eberhard.ntyagency.net\/fr\/service-client\/\",\"name\":\"Service Client - Eberhard &amp; Co.\",\"isPartOf\":{\"@id\":\"https:\/\/eberhard.ntyagency.net\/fr\/#website\"},\"primaryImageOfPage\":{\"@id\":\"https:\/\/eberhard.ntyagency.net\/fr\/service-client\/#primaryimage\"},\"image\":{\"@id\":\"https:\/\/eberhard.ntyagency.net\/fr\/service-client\/#primaryimage\"},\"thumbnailUrl\":\"https:\/\/eberhard.ntyagency.net\/wp-content\/uploads\/2024\/07\/20190627-MAISON-DE-L-AIGLE-MUSEE-EBERHARD-OLIVIER-BORGOGNON-9.jpg\",\"datePublished\":\"2024-04-12T09:36:06+00:00\",\"dateModified\":\"2025-02-25T16:13:08+00:00\",\"description\":\"EXTRAIT DES ARCHIVES Vous pouvez demander l'extrait des archives contenant les donn\u00e9es principales des montres produites par Eberhard &amp; Co.L'extrait\",\"inLanguage\":\"fr-FR\",\"potentialAction\":[{\"@type\":\"ReadAction\",\"target\":[\"https:\/\/eberhard.ntyagency.net\/fr\/service-client\/\"]}]},{\"@type\":\"ImageObject\",\"inLanguage\":\"fr-FR\",\"@id\":\"https:\/\/eberhard.ntyagency.net\/fr\/service-client\/#primaryimage\",\"url\":\"https:\/\/eberhard.ntyagency.net\/wp-content\/uploads\/2024\/07\/20190627-MAISON-DE-L-AIGLE-MUSEE-EBERHARD-OLIVIER-BORGOGNON-9.jpg\",\"contentUrl\":\"https:\/\/eberhard.ntyagency.net\/wp-content\/uploads\/2024\/07\/20190627-MAISON-DE-L-AIGLE-MUSEE-EBERHARD-OLIVIER-BORGOGNON-9.jpg\"},{\"@type\":\"WebSite\",\"@id\":\"https:\/\/eberhard.ntyagency.net\/fr\/#website\",\"url\":\"https:\/\/eberhard.ntyagency.net\/fr\/\",\"name\":\"Eberhard &amp; Co.\",\"description\":\"\",\"publisher\":{\"@id\":\"https:\/\/eberhard.ntyagency.net\/fr\/#organization\"},\"potentialAction\":[{\"@type\":\"SearchAction\",\"target\":{\"@type\":\"EntryPoint\",\"urlTemplate\":\"https:\/\/eberhard.ntyagency.net\/fr\/?s={search_term_string}\"},\"query-input\":{\"@type\":\"PropertyValueSpecification\",\"valueRequired\":true,\"valueName\":\"search_term_string\"}}],\"inLanguage\":\"fr-FR\"},{\"@type\":\"Organization\",\"@id\":\"https:\/\/eberhard.ntyagency.net\/fr\/#organization\",\"name\":\"Eberhard & Co. Watches\",\"url\":\"https:\/\/eberhard.ntyagency.net\/fr\/\",\"logo\":{\"@type\":\"ImageObject\",\"inLanguage\":\"fr-FR\",\"@id\":\"https:\/\/eberhard.ntyagency.net\/fr\/#\/schema\/logo\/image\/\",\"url\":\"\",\"contentUrl\":\"\",\"caption\":\"Eberhard & Co. Watches\"},\"image\":{\"@id\":\"https:\/\/eberhard.ntyagency.net\/fr\/#\/schema\/logo\/image\/\"}}]}<\/script>\n<!-- \/ Yoast SEO plugin. -->","yoast_head_json":{"title":"Service Client - Eberhard &amp; Co.","description":"EXTRAIT DES ARCHIVES Vous pouvez demander l'extrait des archives contenant les donn\u00e9es principales des montres produites par Eberhard &amp; Co.L'extrait","robots":{"index":"index","follow":"follow","max-snippet":"max-snippet:-1","max-image-preview":"max-image-preview:large","max-video-preview":"max-video-preview:-1"},"canonical":"https:\/\/eberhard.ntyagency.net\/fr\/service-client\/","og_locale":"fr_FR","og_type":"article","og_title":"Service Client - Eberhard &amp; Co.","og_description":"EXTRAIT DES ARCHIVES Vous pouvez demander l'extrait des archives contenant les donn\u00e9es principales des montres produites par Eberhard &amp; Co.L'extrait","og_url":"https:\/\/eberhard.ntyagency.net\/fr\/service-client\/","og_site_name":"Eberhard &amp; Co.","article_modified_time":"2025-02-25T16:13:08+00:00","og_image":[{"width":2048,"height":1365,"url":"https:\/\/eberhard.ntyagency.net\/wp-content\/uploads\/2024\/07\/20190627-MAISON-DE-L-AIGLE-MUSEE-EBERHARD-OLIVIER-BORGOGNON-9.jpg","type":"image\/jpeg"}],"twitter_card":"summary_large_image","schema":{"@context":"https:\/\/schema.org","@graph":[{"@type":"WebPage","@id":"https:\/\/eberhard.ntyagency.net\/fr\/service-client\/","url":"https:\/\/eberhard.ntyagency.net\/fr\/service-client\/","name":"Service Client - Eberhard &amp; Co.","isPartOf":{"@id":"https:\/\/eberhard.ntyagency.net\/fr\/#website"},"primaryImageOfPage":{"@id":"https:\/\/eberhard.ntyagency.net\/fr\/service-client\/#primaryimage"},"image":{"@id":"https:\/\/eberhard.ntyagency.net\/fr\/service-client\/#primaryimage"},"thumbnailUrl":"https:\/\/eberhard.ntyagency.net\/wp-content\/uploads\/2024\/07\/20190627-MAISON-DE-L-AIGLE-MUSEE-EBERHARD-OLIVIER-BORGOGNON-9.jpg","datePublished":"2024-04-12T09:36:06+00:00","dateModified":"2025-02-25T16:13:08+00:00","description":"EXTRAIT DES ARCHIVES Vous pouvez demander l'extrait des archives contenant les donn\u00e9es principales des montres produites par Eberhard &amp; Co.L'extrait","inLanguage":"fr-FR","potentialAction":[{"@type":"ReadAction","target":["https:\/\/eberhard.ntyagency.net\/fr\/service-client\/"]}]},{"@type":"ImageObject","inLanguage":"fr-FR","@id":"https:\/\/eberhard.ntyagency.net\/fr\/service-client\/#primaryimage","url":"https:\/\/eberhard.ntyagency.net\/wp-content\/uploads\/2024\/07\/20190627-MAISON-DE-L-AIGLE-MUSEE-EBERHARD-OLIVIER-BORGOGNON-9.jpg","contentUrl":"https:\/\/eberhard.ntyagency.net\/wp-content\/uploads\/2024\/07\/20190627-MAISON-DE-L-AIGLE-MUSEE-EBERHARD-OLIVIER-BORGOGNON-9.jpg"},{"@type":"WebSite","@id":"https:\/\/eberhard.ntyagency.net\/fr\/#website","url":"https:\/\/eberhard.ntyagency.net\/fr\/","name":"Eberhard &amp; Co.","description":"","publisher":{"@id":"https:\/\/eberhard.ntyagency.net\/fr\/#organization"},"potentialAction":[{"@type":"SearchAction","target":{"@type":"EntryPoint","urlTemplate":"https:\/\/eberhard.ntyagency.net\/fr\/?s={search_term_string}"},"query-input":{"@type":"PropertyValueSpecification","valueRequired":true,"valueName":"search_term_string"}}],"inLanguage":"fr-FR"},{"@type":"Organization","@id":"https:\/\/eberhard.ntyagency.net\/fr\/#organization","name":"Eberhard & Co. Watches","url":"https:\/\/eberhard.ntyagency.net\/fr\/","logo":{"@type":"ImageObject","inLanguage":"fr-FR","@id":"https:\/\/eberhard.ntyagency.net\/fr\/#\/schema\/logo\/image\/","url":"","contentUrl":"","caption":"Eberhard & Co. Watches"},"image":{"@id":"https:\/\/eberhard.ntyagency.net\/fr\/#\/schema\/logo\/image\/"}}]}},"_links":{"self":[{"href":"https:\/\/eberhard.ntyagency.net\/fr\/wp-json\/wp\/v2\/pages\/37062","targetHints":{"allow":["GET"]}}],"collection":[{"href":"https:\/\/eberhard.ntyagency.net\/fr\/wp-json\/wp\/v2\/pages"}],"about":[{"href":"https:\/\/eberhard.ntyagency.net\/fr\/wp-json\/wp\/v2\/types\/page"}],"author":[{"embeddable":true,"href":"https:\/\/eberhard.ntyagency.net\/fr\/wp-json\/wp\/v2\/users\/1"}],"replies":[{"embeddable":true,"href":"https:\/\/eberhard.ntyagency.net\/fr\/wp-json\/wp\/v2\/comments?post=37062"}],"version-history":[{"count":10,"href":"https:\/\/eberhard.ntyagency.net\/fr\/wp-json\/wp\/v2\/pages\/37062\/revisions"}],"predecessor-version":[{"id":51493,"href":"https:\/\/eberhard.ntyagency.net\/fr\/wp-json\/wp\/v2\/pages\/37062\/revisions\/51493"}],"wp:attachment":[{"href":"https:\/\/eberhard.ntyagency.net\/fr\/wp-json\/wp\/v2\/media?parent=37062"}],"curies":[{"name":"wp","href":"https:\/\/api.w.org\/{rel}","templated":true}]}}